{"id":2494,"date":"2021-06-24T11:59:38","date_gmt":"2021-06-24T11:59:38","guid":{"rendered":"https:\/\/ninetheme.com\/themes\/venam\/v1\/?page_id=2494"},"modified":"2025-12-16T09:27:37","modified_gmt":"2025-12-16T07:27:37","slug":"sazinaties","status":"publish","type":"page","link":"https:\/\/labispecialisti.lv\/en\/sazinaties\/","title":{"rendered":"Contact"},"content":{"rendered":"<div data-elementor-type=\"wp-page\" data-elementor-id=\"2494\" class=\"elementor elementor-2494\" data-elementor-post-type=\"page\">\n\t\t\t\t\t\t<div class=\"gap-extended elementor-section elementor-top-section elementor-element elementor-element-2e9b122 elementor-section-height-min-height elementor-section-content-middle sazinaties-banner elementor-section-boxed elementor-section-height-default elementor-section-items-middle\" data-id=\"2e9b122\" data-element_type=\"section\" data-e-type=\"section\" data-settings=\"{&quot;background_background&quot;:&quot;classic&quot;}\">\n\t\t\t\t\t\t\t<div class=\"elementor-background-overlay\"><\/div>\n\t\t\t\t\t\t\t<div class=\"elementor-container elementor-column-gap-extended\">\n\t\t\t\t\t<div class=\"elementor-column elementor-col-100 elementor-top-column elementor-element elementor-element-c6b16b7\" data-id=\"c6b16b7\" data-element_type=\"column\" data-e-type=\"column\">\n\t\t\t<div class=\"elementor-widget-wrap elementor-element-populated\">\n\t\t\t\t\t\t<div class=\"elementor-element elementor-element-9ad1cee venam-transform transform-type-translate elementor-widget elementor-widget-heading\" data-id=\"9ad1cee\" data-element_type=\"widget\" data-e-type=\"widget\" data-widget_type=\"heading.default\">\n\t\t\t\t\t<h2 class=\"elementor-heading-title elementor-size-default\">Contact us<\/h2>\t\t\t\t<\/div>\n\t\t\t\t\t<\/div>\n\t\t<\/div>\n\t\t\t\t\t<\/div>\n\t\t<\/div>\n\t\t\t\t<div class=\"gap-no elementor-section elementor-top-section elementor-element elementor-element-6952fdf nt-section section-padding pt-0 elementor-section-full_width elementor-section-height-default elementor-section-height-default\" data-id=\"6952fdf\" data-element_type=\"section\" data-e-type=\"section\" data-settings=\"{&quot;background_background&quot;:&quot;classic&quot;}\">\n\t\t\t\t\t\t<div class=\"elementor-container elementor-column-gap-no\">\n\t\t\t\t\t<div class=\"elementor-column elementor-col-100 elementor-top-column elementor-element elementor-element-1da7afe\" data-id=\"1da7afe\" data-element_type=\"column\" data-e-type=\"column\">\n\t\t\t<div class=\"elementor-widget-wrap elementor-element-populated\">\n\t\t\t\t\t\t<div class=\"gap-extended elementor-section elementor-inner-section elementor-element elementor-element-8970d9f elementor-hidden-tablet elementor-section-boxed elementor-section-height-default elementor-section-height-default\" data-id=\"8970d9f\" data-element_type=\"section\" data-e-type=\"section\">\n\t\t\t\t\t\t<div class=\"elementor-container elementor-column-gap-extended\">\n\t\t\t\t\t<div class=\"elementor-column elementor-col-33 elementor-inner-column elementor-element elementor-element-4f1355b\" data-id=\"4f1355b\" data-element_type=\"column\" data-e-type=\"column\">\n\t\t\t<div class=\"elementor-widget-wrap elementor-element-populated\">\n\t\t\t\t\t\t<div class=\"elementor-element elementor-element-101e0eb e-transform elementor-widget elementor-widget-venam-icon-box\" data-id=\"101e0eb\" data-element_type=\"widget\" data-e-type=\"widget\" data-settings=\"{&quot;_transform_scale_effect_hover&quot;:{&quot;unit&quot;:&quot;px&quot;,&quot;size&quot;:1.05,&quot;sizes&quot;:[]},&quot;_transform_scale_effect_hover_tablet&quot;:{&quot;unit&quot;:&quot;px&quot;,&quot;size&quot;:&quot;&quot;,&quot;sizes&quot;:[]},&quot;_transform_scale_effect_hover_mobile&quot;:{&quot;unit&quot;:&quot;px&quot;,&quot;size&quot;:&quot;&quot;,&quot;sizes&quot;:[]}}\" data-widget_type=\"venam-icon-box.default\">\n\t\t\t\t<div class=\"elementor-widget-container\">\n\t\t\t\t\t<div class=\"contact-info-box text-center\"><div class=\"contact-box-icon\"><i aria-hidden=\"true\" class=\"venam-icons flaticon-telephone\"><\/i><\/div><div class=\"contact-info-content\"><h5>Phone<\/h5><p><p>\u00a0<a href=\"tel:37128317593\">+371 28317593<\/a><\/p><p>\u00a0<\/p><\/p><\/div><\/div>\t\t\t\t<\/div>\n\t\t\t\t<\/div>\n\t\t\t\t\t<\/div>\n\t\t<\/div>\n\t\t\t\t<div class=\"elementor-column elementor-col-33 elementor-inner-column elementor-element elementor-element-de127cd\" data-id=\"de127cd\" data-element_type=\"column\" data-e-type=\"column\">\n\t\t\t<div class=\"elementor-widget-wrap elementor-element-populated\">\n\t\t\t\t\t\t<div class=\"elementor-element elementor-element-4b6f709 e-transform elementor-widget elementor-widget-venam-icon-box\" data-id=\"4b6f709\" data-element_type=\"widget\" data-e-type=\"widget\" data-settings=\"{&quot;_transform_scale_effect_hover&quot;:{&quot;unit&quot;:&quot;px&quot;,&quot;size&quot;:1.05,&quot;sizes&quot;:[]},&quot;_transform_scale_effect_hover_tablet&quot;:{&quot;unit&quot;:&quot;px&quot;,&quot;size&quot;:&quot;&quot;,&quot;sizes&quot;:[]},&quot;_transform_scale_effect_hover_mobile&quot;:{&quot;unit&quot;:&quot;px&quot;,&quot;size&quot;:&quot;&quot;,&quot;sizes&quot;:[]}}\" data-widget_type=\"venam-icon-box.default\">\n\t\t\t\t<div class=\"elementor-widget-container\">\n\t\t\t\t\t<div class=\"contact-info-box text-center\"><div class=\"contact-box-icon\"><i aria-hidden=\"true\" class=\"venam-icons flaticon-mail\"><\/i><\/div><div class=\"contact-info-content\"><h5>Our email\n<\/h5><p><p><a href=\"mailto:birojs@labispecialisti.lv\">birojs@labispecialisti.lv<\/a><\/p><p>\u00a0<\/p><\/p><\/div><\/div>\t\t\t\t<\/div>\n\t\t\t\t<\/div>\n\t\t\t\t\t<\/div>\n\t\t<\/div>\n\t\t\t\t<div class=\"elementor-column elementor-col-33 elementor-inner-column elementor-element elementor-element-de3d805\" data-id=\"de3d805\" data-element_type=\"column\" data-e-type=\"column\">\n\t\t\t<div class=\"elementor-widget-wrap elementor-element-populated\">\n\t\t\t\t\t\t<div class=\"elementor-element elementor-element-bf27246 e-transform elementor-widget elementor-widget-venam-icon-box\" data-id=\"bf27246\" data-element_type=\"widget\" data-e-type=\"widget\" data-settings=\"{&quot;_transform_scale_effect_hover&quot;:{&quot;unit&quot;:&quot;px&quot;,&quot;size&quot;:1.05,&quot;sizes&quot;:[]},&quot;_transform_scale_effect_hover_tablet&quot;:{&quot;unit&quot;:&quot;px&quot;,&quot;size&quot;:&quot;&quot;,&quot;sizes&quot;:[]},&quot;_transform_scale_effect_hover_mobile&quot;:{&quot;unit&quot;:&quot;px&quot;,&quot;size&quot;:&quot;&quot;,&quot;sizes&quot;:[]}}\" data-widget_type=\"venam-icon-box.default\">\n\t\t\t\t<div class=\"elementor-widget-container\">\n\t\t\t\t\t<div class=\"contact-info-box text-center\"><div class=\"contact-box-icon\"><i aria-hidden=\"true\" class=\"venam-icons flaticon-placeholder\"><\/i><\/div><div class=\"contact-info-content\"><h5>Our address<\/h5><p><p><a href=\"https:\/\/www.google.com\/maps\/place\/Melluu+iela+17,+Kurzemes+rajons,+Rga,+LV-1067\/@56.9634902,24.0173173,4470m\/data=!3m1!1e3!4m6!3m5!1s0x46eec54c25c9215f:0x684327ed9ffbf4c3!8m2!3d56.9655416!4d24.0275292!16sg11h1htr7nm?entry=ttu&amp;g_ep=EgoyMDI1MTEwNC4xIKXMDSoASAFQAw\" target=\"_blank\" rel=\"noopener\">Mellu\u017eu iela 17, <\/a><a href=\"https:\/\/www.google.com\/maps\/place\/Melluu+iela+17,+Kurzemes+rajons,+Rga,+LV-1067\/@56.9634902,24.0173173,4470m\/data=!3m1!1e3!4m6!3m5!1s0x46eec54c25c9215f:0x684327ed9ffbf4c3!8m2!3d56.9655416!4d24.0275292!16sg11h1htr7nm?entry=ttu&amp;g_ep=EgoyMDI1MTEwNC4xIKXMDSoASAFQAw\" target=\"_blank\" rel=\"noopener\">R\u012bga, <\/a><a href=\"https:\/\/www.google.com\/maps\/place\/Melluu+iela+17,+Kurzemes+rajons,+Rga,+LV-1067\/@56.9634902,24.0173173,4470m\/data=!3m1!1e3!4m6!3m5!1s0x46eec54c25c9215f:0x684327ed9ffbf4c3!8m2!3d56.9655416!4d24.0275292!16sg11h1htr7nm?entry=ttu&amp;g_ep=EgoyMDI1MTEwNC4xIKXMDSoASAFQAw\" target=\"_blank\" rel=\"noopener\">LV-1067<\/a><\/p><p><a href=\"https:\/\/www.google.com\/maps\/place\/Krija+Barona+iela+40,+Jelgava,+LV-3001\/@56.6519321,23.7153494,478m\/data=!3m2!1e3!4b1!4m6!3m5!1s0x46ef2548971b32bd:0x407f7080e3caa3e!8m2!3d56.6519292!4d23.7179243!16sg11xd38jn9z?entry=ttu&amp;g_ep=EgoyMDI1MTEwNS4wIKXMDSoASAFQAw\" target=\"_blank\" rel=\"noopener\">Kr. Barona iela 40, <\/a><a href=\"https:\/\/www.google.com\/maps\/place\/Krija+Barona+iela+40,+Jelgava,+LV-3001\/@56.6519321,23.7153494,478m\/data=!3m2!1e3!4b1!4m6!3m5!1s0x46ef2548971b32bd:0x407f7080e3caa3e!8m2!3d56.6519292!4d23.7179243!16sg11xd38jn9z?entry=ttu&amp;g_ep=EgoyMDI1MTEwNS4wIKXMDSoASAFQAw\" target=\"_blank\" rel=\"noopener\">Jelgava, <\/a><a href=\"https:\/\/www.google.com\/maps\/place\/Krija+Barona+iela+40,+Jelgava,+LV-3001\/@56.6519321,23.7153494,478m\/data=!3m2!1e3!4b1!4m6!3m5!1s0x46ef2548971b32bd:0x407f7080e3caa3e!8m2!3d56.6519292!4d23.7179243!16sg11xd38jn9z?entry=ttu&amp;g_ep=EgoyMDI1MTEwNS4wIKXMDSoASAFQAw\" target=\"_blank\" rel=\"noopener\">LV-3001<\/a><\/p><\/p><\/div><\/div>\t\t\t\t<\/div>\n\t\t\t\t<\/div>\n\t\t\t\t\t<\/div>\n\t\t<\/div>\n\t\t\t\t\t<\/div>\n\t\t<\/div>\n\t\t\t\t<div class=\"gap-extended elementor-section elementor-inner-section elementor-element elementor-element-77db541 elementor-hidden-desktop elementor-hidden-mobile elementor-section-boxed elementor-section-height-default elementor-section-height-default\" data-id=\"77db541\" data-element_type=\"section\" data-e-type=\"section\">\n\t\t\t\t\t\t<div class=\"elementor-container elementor-column-gap-extended\">\n\t\t\t\t\t<div class=\"elementor-column elementor-col-33 elementor-inner-column elementor-element elementor-element-d9c4e25\" data-id=\"d9c4e25\" data-element_type=\"column\" data-e-type=\"column\">\n\t\t\t<div class=\"elementor-widget-wrap elementor-element-populated\">\n\t\t\t\t\t\t<div class=\"elementor-element elementor-element-c26516d e-transform elementor-widget elementor-widget-venam-icon-box\" data-id=\"c26516d\" data-element_type=\"widget\" data-e-type=\"widget\" data-settings=\"{&quot;_transform_scale_effect_hover&quot;:{&quot;unit&quot;:&quot;px&quot;,&quot;size&quot;:1.05,&quot;sizes&quot;:[]},&quot;_transform_scale_effect_hover_tablet&quot;:{&quot;unit&quot;:&quot;px&quot;,&quot;size&quot;:&quot;&quot;,&quot;sizes&quot;:[]},&quot;_transform_scale_effect_hover_mobile&quot;:{&quot;unit&quot;:&quot;px&quot;,&quot;size&quot;:&quot;&quot;,&quot;sizes&quot;:[]}}\" data-widget_type=\"venam-icon-box.default\">\n\t\t\t\t<div class=\"elementor-widget-container\">\n\t\t\t\t\t<div class=\"contact-info-box text-center\"><div class=\"contact-box-icon\"><i aria-hidden=\"true\" class=\"venam-icons flaticon-telephone\"><\/i><\/div><div class=\"contact-info-content\"><h5>Phone<\/h5><p><p>\u00a0<\/p><p><a href=\"tel:37128317593\">+371 28317593<\/a><\/p><p>\u00a0<\/p><p>\u00a0<\/p><\/p><\/div><\/div>\t\t\t\t<\/div>\n\t\t\t\t<\/div>\n\t\t\t\t\t<\/div>\n\t\t<\/div>\n\t\t\t\t<div class=\"elementor-column elementor-col-33 elementor-inner-column elementor-element elementor-element-5621da9\" data-id=\"5621da9\" data-element_type=\"column\" data-e-type=\"column\">\n\t\t\t<div class=\"elementor-widget-wrap elementor-element-populated\">\n\t\t\t\t\t\t<div class=\"elementor-element elementor-element-afc7b47 e-transform elementor-widget elementor-widget-venam-icon-box\" data-id=\"afc7b47\" data-element_type=\"widget\" data-e-type=\"widget\" data-settings=\"{&quot;_transform_scale_effect_hover&quot;:{&quot;unit&quot;:&quot;px&quot;,&quot;size&quot;:1.05,&quot;sizes&quot;:[]},&quot;_transform_scale_effect_hover_tablet&quot;:{&quot;unit&quot;:&quot;px&quot;,&quot;size&quot;:&quot;&quot;,&quot;sizes&quot;:[]},&quot;_transform_scale_effect_hover_mobile&quot;:{&quot;unit&quot;:&quot;px&quot;,&quot;size&quot;:&quot;&quot;,&quot;sizes&quot;:[]}}\" data-widget_type=\"venam-icon-box.default\">\n\t\t\t\t<div class=\"elementor-widget-container\">\n\t\t\t\t\t<div class=\"contact-info-box text-center\"><div class=\"contact-box-icon\"><i aria-hidden=\"true\" class=\"venam-icons flaticon-mail\"><\/i><\/div><div class=\"contact-info-content\"><h5>Our e-mail<\/h5><p><p>\u00a0<\/p><p><a href=\"mailto:birojs@labispecialisti.lv\">birojs@labispecialisti.lv<\/a><\/p><p>\u00a0<\/p><p>\u00a0<\/p><\/p><\/div><\/div>\t\t\t\t<\/div>\n\t\t\t\t<\/div>\n\t\t\t\t\t<\/div>\n\t\t<\/div>\n\t\t\t\t<div class=\"elementor-column elementor-col-33 elementor-inner-column elementor-element elementor-element-c362787\" data-id=\"c362787\" data-element_type=\"column\" data-e-type=\"column\">\n\t\t\t<div class=\"elementor-widget-wrap elementor-element-populated\">\n\t\t\t\t\t\t<div class=\"elementor-element elementor-element-ffe4752 e-transform elementor-widget elementor-widget-venam-icon-box\" data-id=\"ffe4752\" data-element_type=\"widget\" data-e-type=\"widget\" data-settings=\"{&quot;_transform_scale_effect_hover&quot;:{&quot;unit&quot;:&quot;px&quot;,&quot;size&quot;:1.05,&quot;sizes&quot;:[]},&quot;_transform_scale_effect_hover_tablet&quot;:{&quot;unit&quot;:&quot;px&quot;,&quot;size&quot;:&quot;&quot;,&quot;sizes&quot;:[]},&quot;_transform_scale_effect_hover_mobile&quot;:{&quot;unit&quot;:&quot;px&quot;,&quot;size&quot;:&quot;&quot;,&quot;sizes&quot;:[]}}\" data-widget_type=\"venam-icon-box.default\">\n\t\t\t\t<div class=\"elementor-widget-container\">\n\t\t\t\t\t<div class=\"contact-info-box text-center\"><div class=\"contact-box-icon\"><i aria-hidden=\"true\" class=\"venam-icons flaticon-placeholder\"><\/i><\/div><div class=\"contact-info-content\"><h5>Our address<\/h5><p><p><a href=\"https:\/\/www.google.com\/maps\/place\/Melluu+iela+17,+Kurzemes+rajons,+Rga,+LV-1067\/@56.9634902,24.0173173,4470m\/data=!3m1!1e3!4m6!3m5!1s0x46eec54c25c9215f:0x684327ed9ffbf4c3!8m2!3d56.9655416!4d24.0275292!16sg11h1htr7nm?entry=ttu&amp;g_ep=EgoyMDI1MTEwNC4xIKXMDSoASAFQAw\" target=\"_blank\" rel=\"noopener\">Riga, Mellu\u017eu iela 17, LV-1067<\/a><\/p><p><a href=\"https:\/\/www.google.com\/maps\/place\/Krija+Barona+iela+40,+Jelgava,+LV-3001\/@56.6519321,23.7153494,478m\/data=!3m2!1e3!4b1!4m6!3m5!1s0x46ef2548971b32bd:0x407f7080e3caa3e!8m2!3d56.6519292!4d23.7179243!16sg11xd38jn9z?entry=ttu&amp;g_ep=EgoyMDI1MTEwNS4wIKXMDSoASAFQAw\" target=\"_blank\" rel=\"noopener\">Jelgava, Kr. Barona iela 40, LV-3001<\/a><\/p><\/p><\/div><\/div>\t\t\t\t<\/div>\n\t\t\t\t<\/div>\n\t\t\t\t\t<\/div>\n\t\t<\/div>\n\t\t\t\t\t<\/div>\n\t\t<\/div>\n\t\t\t\t<div class=\"gap-extended elementor-section elementor-inner-section elementor-element elementor-element-1cfa892 elementor-section-boxed elementor-section-height-default elementor-section-height-default\" data-id=\"1cfa892\" data-element_type=\"section\" data-e-type=\"section\">\n\t\t\t\t\t\t<div class=\"elementor-container elementor-column-gap-extended\">\n\t\t\t\t\t<div class=\"elementor-column elementor-col-100 elementor-inner-column elementor-element elementor-element-3afbe5c\" data-id=\"3afbe5c\" data-element_type=\"column\" data-e-type=\"column\">\n\t\t\t<div class=\"elementor-widget-wrap elementor-element-populated\">\n\t\t\t\t\t\t<div class=\"elementor-element elementor-element-c7ad460 elementor-widget__width-inherit elementor-widget elementor-widget-venam-section-heading\" data-id=\"c7ad460\" data-element_type=\"widget\" data-e-type=\"widget\" data-widget_type=\"venam-section-heading.default\">\n\t\t\t\t<div class=\"elementor-widget-container\">\n\t\t\t\t\t<div class=\"section-title hide-separator\"><span class=\"sub-title\">Contact<\/span><h2 class=\"title\">Send us a message<\/h2><\/div>\t\t\t\t<\/div>\n\t\t\t\t<\/div>\n\t\t\t\t<div class=\"elementor-element elementor-element-e9a4639 elementor-widget elementor-widget-venam-contact-form-7\" data-id=\"e9a4639\" data-element_type=\"widget\" data-e-type=\"widget\" data-widget_type=\"venam-contact-form-7.default\">\n\t\t\t\t<div class=\"elementor-widget-container\">\n\t\t\t\t\t<div class=\"nt-cf7-form-wrapper form_e9a4639\">\n<div class=\"wpcf7 no-js\" id=\"wpcf7-f1482-o1\" lang=\"en-US\" dir=\"ltr\" data-wpcf7-id=\"1482\">\n<div class=\"screen-reader-response\"><p role=\"status\" aria-live=\"polite\" aria-atomic=\"true\"><\/p> <ul><\/ul><\/div>\n<form action=\"\/en\/wp-json\/wp\/v2\/pages\/2494#wpcf7-f1482-o1\" method=\"post\" class=\"wpcf7-form init\" aria-label=\"Contact form\" novalidate=\"novalidate\" data-status=\"init\" data-trp-original-action=\"\/en\/wp-json\/wp\/v2\/pages\/2494#wpcf7-f1482-o1\">\n<fieldset class=\"hidden-fields-container\"><input type=\"hidden\" name=\"_wpcf7\" value=\"1482\" \/><input type=\"hidden\" name=\"_wpcf7_version\" value=\"6.1.5\" \/><input type=\"hidden\" name=\"_wpcf7_locale\" value=\"en_US\" \/><input type=\"hidden\" name=\"_wpcf7_unit_tag\" value=\"wpcf7-f1482-o1\" \/><input type=\"hidden\" name=\"_wpcf7_container_post\" value=\"0\" \/><input type=\"hidden\" name=\"_wpcf7_posted_data_hash\" value=\"\" \/><input type=\"hidden\" name=\"_wpcf7_recaptcha_response\" value=\"\" \/>\n<\/fieldset>\n<div class=\"contact-form\">\n\t<div class=\"row\">\n\t\t<div class=\"col-sm-6\">\n\t\t\t<div class=\"form-grp\">\n\t\t\t\t<p><span class=\"wpcf7-form-control-wrap\" data-name=\"first-name\"><input size=\"40\" maxlength=\"400\" class=\"wpcf7-form-control wpcf7-text wpcf7-validates-as-required\" aria-required=\"true\" aria-invalid=\"false\" placeholder=\"Name*\" value=\"\" type=\"text\" name=\"first-name\" \/><\/span><br \/>\n<i class=\"far fa-user\"><\/i>\n\t\t\t\t<\/p>\n\t\t\t<\/div>\n\t\t<\/div>\n\t\t<div class=\"col-sm-6\">\n\t\t\t<div class=\"form-grp\">\n\t\t\t\t<p><span class=\"wpcf7-form-control-wrap\" data-name=\"last-name\"><input size=\"40\" maxlength=\"400\" class=\"wpcf7-form-control wpcf7-text wpcf7-validates-as-required\" aria-required=\"true\" aria-invalid=\"false\" placeholder=\"Surname*\" value=\"\" type=\"text\" name=\"last-name\" \/><\/span><br \/>\n<i class=\"far fa-user\"><\/i>\n\t\t\t\t<\/p>\n\t\t\t<\/div>\n\t\t<\/div>\n\t\t<div class=\"col-sm-6\">\n\t\t\t<div class=\"form-grp\">\n\t\t\t\t<p><span class=\"wpcf7-form-control-wrap\" data-name=\"email\"><input size=\"40\" maxlength=\"400\" class=\"wpcf7-form-control wpcf7-email wpcf7-validates-as-required wpcf7-text wpcf7-validates-as-email\" aria-required=\"true\" aria-invalid=\"false\" placeholder=\"E-mail*\" value=\"\" type=\"email\" name=\"email\" \/><\/span><br \/>\n<i class=\"far fa-envelope\"><\/i>\n\t\t\t\t<\/p>\n\t\t\t<\/div>\n\t\t<\/div>\n\t\t<div class=\"col-sm-6\">\n\t\t\t<div class=\"form-grp\">\n\t\t\t\t<p><span class=\"wpcf7-form-control-wrap\" data-name=\"phone\"><input size=\"40\" maxlength=\"400\" class=\"wpcf7-form-control wpcf7-tel wpcf7-validates-as-required wpcf7-text wpcf7-validates-as-tel\" aria-required=\"true\" aria-invalid=\"false\" placeholder=\"Phone*\" value=\"\" type=\"tel\" name=\"phone\" \/><\/span><br \/>\n<i class=\"fas fa-mobile-alt\"><\/i>\n\t\t\t\t<\/p>\n\t\t\t<\/div>\n\t\t<\/div>\n\t<\/div>\n\t<p><span class=\"wpcf7-form-control-wrap\" data-name=\"message\"><textarea cols=\"40\" rows=\"10\" maxlength=\"2000\" class=\"wpcf7-form-control wpcf7-textarea\" aria-invalid=\"false\" placeholder=\"Message\" name=\"message\"><\/textarea><\/span><br \/>\n<button type=\"submit\" class=\"btn wpcf7-submit\">Send<\/button>\n\t<\/p>\n<\/div><div class=\"wpcf7-response-output\" aria-hidden=\"true\"><\/div>\n<input type=\"hidden\" name=\"trp-form-language\" value=\"en\"\/><\/form>\n<\/div>\n<\/div>\t\t\t\t<\/div>\n\t\t\t\t<\/div>\n\t\t\t\t\t<\/div>\n\t\t<\/div>\n\t\t\t\t\t<\/div>\n\t\t<\/div>\n\t\t\t\t\t<\/div>\n\t\t<\/div>\n\t\t\t\t\t<\/div>\n\t\t<\/div>\n\t\t<div class=\"elementor-element elementor-element-148a877 e-grid e-con-boxed e-con e-parent\" data-id=\"148a877\" data-element_type=\"container\" data-e-type=\"container\">\n\t\t\t\t\t<div class=\"e-con-inner\">\n\t\t\t\t<div class=\"elementor-element elementor-element-30036e9 elementor-widget elementor-widget-google_maps\" data-id=\"30036e9\" data-element_type=\"widget\" data-e-type=\"widget\" data-widget_type=\"google_maps.default\">\n\t\t\t\t\t\t\t<div class=\"elementor-custom-embed\">\n\t\t\t<iframe loading=\"lazy\"\n\t\t\t\t\tsrc=\"https:\/\/maps.google.com\/maps?q=%C2%A0R%C4%ABga%2C%20Mellu%C5%BEu%20iela%2017&#038;t=m&#038;z=16&#038;output=embed&#038;iwloc=near\"\n\t\t\t\t\ttitle=\"\u00a0R\u012bga, Mellu\u017eu iela 17\"\n\t\t\t\t\taria-label=\"\u00a0R\u012bga, Mellu\u017eu iela 17\"\n\t\t\t><\/iframe>\n\t\t<\/div>\n\t\t\t\t\t\t<\/div>\n\t\t\t\t<div class=\"elementor-element elementor-element-d74b639 elementor-widget elementor-widget-google_maps\" data-id=\"d74b639\" data-element_type=\"widget\" data-e-type=\"widget\" data-widget_type=\"google_maps.default\">\n\t\t\t\t\t\t\t<div class=\"elementor-custom-embed\">\n\t\t\t<iframe loading=\"lazy\"\n\t\t\t\t\tsrc=\"https:\/\/maps.google.com\/maps?q=Kr.%20Barona%20iela%2040%2C%20Jelgava&#038;t=m&#038;z=16&#038;output=embed&#038;iwloc=near\"\n\t\t\t\t\ttitle=\"Kr. Barona iela 40, Jelgava\"\n\t\t\t\t\taria-label=\"Kr. Barona iela 40, Jelgava\"\n\t\t\t><\/iframe>\n\t\t<\/div>\n\t\t\t\t\t\t<\/div>\n\t\t\t\t\t<\/div>\n\t\t\t\t<\/div>\n\t\t\t\t<\/div>","protected":false},"excerpt":{"rendered":"<p>Sazin\u0101ties AR MUMS T\u0101lrunis \u00a0+371 28317593 \u00a0 M\u016bsu e-pasts birojs@labispecialisti.lv \u00a0 M\u016bsu adrese Mellu\u017eu iela 17, R\u012bga, LV-1067 Kr. Barona iela 40, Jelgava, LV-3001 T\u0101lrunis \u00a0 +371 28317593 \u00a0 \u00a0 M\u016bsu E-pasts \u00a0 birojs@labispecialisti.lv \u00a0 \u00a0 M\u016bsu adrese R\u012bga, Mellu\u017eu iela 17, LV-1067 Jelgava, Kr. Barona iela 40, LV-3001 sazin\u0101ties Uzrakstiet mums S\u016bt\u012bt<\/p>","protected":false},"author":1,"featured_media":0,"parent":0,"menu_order":0,"comment_status":"closed","ping_status":"closed","template":"","meta":{"footnotes":""},"class_list":{"0":"post-2494","1":"page","2":"type-page","3":"status-publish","4":"hentry","5":"nt-post-class","6":"","7":"thumb-none","9":"excerpt-none"},"jetpack_sharing_enabled":true,"_links":{"self":[{"href":"https:\/\/labispecialisti.lv\/en\/wp-json\/wp\/v2\/pages\/2494","targetHints":{"allow":["GET"]}}],"collection":[{"href":"https:\/\/labispecialisti.lv\/en\/wp-json\/wp\/v2\/pages"}],"about":[{"href":"https:\/\/labispecialisti.lv\/en\/wp-json\/wp\/v2\/types\/page"}],"author":[{"embeddable":true,"href":"https:\/\/labispecialisti.lv\/en\/wp-json\/wp\/v2\/users\/1"}],"replies":[{"embeddable":true,"href":"https:\/\/labispecialisti.lv\/en\/wp-json\/wp\/v2\/comments?post=2494"}],"version-history":[{"count":5,"href":"https:\/\/labispecialisti.lv\/en\/wp-json\/wp\/v2\/pages\/2494\/revisions"}],"predecessor-version":[{"id":7454,"href":"https:\/\/labispecialisti.lv\/en\/wp-json\/wp\/v2\/pages\/2494\/revisions\/7454"}],"wp:attachment":[{"href":"https:\/\/labispecialisti.lv\/en\/wp-json\/wp\/v2\/media?parent=2494"}],"curies":[{"name":"wp","href":"https:\/\/api.w.org\/{rel}","templated":true}]}}