{"id":3035,"date":"2025-08-07T09:43:23","date_gmt":"2025-08-07T09:43:23","guid":{"rendered":"https:\/\/srv926590.hstgr.cloud\/?page_id=3035"},"modified":"2026-02-11T17:07:47","modified_gmt":"2026-02-11T15:07:47","slug":"sakums","status":"publish","type":"page","link":"https:\/\/labispecialisti.lv\/en\/","title":{"rendered":"Home"},"content":{"rendered":"<div data-elementor-type=\"wp-page\" data-elementor-id=\"3035\" class=\"elementor elementor-3035\" data-elementor-post-type=\"page\">\n\t\t\t\t<div class=\"elementor-element elementor-element-29d5fbe e-flex e-con-boxed e-con e-parent\" data-id=\"29d5fbe\" data-element_type=\"container\" data-e-type=\"container\">\n\t\t\t\t\t<div class=\"e-con-inner\">\n\t\t\t\t<div class=\"elementor-element elementor-element-83c6b53 elementor-widget__width-inherit elementor-widget-tablet__width-inherit elementor--h-position-center elementor--v-position-middle elementor-arrows-position-inside elementor-pagination-position-inside elementor-widget elementor-widget-slides\" data-id=\"83c6b53\" data-element_type=\"widget\" data-e-type=\"widget\" data-settings=\"{&quot;navigation&quot;:&quot;both&quot;,&quot;autoplay&quot;:&quot;yes&quot;,&quot;pause_on_hover&quot;:&quot;yes&quot;,&quot;pause_on_interaction&quot;:&quot;yes&quot;,&quot;autoplay_speed&quot;:5000,&quot;infinite&quot;:&quot;yes&quot;,&quot;transition&quot;:&quot;slide&quot;,&quot;transition_speed&quot;:500}\" data-widget_type=\"slides.default\">\n\t\t\t\t\t\t\t\t\t\t<div class=\"elementor-slides-wrapper elementor-main-swiper swiper\" role=\"region\" aria-roledescription=\"carousel\" aria-label=\"Slides\" dir=\"ltr\" data-animation=\"fadeInUp\">\n\t\t\t\t<div class=\"swiper-wrapper elementor-slides\">\n\t\t\t\t\t\t\t\t\t\t<div class=\"elementor-repeater-item-5cb2a9a swiper-slide\" role=\"group\" aria-roledescription=\"slide\"><div class=\"swiper-slide-bg\" role=\"img\" aria-label=\"Pakalp-Darba_aizsardziba\"><\/div><div class=\"elementor-background-overlay\"><\/div><a class=\"swiper-slide-inner\" href=\"https:\/\/labispecialisti.lv\/en\/darba-aizsardziba\/\"><div class=\"swiper-slide-contents\"><div class=\"elementor-slide-heading\">Labour protection<\/div><div class=\"elementor-slide-description\">The aim of occupational safety is to protect employees from injuries and harmful risk factors in the working environment<\/div><div  class=\"elementor-button elementor-slide-button elementor-size-sm\">Learn More<\/div><\/div><\/a><\/div><div class=\"elementor-repeater-item-a0fb5b0 swiper-slide\" role=\"group\" aria-roledescription=\"slide\"><div class=\"swiper-slide-bg\" role=\"img\" aria-label=\"Pakalp-Ugunsdrosiba\"><\/div><div class=\"elementor-background-overlay\"><\/div><a class=\"swiper-slide-inner\" href=\"https:\/\/labispecialisti.lv\/en\/ugunsdrosiba\/\"><div class=\"swiper-slide-contents\"><div class=\"elementor-slide-heading\">Fire safety<\/div><div class=\"elementor-slide-description\">We provide professional advice on fire safety issues, help to develop the necessary documents, evacuation plans, and the placement of safety signs<\/div><div  class=\"elementor-button elementor-slide-button elementor-size-sm\">Learn More<\/div><\/div><\/a><\/div><div class=\"elementor-repeater-item-7f1ce88 swiper-slide\" role=\"group\" aria-roledescription=\"slide\"><div class=\"swiper-slide-bg\" role=\"img\" aria-label=\"Pakalp_videsAizs\"><\/div><div class=\"elementor-background-overlay\"><\/div><a class=\"swiper-slide-inner\" href=\"https:\/\/labispecialisti.lv\/en\/vides-aizsardziba\/\"><div class=\"swiper-slide-contents\"><div class=\"elementor-slide-heading\">Environmental protection<\/div><div class=\"elementor-slide-description\">We offer practical solutions that help reduce environmental pollution risks to create a sustainable working environment<\/div><div  class=\"elementor-button elementor-slide-button elementor-size-sm\">Learn More<\/div><\/div><\/a><\/div><div class=\"elementor-repeater-item-abfacb1 swiper-slide\" role=\"group\" aria-roledescription=\"slide\"><div class=\"swiper-slide-bg\" role=\"img\" aria-label=\"Sakums\"><\/div><div class=\"elementor-background-overlay\"><\/div><a class=\"swiper-slide-inner\" href=\"https:\/\/labispecialisti.lv\/en\/product-category\/darba-aizsardziba\/\"><div class=\"swiper-slide-contents\"><div class=\"elementor-slide-heading\">E-Shop<\/div><div class=\"elementor-slide-description\">We offer samples of documents on occupational safety, fire safety, and personnel management, which have been compiled by industry professionals<\/div><div  class=\"elementor-button elementor-slide-button elementor-size-sm\">Shop<\/div><\/div><\/a><\/div><div class=\"elementor-repeater-item-431f232 swiper-slide\" role=\"group\" aria-roledescription=\"slide\"><div class=\"swiper-slide-bg\" role=\"img\" aria-label=\"Par_mums\"><\/div><div class=\"elementor-background-overlay\"><\/div><a class=\"swiper-slide-inner\" href=\"https:\/\/labispecialisti.lv\/en\/product-category\/produkti\/\"><div class=\"swiper-slide-contents\"><div class=\"elementor-slide-heading\">E-Shop<\/div><div class=\"elementor-slide-description\">Purchase various safety equipment to create and maintain an orderly working environment<\/div><div  class=\"elementor-button elementor-slide-button elementor-size-sm\">Shop<\/div><\/div><\/a><\/div>\t\t\t\t<\/div>\n\t\t\t\t\t\t\t\t\t\t\t\t\t\t\t<div class=\"elementor-swiper-button elementor-swiper-button-prev\" role=\"button\" tabindex=\"0\" aria-label=\"Previous slide\">\n\t\t\t\t\t\t\t<svg aria-hidden=\"true\" class=\"e-font-icon-svg e-eicon-chevron-left\" viewbox=\"0 0 1000 1000\" xmlns=\"http:\/\/www.w3.org\/2000\/svg\"><path d=\"M646 125C629 125 613 133 604 142L308 442C296 454 292 471 292 487 292 504 296 521 308 533L604 854C617 867 629 875 646 875 663 875 679 871 692 858 704 846 713 829 713 812 713 796 708 779 692 767L438 487 692 225C700 217 708 204 708 187 708 171 704 154 692 142 675 129 663 125 646 125Z\"><\/path><\/svg>\t\t\t\t\t\t<\/div>\n\t\t\t\t\t\t<div class=\"elementor-swiper-button elementor-swiper-button-next\" role=\"button\" tabindex=\"0\" aria-label=\"Next slide\">\n\t\t\t\t\t\t\t<svg aria-hidden=\"true\" class=\"e-font-icon-svg e-eicon-chevron-right\" viewbox=\"0 0 1000 1000\" xmlns=\"http:\/\/www.w3.org\/2000\/svg\"><path d=\"M696 533C708 521 713 504 713 487 713 471 708 454 696 446L400 146C388 133 375 125 354 125 338 125 325 129 313 142 300 154 292 171 292 187 292 204 296 221 308 233L563 492 304 771C292 783 288 800 288 817 288 833 296 850 308 863 321 871 338 875 354 875 371 875 388 867 400 854L696 533Z\"><\/path><\/svg>\t\t\t\t\t\t<\/div>\n\t\t\t\t\t\t\t\t\t\t\t\t\t\t\t\t<div class=\"swiper-pagination\"><\/div>\n\t\t\t\t\t\t\t\t\t\t\t\t<\/div>\n\t\t\t\t\t\t\t\t<\/div>\n\t\t\t\t\t<\/div>\n\t\t\t\t<\/div>\n\t\t\t\t<section class=\"gap-default elementor-section elementor-top-section elementor-element elementor-element-a517334 elementor-section-content-middle nt-section section-padding elementor-reverse-mobile elementor-section-boxed elementor-section-height-default elementor-section-height-default\" data-id=\"a517334\" data-element_type=\"section\" data-e-type=\"section\">\n\t\t\t\t\t\t<div class=\"elementor-container elementor-column-gap-default\">\n\t\t\t\t\t<div class=\"elementor-column elementor-col-50 elementor-top-column elementor-element elementor-element-2e0b1c6\" data-id=\"2e0b1c6\" data-element_type=\"column\" data-e-type=\"column\">\n\t\t\t<div class=\"elementor-widget-wrap elementor-element-populated\">\n\t\t\t\t\t\t<div class=\"elementor-element elementor-element-92b5fa6 venam-transform transform-type-translate elementor-widget elementor-widget-heading\" data-id=\"92b5fa6\" data-element_type=\"widget\" data-e-type=\"widget\" data-widget_type=\"heading.default\">\n\t\t\t\t\t<span class=\"elementor-heading-title elementor-size-default\">We offer professional and accountable solutions to labour protection and related issues.\n<\/span>\t\t\t\t<\/div>\n\t\t\t\t<div class=\"elementor-element elementor-element-d8ae0fe venam-transform transform-type-translate elementor-widget elementor-widget-heading\" data-id=\"d8ae0fe\" data-element_type=\"widget\" data-e-type=\"widget\" data-widget_type=\"heading.default\">\n\t\t\t\t\t<h3 class=\"elementor-heading-title elementor-size-default\">Safety starts with US!<\/h3>\t\t\t\t<\/div>\n\t\t\t\t<div class=\"elementor-element elementor-element-c3e6212 elementor-widget__width-initial venam-transform transform-type-translate elementor-widget elementor-widget-heading\" data-id=\"c3e6212\" data-element_type=\"widget\" data-e-type=\"widget\" data-widget_type=\"heading.default\">\n\t\t\t\t\t<p class=\"elementor-heading-title elementor-size-default\">Clarifying the requirements of occupational health, fire safety, environmental protection, ISO standards, preparing appropriate documentation, identifying and assessing risks and identifying mitigation measures - these and many other issues are a headache for businesses. <\/br><\/br>\n<b>We will ensure that these issues are addressed with our active participation and support, creating a secure environment for your company.<\/b><\/p>\t\t\t\t<\/div>\n\t\t\t\t\t<\/div>\n\t\t<\/div>\n\t\t\t\t<div class=\"elementor-column elementor-col-50 elementor-top-column elementor-element elementor-element-2c2dc08\" data-id=\"2c2dc08\" data-element_type=\"column\" data-e-type=\"column\">\n\t\t\t<div class=\"elementor-widget-wrap elementor-element-populated\">\n\t\t\t\t\t\t<div class=\"elementor-element elementor-element-f5df626 elementor-widget__width-initial elementor-widget elementor-widget-image\" data-id=\"f5df626\" data-element_type=\"widget\" data-e-type=\"widget\" data-widget_type=\"image.default\">\n\t\t\t\t\t\t\t\t\t\t\t\t\t\t\t<img fetchpriority=\"high\" decoding=\"async\" width=\"768\" height=\"512\" src=\"https:\/\/labispecialisti.lv\/wp-content\/uploads\/2025\/08\/Sakums-768x512.png\" class=\"attachment-medium_large size-medium_large wp-image-3222\" alt=\"\" srcset=\"https:\/\/labispecialisti.lv\/wp-content\/uploads\/2025\/08\/Sakums-768x512.png 768w, https:\/\/labispecialisti.lv\/wp-content\/uploads\/2025\/08\/Sakums-300x200.png 300w, https:\/\/labispecialisti.lv\/wp-content\/uploads\/2025\/08\/Sakums-1024x683.png 1024w, https:\/\/labispecialisti.lv\/wp-content\/uploads\/2025\/08\/Sakums-18x12.png 18w, https:\/\/labispecialisti.lv\/wp-content\/uploads\/2025\/08\/Sakums-1320x880.png 1320w, https:\/\/labispecialisti.lv\/wp-content\/uploads\/2025\/08\/Sakums-450x300.png 450w, https:\/\/labispecialisti.lv\/wp-content\/uploads\/2025\/08\/Sakums-980x653.png 980w, https:\/\/labispecialisti.lv\/wp-content\/uploads\/2025\/08\/Sakums.png 1536w\" sizes=\"(max-width: 768px) 100vw, 768px\" \/>\t\t\t\t\t\t\t\t\t\t\t\t\t\t\t<\/div>\n\t\t\t\t\t<\/div>\n\t\t<\/div>\n\t\t\t\t\t<\/div>\n\t\t<\/section>\n\t\t\t\t<section class=\"gap-default elementor-section elementor-top-section elementor-element elementor-element-745db9b nt-section section-padding pt-0 elementor-reverse-mobile elementor-section-boxed elementor-section-height-default elementor-section-height-default\" data-id=\"745db9b\" data-element_type=\"section\" data-e-type=\"section\" data-settings=\"{&quot;background_background&quot;:&quot;classic&quot;}\">\n\t\t\t\t\t\t<div class=\"elementor-container elementor-column-gap-default\">\n\t\t\t\t\t<div class=\"elementor-column elementor-col-100 elementor-top-column elementor-element elementor-element-6bb7111\" data-id=\"6bb7111\" data-element_type=\"column\" data-e-type=\"column\">\n\t\t\t<div class=\"elementor-widget-wrap elementor-element-populated\">\n\t\t\t\t\t\t<div class=\"elementor-element elementor-element-f72b735 venam-transform transform-type-translate elementor-widget elementor-widget-heading\" data-id=\"f72b735\" data-element_type=\"widget\" data-e-type=\"widget\" data-widget_type=\"heading.default\">\n\t\t\t\t\t<h3 class=\"elementor-heading-title elementor-size-default\">Our goals are:<\/h3>\t\t\t\t<\/div>\n\t\t<div class=\"elementor-element elementor-element-abb1e42 e-con-full e-flex e-con e-parent\" data-id=\"abb1e42\" data-element_type=\"container\" data-e-type=\"container\">\n\t\t<div class=\"elementor-element elementor-element-a54fd65 e-con-full e-flex e-con e-child\" data-id=\"a54fd65\" data-element_type=\"container\" data-e-type=\"container\">\n\t\t\t\t<div class=\"elementor-element elementor-element-5449611 elementor-position-inline-start elementor-widget__width-inherit elementor-view-default elementor-mobile-position-block-start elementor-widget elementor-widget-icon-box\" data-id=\"5449611\" data-element_type=\"widget\" data-e-type=\"widget\" id=\"icon-box-down\" data-widget_type=\"icon-box.default\">\n\t\t\t\t\t\t\t<div class=\"elementor-icon-box-wrapper\">\n\n\t\t\t\t\t\t<div class=\"elementor-icon-box-icon\">\n\t\t\t\t<span  class=\"elementor-icon\">\n\t\t\t\t<svg aria-hidden=\"true\" class=\"e-font-icon-svg e-fas-landmark\" viewbox=\"0 0 512 512\" xmlns=\"http:\/\/www.w3.org\/2000\/svg\"><path d=\"M501.62 92.11L267.24 2.04a31.958 31.958 0 0 0-22.47 0L10.38 92.11A16.001 16.001 0 0 0 0 107.09V144c0 8.84 7.16 16 16 16h480c8.84 0 16-7.16 16-16v-36.91c0-6.67-4.14-12.64-10.38-14.98zM64 192v160H48c-8.84 0-16 7.16-16 16v48h448v-48c0-8.84-7.16-16-16-16h-16V192h-64v160h-96V192h-64v160h-96V192H64zm432 256H16c-8.84 0-16 7.16-16 16v32c0 8.84 7.16 16 16 16h480c8.84 0 16-7.16 16-16v-32c0-8.84-7.16-16-16-16z\"><\/path><\/svg>\t\t\t\t<\/span>\n\t\t\t<\/div>\n\t\t\t\n\t\t\t\t\t\t<div class=\"elementor-icon-box-content\">\n\n\t\t\t\t\n\t\t\t\t\t\t\t\t\t<p class=\"elementor-icon-box-description\">\n\t\t\t\t\t\t<b>Educate <\/b> employers and employees, so that together we can create a safe and healthy working environment. We are committed to working together and balancing the opportunities of the company with the needs of employees. Only together can we make the working environment not only pleasant and comfortable, but also safe. \t\t\t\t\t<\/p>\n\t\t\t\t\n\t\t\t<\/div>\n\t\t\t\n\t\t<\/div>\n\t\t\t\t\t\t<\/div>\n\t\t\t\t<div class=\"elementor-element elementor-element-9f14627 elementor-position-inline-start elementor-widget__width-inherit elementor-view-default elementor-mobile-position-block-start elementor-widget elementor-widget-icon-box\" data-id=\"9f14627\" data-element_type=\"widget\" data-e-type=\"widget\" data-widget_type=\"icon-box.default\">\n\t\t\t\t\t\t\t<div class=\"elementor-icon-box-wrapper\">\n\n\t\t\t\t\t\t<div class=\"elementor-icon-box-icon\">\n\t\t\t\t<span  class=\"elementor-icon\">\n\t\t\t\t<i aria-hidden=\"true\" class=\"venam-icons flaticon-witness\"><\/i>\t\t\t\t<\/span>\n\t\t\t<\/div>\n\t\t\t\n\t\t\t\t\t\t<div class=\"elementor-icon-box-content\">\n\n\t\t\t\t\n\t\t\t\t\t\t\t\t\t<p class=\"elementor-icon-box-description\">\n\t\t\t\t\t\t<b>Inspire <\/b> the company and its' employees to minimise the negative impact on the environment. We teach simple ways to implement a sustainable environmental policy in your company.\t\t\t\t\t<\/p>\n\t\t\t\t\n\t\t\t<\/div>\n\t\t\t\n\t\t<\/div>\n\t\t\t\t\t\t<\/div>\n\t\t\t\t<\/div>\n\t\t<div class=\"elementor-element elementor-element-39c4192 e-con-full e-flex e-con e-child\" data-id=\"39c4192\" data-element_type=\"container\" data-e-type=\"container\">\n\t\t\t\t<div class=\"elementor-element elementor-element-54dd5c1 elementor-position-inline-start elementor-widget__width-inherit elementor-view-default elementor-mobile-position-block-start elementor-widget elementor-widget-icon-box\" data-id=\"54dd5c1\" data-element_type=\"widget\" data-e-type=\"widget\" id=\"icon-box-top\" data-widget_type=\"icon-box.default\">\n\t\t\t\t\t\t\t<div class=\"elementor-icon-box-wrapper\">\n\n\t\t\t\t\t\t<div class=\"elementor-icon-box-icon\">\n\t\t\t\t<span  class=\"elementor-icon\">\n\t\t\t\t<svg aria-hidden=\"true\" class=\"e-font-icon-svg e-fas-hand-holding\" viewbox=\"0 0 576 512\" xmlns=\"http:\/\/www.w3.org\/2000\/svg\"><path d=\"M565.3 328.1c-11.8-10.7-30.2-10-42.6 0L430.3 402c-11.3 9.1-25.4 14-40 14H272c-8.8 0-16-7.2-16-16s7.2-16 16-16h78.3c15.9 0 30.7-10.9 33.3-26.6 3.3-20-12.1-37.4-31.6-37.4H192c-27 0-53.1 9.3-74.1 26.3L71.4 384H16c-8.8 0-16 7.2-16 16v96c0 8.8 7.2 16 16 16h356.8c14.5 0 28.6-4.9 40-14L564 377c15.2-12.1 16.4-35.3 1.3-48.9z\"><\/path><\/svg>\t\t\t\t<\/span>\n\t\t\t<\/div>\n\t\t\t\n\t\t\t\t\t\t<div class=\"elementor-icon-box-content\">\n\n\t\t\t\t\n\t\t\t\t\t\t\t\t\t<p class=\"elementor-icon-box-description\">\n\t\t\t\t\t\t<b>Help <\/b> your company achieve and maintain internationally recognised ISO certification. We integrate the requirements of quality standards into your existing work processes.  We make the preparation and maintenance process easy to understand by training and consulting your company throughout the entire period, from creation to development.\t\t\t\t\t<\/p>\n\t\t\t\t\n\t\t\t<\/div>\n\t\t\t\n\t\t<\/div>\n\t\t\t\t\t\t<\/div>\n\t\t\t\t<div class=\"elementor-element elementor-element-29a42e3 elementor-position-inline-start elementor-widget__width-inherit elementor-view-default elementor-mobile-position-block-start elementor-widget elementor-widget-icon-box\" data-id=\"29a42e3\" data-element_type=\"widget\" data-e-type=\"widget\" id=\"icon-box-down2\" data-widget_type=\"icon-box.default\">\n\t\t\t\t\t\t\t<div class=\"elementor-icon-box-wrapper\">\n\n\t\t\t\t\t\t<div class=\"elementor-icon-box-icon\">\n\t\t\t\t<span  class=\"elementor-icon\">\n\t\t\t\t<svg aria-hidden=\"true\" class=\"e-font-icon-svg e-fas-fire-extinguisher\" viewbox=\"0 0 448 512\" xmlns=\"http:\/\/www.w3.org\/2000\/svg\"><path d=\"M434.027 26.329l-168 28C254.693 56.218 256 67.8 256 72h-58.332C208.353 36.108 181.446 0 144 0c-39.435 0-66.368 39.676-52.228 76.203-52.039 13.051-75.381 54.213-90.049 90.884-4.923 12.307 1.063 26.274 13.37 31.197 12.317 4.926 26.279-1.075 31.196-13.37C75.058 112.99 106.964 120 168 120v27.076c-41.543 10.862-72 49.235-72 94.129V488c0 13.255 10.745 24 24 24h144c13.255 0 24-10.745 24-24V240c0-44.731-30.596-82.312-72-92.97V120h40c0 2.974-1.703 15.716 10.027 17.671l168 28C441.342 166.89 448 161.25 448 153.834V38.166c0-7.416-6.658-13.056-13.973-11.837zM144 72c-8.822 0-16-7.178-16-16s7.178-16 16-16 16 7.178 16 16-7.178 16-16 16z\"><\/path><\/svg>\t\t\t\t<\/span>\n\t\t\t<\/div>\n\t\t\t\n\t\t\t\t\t\t<div class=\"elementor-icon-box-content\">\n\n\t\t\t\t\n\t\t\t\t\t\t\t\t\t<p class=\"elementor-icon-box-description\">\n\t\t\t\t\t\t<b>Organise <\/b>telpas un veikt apm\u0101c\u012bbas, lai l\u012bdz minimumam samazin\u0101tu ugunsgr\u0113ka izcel\u0161an\u0101s risku vai nelaimes gad\u012bjuma iesp\u0113jam\u012bbu. M\u0113s pal\u012bdzam izv\u0113l\u0113ties pareizos ugunsdz\u0113s\u012bbas l\u012bdzek\u013cus, kolekt\u012bvos un individu\u0101los aizsardz\u012bbas l\u012bdzek\u013cus un apm\u0101c\u0101m darbiniekus, lai tie ne tikai zin\u0101tu to pielieto\u0161anas m\u0113r\u0137i, bet ar\u012b praktiski m\u0101c\u0113tu tos izmantot gan ikdien\u0101, gan \u0101rk\u0101rtas situ\u0101cij\u0101s. \t\t\t\t\t<\/p>\n\t\t\t\t\n\t\t\t<\/div>\n\t\t\t\n\t\t<\/div>\n\t\t\t\t\t\t<\/div>\n\t\t\t\t<\/div>\n\t\t\t\t<\/div>\n\t\t\t\t\t<\/div>\n\t\t<\/div>\n\t\t\t\t\t<\/div>\n\t\t<\/section>\n\t\t<div class=\"elementor-element elementor-element-c1f9ca9 e-flex e-con-boxed e-con e-parent\" data-id=\"c1f9ca9\" data-element_type=\"container\" data-e-type=\"container\">\n\t\t\t\t\t<div class=\"e-con-inner\">\n\t\t\t\t\t<\/div>\n\t\t\t\t<\/div>\n\t\t\t\t<\/div>","protected":false},"excerpt":{"rendered":"<p>Darba aizsardz\u012bbaDarba aizsardz\u012bbas m\u0113r\u0137is ir pasarg\u0101t darbiniekus no traum\u0101m un kait\u012bgiem darba vides riska faktoriemUzzin\u0101t vair\u0101kUgunsdro\u0161\u012bbaM\u0113s nodro\u0161in\u0101m profesion\u0101las konsult\u0101cijas ugunsdro\u0161\u012bbas jaut\u0101jumos, pal\u012bdzam izstr\u0101d\u0101t nepiecie\u0161amos dokumentus, evaku\u0101cijas pl\u0101nus, dro\u0161\u012bbas z\u012bmju izvietojumuUzzin\u0101t vair\u0101kVides aizsardz\u012bbaM\u0113s pied\u0101v\u0101jam praktiskus risin\u0101jumus, kas pal\u012bdz mazin\u0101t vides pies\u0101r\u0146ojuma riskus, lai veidotu ilgtsp\u0113j\u012bgu darba vidiUzzin\u0101t vair\u0101kE-VeikalsM\u0113s pied\u0101v\u0101jam ieg\u0101d\u0101ties dokumentu paraugus darba aizsardz\u012bb\u0101, ugunsdro\u0161\u012bb\u0101, person\u0101lvad\u012bba,&#8230;<\/p>","protected":false},"author":1,"featured_media":0,"parent":0,"menu_order":0,"comment_status":"closed","ping_status":"closed","template":"","meta":{"footnotes":""},"class_list":{"0":"post-3035","1":"page","2":"type-page","3":"status-publish","4":"hentry","5":"nt-post-class","6":"","7":"thumb-none","9":"excerpt-none"},"jetpack_sharing_enabled":true,"_links":{"self":[{"href":"https:\/\/labispecialisti.lv\/en\/wp-json\/wp\/v2\/pages\/3035","targetHints":{"allow":["GET"]}}],"collection":[{"href":"https:\/\/labispecialisti.lv\/en\/wp-json\/wp\/v2\/pages"}],"about":[{"href":"https:\/\/labispecialisti.lv\/en\/wp-json\/wp\/v2\/types\/page"}],"author":[{"embeddable":true,"href":"https:\/\/labispecialisti.lv\/en\/wp-json\/wp\/v2\/users\/1"}],"replies":[{"embeddable":true,"href":"https:\/\/labispecialisti.lv\/en\/wp-json\/wp\/v2\/comments?post=3035"}],"version-history":[{"count":5,"href":"https:\/\/labispecialisti.lv\/en\/wp-json\/wp\/v2\/pages\/3035\/revisions"}],"predecessor-version":[{"id":7583,"href":"https:\/\/labispecialisti.lv\/en\/wp-json\/wp\/v2\/pages\/3035\/revisions\/7583"}],"wp:attachment":[{"href":"https:\/\/labispecialisti.lv\/en\/wp-json\/wp\/v2\/media?parent=3035"}],"curies":[{"name":"wp","href":"https:\/\/api.w.org\/{rel}","templated":true}]}}