{"id":3279,"date":"2025-08-11T06:38:14","date_gmt":"2025-08-11T06:38:14","guid":{"rendered":"https:\/\/srv926590.hstgr.cloud\/?page_id=3279"},"modified":"2025-12-09T15:01:08","modified_gmt":"2025-12-09T13:01:08","slug":"darba-aizsardziba","status":"publish","type":"page","link":"https:\/\/labispecialisti.lv\/en\/darba-aizsardziba\/","title":{"rendered":"Labour protection"},"content":{"rendered":"<div data-elementor-type=\"wp-page\" data-elementor-id=\"3279\" class=\"elementor elementor-3279\" data-elementor-post-type=\"page\">\n\t\t\t\t<div class=\"elementor-element elementor-element-0d4b24e e-flex e-con-boxed e-con e-parent\" data-id=\"0d4b24e\" data-element_type=\"container\" data-e-type=\"container\">\n\t\t\t\t\t<div class=\"e-con-inner\">\n\t\t\t\t<div class=\"elementor-element elementor-element-8cbfa9d elementor-widget__width-initial elementor-widget elementor-widget-image\" data-id=\"8cbfa9d\" data-element_type=\"widget\" data-e-type=\"widget\" data-widget_type=\"image.default\">\n\t\t\t\t\t\t\t\t\t\t\t\t\t\t\t<img fetchpriority=\"high\" decoding=\"async\" width=\"330\" height=\"368\" src=\"https:\/\/labispecialisti.lv\/wp-content\/uploads\/2025\/08\/darbaaizsardziba.png\" class=\"attachment-large size-large wp-image-3973\" alt=\"\" srcset=\"https:\/\/labispecialisti.lv\/wp-content\/uploads\/2025\/08\/darbaaizsardziba.png 330w, https:\/\/labispecialisti.lv\/wp-content\/uploads\/2025\/08\/darbaaizsardziba-269x300.png 269w, https:\/\/labispecialisti.lv\/wp-content\/uploads\/2025\/08\/darbaaizsardziba-11x12.png 11w\" sizes=\"(max-width: 330px) 100vw, 330px\" \/>\t\t\t\t\t\t\t\t\t\t\t\t\t\t\t<\/div>\n\t\t\t\t<div class=\"elementor-element elementor-element-1e0a45a venam-transform transform-type-translate elementor-widget elementor-widget-heading\" data-id=\"1e0a45a\" data-element_type=\"widget\" data-e-type=\"widget\" data-widget_type=\"heading.default\">\n\t\t\t\t\t<h3 class=\"elementor-heading-title elementor-size-default\">Labour protection<\/h3>\t\t\t\t<\/div>\n\t\t\t\t\t<\/div>\n\t\t\t\t<\/div>\n\t\t<div class=\"elementor-element elementor-element-18881c0 e-flex e-con-boxed e-con e-parent\" data-id=\"18881c0\" data-element_type=\"container\" data-e-type=\"container\">\n\t\t\t\t\t<div class=\"e-con-inner\">\n\t\t<div class=\"elementor-element elementor-element-d09480c e-con-full e-flex e-con e-child\" data-id=\"d09480c\" data-element_type=\"container\" data-e-type=\"container\">\n\t\t\t\t<div class=\"elementor-element elementor-element-335141b elementor-widget elementor-widget-text-editor\" data-id=\"335141b\" data-element_type=\"widget\" data-e-type=\"widget\" data-widget_type=\"text-editor.default\">\n\t\t\t\t\t\t\t\t\t<p>Occupational safety is important in every company, as it helps create a safe and non-hazardous working environment. Its goal is to protect employees from injuries and harmful environmental factors whose effects may not be immediately noticeable, but can lead to chronic illnesses in the future, as well as monitor employees\u2019 psychological well-being. A safe and healthy work environment increases productivity and helps improve work efficiency. Failure to comply with occupational safety requirements may result in fines, legal proceedings, and loss of reputation.<\/p><div class=\"elementor-element elementor-element-7e53c32 first-text elementor-widget__width-initial elementor-widget elementor-widget-text-editor\" data-id=\"7e53c32\" data-element_type=\"widget\" data-widget_type=\"text-editor.default\"><div class=\"p4-40401136fb6b-div\"><span class=\"p4-40401136fb6b-span p4-40401136fb6b-text001\">Occupational safety is essential for every company to ensure a safe and healthy <\/span><span class=\"p4-40401136fb6b-span p4-40401136fb6b-text001\">working environment. We offer professional advice and practical recommendations <\/span><span class=\"p4-40401136fb6b-span p4-40401136fb6b-text001\">for reducing risks in the working environment. <\/span><span class=\"p4-40401136fb6b-span p4-40401136fb6b-text001\">In addition, we offer the opportunity to purchase not only occupational safety instructions and <\/span><span class=\"p4-40401136fb6b-span p4-40401136fb6b-text001\">presentations, but also other necessary documents that ensure compliance with regulatory <\/span><span class=\"p4-40401136fb6b-span p4-40401136fb6b-text001\">requirements, as well as various safety equipment that helps to create a more orderly <\/span>working environment.<\/div><div class=\"p4-40401136fb6b-div\"><span class=\"p4-40401136fb6b-span p4-40401136fb6b-text001\">By using our services, you will not only comply with regulatory requirements, but also <\/span><span class=\"p4-40401136fb6b-span p4-40401136fb6b-text001\">protect your employees from potential accidents at work, reduce <\/span><span class=\"p4-40401136fb6b-span p4-40401136fb6b-text001\">the risk of occupational diseases, improve work efficiency, and reduce company risks and <\/span><span class=\"p4-40401136fb6b-span p4-40401136fb6b-text001\">possible penalties.<\/span><\/div><\/div>\t\t\t\t\t\t\t\t<\/div>\n\t\t\t\t<\/div>\n\t\t<div class=\"elementor-element elementor-element-3cc879e e-con-full e-flex e-con e-child\" data-id=\"3cc879e\" data-element_type=\"container\" data-e-type=\"container\">\n\t\t\t\t<div class=\"elementor-element elementor-element-e34c04e elementor-widget__width-initial elementor-widget elementor-widget-image\" data-id=\"e34c04e\" data-element_type=\"widget\" data-e-type=\"widget\" data-widget_type=\"image.default\">\n\t\t\t\t\t\t\t\t\t\t\t\t\t\t\t<img decoding=\"async\" width=\"960\" height=\"960\" src=\"https:\/\/labispecialisti.lv\/wp-content\/uploads\/2025\/08\/Pakalp-Darba_aizsardziba.png\" class=\"attachment-large size-large wp-image-3361\" alt=\"\" srcset=\"https:\/\/labispecialisti.lv\/wp-content\/uploads\/2025\/08\/Pakalp-Darba_aizsardziba.png 1024w, https:\/\/labispecialisti.lv\/wp-content\/uploads\/2025\/08\/Pakalp-Darba_aizsardziba-300x300.png 300w, https:\/\/labispecialisti.lv\/wp-content\/uploads\/2025\/08\/Pakalp-Darba_aizsardziba-150x150.png 150w, https:\/\/labispecialisti.lv\/wp-content\/uploads\/2025\/08\/Pakalp-Darba_aizsardziba-768x768.png 768w, https:\/\/labispecialisti.lv\/wp-content\/uploads\/2025\/08\/Pakalp-Darba_aizsardziba-12x12.png 12w, https:\/\/labispecialisti.lv\/wp-content\/uploads\/2025\/08\/Pakalp-Darba_aizsardziba-500x500.png 500w, https:\/\/labispecialisti.lv\/wp-content\/uploads\/2025\/08\/Pakalp-Darba_aizsardziba-750x750.png 750w, https:\/\/labispecialisti.lv\/wp-content\/uploads\/2025\/08\/Pakalp-Darba_aizsardziba-450x450.png 450w, https:\/\/labispecialisti.lv\/wp-content\/uploads\/2025\/08\/Pakalp-Darba_aizsardziba-980x980.png 980w, https:\/\/labispecialisti.lv\/wp-content\/uploads\/2025\/08\/Pakalp-Darba_aizsardziba-100x100.png 100w, https:\/\/labispecialisti.lv\/wp-content\/uploads\/2025\/08\/Pakalp-Darba_aizsardziba-600x600.png 600w, https:\/\/labispecialisti.lv\/wp-content\/uploads\/2025\/08\/Pakalp-Darba_aizsardziba-96x96.png 96w, https:\/\/labispecialisti.lv\/wp-content\/uploads\/2025\/08\/Pakalp-Darba_aizsardziba-460x460.png 460w\" sizes=\"(max-width: 960px) 100vw, 960px\" \/>\t\t\t\t\t\t\t\t\t\t\t\t\t\t\t<\/div>\n\t\t\t\t<\/div>\n\t\t<div class=\"elementor-element elementor-element-b63eecb e-con-full e-flex e-con e-child\" data-id=\"b63eecb\" data-element_type=\"container\" data-e-type=\"container\">\n\t\t<div class=\"elementor-element elementor-element-6b26a36 e-con-full e-flex e-con e-child\" data-id=\"6b26a36\" data-element_type=\"container\" data-e-type=\"container\">\n\t\t\t\t<div class=\"elementor-element elementor-element-da42112 venam-transform transform-type-translate elementor-widget elementor-widget-heading\" data-id=\"da42112\" data-element_type=\"widget\" data-e-type=\"widget\" data-widget_type=\"heading.default\">\n\t\t\t\t\t<h4 class=\"elementor-heading-title elementor-size-default\">We offer<\/h4>\t\t\t\t<\/div>\n\t\t\t\t<\/div>\n\t\t<div class=\"elementor-element elementor-element-69e43b8 e-con-full e-flex e-con e-child\" data-id=\"69e43b8\" data-element_type=\"container\" data-e-type=\"container\">\n\t\t<div class=\"elementor-element elementor-element-63771dc e-con-full e-flex e-con e-child\" data-id=\"63771dc\" data-element_type=\"container\" data-e-type=\"container\">\n\t\t\t\t<div class=\"elementor-element elementor-element-3e40e09 elementor-align-start elementor-widget__width-initial first-text elementor-icon-list--layout-traditional elementor-list-item-link-full_width elementor-widget elementor-widget-icon-list\" data-id=\"3e40e09\" data-element_type=\"widget\" data-e-type=\"widget\" data-widget_type=\"icon-list.default\">\n\t\t\t\t\t\t\t<ul class=\"elementor-icon-list-items\">\n\t\t\t\t\t\t\t<li class=\"elementor-icon-list-item\">\n\t\t\t\t\t\t\t\t\t\t\t<span class=\"elementor-icon-list-icon\">\n\t\t\t\t\t\t\t<i aria-hidden=\"true\" class=\"venam-icons flaticon-check\"><\/i>\t\t\t\t\t\t<\/span>\n\t\t\t\t\t\t\t\t\t\t<span class=\"elementor-icon-list-text\">Employee instruction and training<\/span>\n\t\t\t\t\t\t\t\t\t<\/li>\n\t\t\t\t\t\t\t\t<li class=\"elementor-icon-list-item\">\n\t\t\t\t\t\t\t\t\t\t\t<span class=\"elementor-icon-list-icon\">\n\t\t\t\t\t\t\t<i aria-hidden=\"true\" class=\"venam-icons flaticon-check\"><\/i>\t\t\t\t\t\t<\/span>\n\t\t\t\t\t\t\t\t\t\t<span class=\"elementor-icon-list-text\">Maintenance of the occupational safety system<\/span>\n\t\t\t\t\t\t\t\t\t<\/li>\n\t\t\t\t\t\t\t\t<li class=\"elementor-icon-list-item\">\n\t\t\t\t\t\t\t\t\t\t\t<span class=\"elementor-icon-list-icon\">\n\t\t\t\t\t\t\t<i aria-hidden=\"true\" class=\"venam-icons flaticon-check\"><\/i>\t\t\t\t\t\t<\/span>\n\t\t\t\t\t\t\t\t\t\t<span class=\"elementor-icon-list-text\">Regular inspection of workplaces and objects<\/span>\n\t\t\t\t\t\t\t\t\t<\/li>\n\t\t\t\t\t\t\t\t<li class=\"elementor-icon-list-item\">\n\t\t\t\t\t\t\t\t\t\t\t<span class=\"elementor-icon-list-icon\">\n\t\t\t\t\t\t\t<i aria-hidden=\"true\" class=\"venam-icons flaticon-check\"><\/i>\t\t\t\t\t\t<\/span>\n\t\t\t\t\t\t\t\t\t\t<span class=\"elementor-icon-list-text\">Representation of interests at the State Labour Inspectorate<\/span>\n\t\t\t\t\t\t\t\t\t<\/li>\n\t\t\t\t\t\t\t\t<li class=\"elementor-icon-list-item\">\n\t\t\t\t\t\t\t\t\t\t\t<span class=\"elementor-icon-list-icon\">\n\t\t\t\t\t\t\t<i aria-hidden=\"true\" class=\"venam-icons flaticon-check\"><\/i>\t\t\t\t\t\t<\/span>\n\t\t\t\t\t\t\t\t\t\t<span class=\"elementor-icon-list-text\">Investigation and analysis of accidents<\/span>\n\t\t\t\t\t\t\t\t\t<\/li>\n\t\t\t\t\t\t\t\t<li class=\"elementor-icon-list-item\">\n\t\t\t\t\t\t\t\t\t\t\t<span class=\"elementor-icon-list-icon\">\n\t\t\t\t\t\t\t<i aria-hidden=\"true\" class=\"venam-icons flaticon-check\"><\/i>\t\t\t\t\t\t<\/span>\n\t\t\t\t\t\t\t\t\t\t<span class=\"elementor-icon-list-text\">Audits and consultations of the occupational safety system<\/span>\n\t\t\t\t\t\t\t\t\t<\/li>\n\t\t\t\t\t\t<\/ul>\n\t\t\t\t\t\t<\/div>\n\t\t\t\t<\/div>\n\t\t<div class=\"elementor-element elementor-element-b3b129c e-con-full e-flex e-con e-child\" data-id=\"b3b129c\" data-element_type=\"container\" data-e-type=\"container\">\n\t\t\t\t<div class=\"elementor-element elementor-element-03ea793 elementor-widget__width-initial first-text elementor-align-start elementor-icon-list--layout-traditional elementor-list-item-link-full_width elementor-widget elementor-widget-icon-list\" data-id=\"03ea793\" data-element_type=\"widget\" data-e-type=\"widget\" data-widget_type=\"icon-list.default\">\n\t\t\t\t\t\t\t<ul class=\"elementor-icon-list-items\">\n\t\t\t\t\t\t\t<li class=\"elementor-icon-list-item\">\n\t\t\t\t\t\t\t\t\t\t\t<span class=\"elementor-icon-list-icon\">\n\t\t\t\t\t\t\t<i aria-hidden=\"true\" class=\"venam-icons flaticon-check\"><\/i>\t\t\t\t\t\t<\/span>\n\t\t\t\t\t\t\t\t\t\t<span class=\"elementor-icon-list-text\">Detailed assessment of workplace risk factors<\/span>\n\t\t\t\t\t\t\t\t\t<\/li>\n\t\t\t\t\t\t\t\t<li class=\"elementor-icon-list-item\">\n\t\t\t\t\t\t\t\t\t\t\t<span class=\"elementor-icon-list-icon\">\n\t\t\t\t\t\t\t<i aria-hidden=\"true\" class=\"venam-icons flaticon-check\"><\/i>\t\t\t\t\t\t<\/span>\n\t\t\t\t\t\t\t\t\t\t<span class=\"elementor-icon-list-text\">Development of an occupational safety action plan<\/span>\n\t\t\t\t\t\t\t\t\t<\/li>\n\t\t\t\t\t\t\t\t<li class=\"elementor-icon-list-item\">\n\t\t\t\t\t\t\t\t\t\t\t<span class=\"elementor-icon-list-icon\">\n\t\t\t\t\t\t\t<i aria-hidden=\"true\" class=\"venam-icons flaticon-check\"><\/i>\t\t\t\t\t\t<\/span>\n\t\t\t\t\t\t\t\t\t\t<span class=\"elementor-icon-list-text\">Development of occupational safety instructions<\/span>\n\t\t\t\t\t\t\t\t\t<\/li>\n\t\t\t\t\t\t\t\t<li class=\"elementor-icon-list-item\">\n\t\t\t\t\t\t\t\t\t\t\t<span class=\"elementor-icon-list-icon\">\n\t\t\t\t\t\t\t<i aria-hidden=\"true\" class=\"venam-icons flaticon-check\"><\/i>\t\t\t\t\t\t<\/span>\n\t\t\t\t\t\t\t\t\t\t<span class=\"elementor-icon-list-text\">Determination and preparation of mandatory health check assignments<\/span>\n\t\t\t\t\t\t\t\t\t<\/li>\n\t\t\t\t\t\t\t\t<li class=\"elementor-icon-list-item\">\n\t\t\t\t\t\t\t\t\t\t\t<span class=\"elementor-icon-list-icon\">\n\t\t\t\t\t\t\t<i aria-hidden=\"true\" class=\"venam-icons flaticon-check\"><\/i>\t\t\t\t\t\t<\/span>\n\t\t\t\t\t\t\t\t\t\t<span class=\"elementor-icon-list-text\">Determination and creation of a list of personal protective equipment<\/span>\n\t\t\t\t\t\t\t\t\t<\/li>\n\t\t\t\t\t\t\t\t<li class=\"elementor-icon-list-item\">\n\t\t\t\t\t\t\t\t\t\t\t<span class=\"elementor-icon-list-icon\">\n\t\t\t\t\t\t\t<i aria-hidden=\"true\" class=\"venam-icons flaticon-check\"><\/i>\t\t\t\t\t\t<\/span>\n\t\t\t\t\t\t\t\t\t\t<span class=\"elementor-icon-list-text\">Performing indicative measurements in the workplace<\/span>\n\t\t\t\t\t\t\t\t\t<\/li>\n\t\t\t\t\t\t<\/ul>\n\t\t\t\t\t\t<\/div>\n\t\t\t\t<\/div>\n\t\t\t\t<\/div>\n\t\t\t\t<\/div>\n\t\t\t\t\t<\/div>\n\t\t\t\t<\/div>\n\t\t<div class=\"elementor-element elementor-element-ea1fd19 e-flex e-con-boxed e-con e-parent\" data-id=\"ea1fd19\" data-element_type=\"container\" data-e-type=\"container\" data-settings=\"{&quot;background_background&quot;:&quot;classic&quot;}\">\n\t\t\t\t\t<div class=\"e-con-inner\">\n\t\t<div class=\"elementor-element elementor-element-b2d4386 e-con-full e-flex e-con e-child\" data-id=\"b2d4386\" data-element_type=\"container\" data-e-type=\"container\">\n\t\t\t\t<div class=\"elementor-element elementor-element-9945d30 venam-transform transform-type-translate elementor-widget elementor-widget-heading\" data-id=\"9945d30\" data-element_type=\"widget\" data-e-type=\"widget\" data-widget_type=\"heading.default\">\n\t\t\t\t\t<h4 class=\"elementor-heading-title elementor-size-default\">Why choose us?<\/h4>\t\t\t\t<\/div>\n\t\t\t\t<\/div>\n\t\t<div class=\"elementor-element elementor-element-98fe1c4 e-con-full e-flex e-con e-child\" data-id=\"98fe1c4\" data-element_type=\"container\" data-e-type=\"container\">\n\t\t<div class=\"elementor-element elementor-element-b635b87 e-con-full e-transform e-flex e-con e-child\" data-id=\"b635b87\" data-element_type=\"container\" data-e-type=\"container\" data-settings=\"{&quot;background_background&quot;:&quot;classic&quot;,&quot;_transform_scale_effect_hover&quot;:{&quot;unit&quot;:&quot;px&quot;,&quot;size&quot;:1.02,&quot;sizes&quot;:[]},&quot;_transform_scale_effect_hover_tablet&quot;:{&quot;unit&quot;:&quot;px&quot;,&quot;size&quot;:&quot;&quot;,&quot;sizes&quot;:[]},&quot;_transform_scale_effect_hover_mobile&quot;:{&quot;unit&quot;:&quot;px&quot;,&quot;size&quot;:&quot;&quot;,&quot;sizes&quot;:[]}}\">\n\t\t<div class=\"elementor-element elementor-element-9ab36fe e-con-full e-flex e-con e-child\" data-id=\"9ab36fe\" data-element_type=\"container\" data-e-type=\"container\">\n\t\t\t\t<div class=\"elementor-element elementor-element-d962dbe elementor-widget__width-auto service-icon elementor-view-default elementor-widget elementor-widget-icon\" data-id=\"d962dbe\" data-element_type=\"widget\" data-e-type=\"widget\" data-widget_type=\"icon.default\">\n\t\t\t\t\t\t\t<div class=\"elementor-icon-wrapper\">\n\t\t\t<div class=\"elementor-icon\">\n\t\t\t<svg aria-hidden=\"true\" class=\"e-font-icon-svg e-fas-check\" viewbox=\"0 0 512 512\" xmlns=\"http:\/\/www.w3.org\/2000\/svg\"><path d=\"M173.898 439.404l-166.4-166.4c-9.997-9.997-9.997-26.206 0-36.204l36.203-36.204c9.997-9.998 26.207-9.998 36.204 0L192 312.69 432.095 72.596c9.997-9.997 26.207-9.997 36.204 0l36.203 36.204c9.997 9.997 9.997 26.206 0 36.204l-294.4 294.401c-9.998 9.997-26.207 9.997-36.204-.001z\"><\/path><\/svg>\t\t\t<\/div>\n\t\t<\/div>\n\t\t\t\t\t\t<\/div>\n\t\t\t\t<\/div>\n\t\t\t\t<div class=\"elementor-element elementor-element-948aada elementor-widget__width-inherit text-pakalpojumi elementor-widget elementor-widget-text-editor\" data-id=\"948aada\" data-element_type=\"widget\" data-e-type=\"widget\" data-widget_type=\"text-editor.default\">\n\t\t\t\t\t\t\t\t\t<p>Experience<\/p>\t\t\t\t\t\t\t\t<\/div>\n\t\t<div class=\"elementor-element elementor-element-64b9425 e-con-full e-flex e-con e-child\" data-id=\"64b9425\" data-element_type=\"container\" data-e-type=\"container\">\n\t\t\t\t<div class=\"elementor-element elementor-element-ed42aa3 text-pakalpojumi elementor-widget elementor-widget-text-editor\" data-id=\"ed42aa3\" data-element_type=\"widget\" data-e-type=\"widget\" data-widget_type=\"text-editor.default\">\n\t\t\t\t\t\t\t\t\t<p>Our team consists of professionals who have obtained a master\u2019s degree in occupational safety and have more than 15 years of experience in this field.<\/p>\t\t\t\t\t\t\t\t<\/div>\n\t\t\t\t<\/div>\n\t\t\t\t<\/div>\n\t\t<div class=\"elementor-element elementor-element-ee7a75b e-con-full e-transform e-flex e-con e-child\" data-id=\"ee7a75b\" data-element_type=\"container\" data-e-type=\"container\" data-settings=\"{&quot;background_background&quot;:&quot;classic&quot;,&quot;_transform_scale_effect_hover&quot;:{&quot;unit&quot;:&quot;px&quot;,&quot;size&quot;:1.02,&quot;sizes&quot;:[]},&quot;_transform_scale_effect_hover_tablet&quot;:{&quot;unit&quot;:&quot;px&quot;,&quot;size&quot;:&quot;&quot;,&quot;sizes&quot;:[]},&quot;_transform_scale_effect_hover_mobile&quot;:{&quot;unit&quot;:&quot;px&quot;,&quot;size&quot;:&quot;&quot;,&quot;sizes&quot;:[]}}\">\n\t\t<div class=\"elementor-element elementor-element-5aae6e3 e-con-full e-flex e-con e-child\" data-id=\"5aae6e3\" data-element_type=\"container\" data-e-type=\"container\">\n\t\t\t\t<div class=\"elementor-element elementor-element-1a78ef5 elementor-widget__width-auto service-icon elementor-view-default elementor-widget elementor-widget-icon\" data-id=\"1a78ef5\" data-element_type=\"widget\" data-e-type=\"widget\" data-widget_type=\"icon.default\">\n\t\t\t\t\t\t\t<div class=\"elementor-icon-wrapper\">\n\t\t\t<div class=\"elementor-icon\">\n\t\t\t<svg aria-hidden=\"true\" class=\"e-font-icon-svg e-fas-search\" viewbox=\"0 0 512 512\" xmlns=\"http:\/\/www.w3.org\/2000\/svg\"><path d=\"M505 442.7L405.3 343c-4.5-4.5-10.6-7-17-7H372c27.6-35.3 44-79.7 44-128C416 93.1 322.9 0 208 0S0 93.1 0 208s93.1 208 208 208c48.3 0 92.7-16.4 128-44v16.3c0 6.4 2.5 12.5 7 17l99.7 99.7c9.4 9.4 24.6 9.4 33.9 0l28.3-28.3c9.4-9.4 9.4-24.6.1-34zM208 336c-70.7 0-128-57.2-128-128 0-70.7 57.2-128 128-128 70.7 0 128 57.2 128 128 0 70.7-57.2 128-128 128z\"><\/path><\/svg>\t\t\t<\/div>\n\t\t<\/div>\n\t\t\t\t\t\t<\/div>\n\t\t\t\t<\/div>\n\t\t\t\t<div class=\"elementor-element elementor-element-cb42851 elementor-widget__width-inherit text-pakalpojumi elementor-widget elementor-widget-text-editor\" data-id=\"cb42851\" data-element_type=\"widget\" data-e-type=\"widget\" data-widget_type=\"text-editor.default\">\n\t\t\t\t\t\t\t\t\t<p>Tailored solutions<\/p>\t\t\t\t\t\t\t\t<\/div>\n\t\t<div class=\"elementor-element elementor-element-1908619 e-con-full e-flex e-con e-child\" data-id=\"1908619\" data-element_type=\"container\" data-e-type=\"container\">\n\t\t\t\t<div class=\"elementor-element elementor-element-247f2fe text-pakalpojumi elementor-widget elementor-widget-text-editor\" data-id=\"247f2fe\" data-element_type=\"widget\" data-e-type=\"widget\" data-widget_type=\"text-editor.default\">\n\t\t\t\t\t\t\t\t\t<p>Every company is unique, which is why our offered solutions are individually tailored to meet your needs and the specific work processes of your company.<\/p>\t\t\t\t\t\t\t\t<\/div>\n\t\t\t\t<\/div>\n\t\t\t\t<\/div>\n\t\t<div class=\"elementor-element elementor-element-3198f0c e-con-full e-transform e-flex e-con e-child\" data-id=\"3198f0c\" data-element_type=\"container\" data-e-type=\"container\" data-settings=\"{&quot;background_background&quot;:&quot;classic&quot;,&quot;_transform_scale_effect_hover&quot;:{&quot;unit&quot;:&quot;px&quot;,&quot;size&quot;:1.02,&quot;sizes&quot;:[]},&quot;_transform_scale_effect_hover_tablet&quot;:{&quot;unit&quot;:&quot;px&quot;,&quot;size&quot;:&quot;&quot;,&quot;sizes&quot;:[]},&quot;_transform_scale_effect_hover_mobile&quot;:{&quot;unit&quot;:&quot;px&quot;,&quot;size&quot;:&quot;&quot;,&quot;sizes&quot;:[]}}\">\n\t\t<div class=\"elementor-element elementor-element-3e56742 e-con-full e-flex e-con e-child\" data-id=\"3e56742\" data-element_type=\"container\" data-e-type=\"container\">\n\t\t\t\t<div class=\"elementor-element elementor-element-a3dcd35 elementor-widget__width-auto service-icon elementor-view-default elementor-widget elementor-widget-icon\" data-id=\"a3dcd35\" data-element_type=\"widget\" data-e-type=\"widget\" data-widget_type=\"icon.default\">\n\t\t\t\t\t\t\t<div class=\"elementor-icon-wrapper\">\n\t\t\t<div class=\"elementor-icon\">\n\t\t\t<i aria-hidden=\"true\" class=\"venam-icons flaticon-grid\"><\/i>\t\t\t<\/div>\n\t\t<\/div>\n\t\t\t\t\t\t<\/div>\n\t\t\t\t<\/div>\n\t\t\t\t<div class=\"elementor-element elementor-element-6ecd47e elementor-widget__width-inherit text-pakalpojumi elementor-widget elementor-widget-text-editor\" data-id=\"6ecd47e\" data-element_type=\"widget\" data-e-type=\"widget\" data-widget_type=\"text-editor.default\">\n\t\t\t\t\t\t\t\t\t<p>Efficiency and savings<\/p>\t\t\t\t\t\t\t\t<\/div>\n\t\t<div class=\"elementor-element elementor-element-0d45af8 e-con-full e-flex e-con e-child\" data-id=\"0d45af8\" data-element_type=\"container\" data-e-type=\"container\">\n\t\t\t\t<div class=\"elementor-element elementor-element-86e6b7c text-pakalpojumi elementor-widget elementor-widget-text-editor\" data-id=\"86e6b7c\" data-element_type=\"widget\" data-e-type=\"widget\" data-widget_type=\"text-editor.default\">\n\t\t\t\t\t\t\t\t\t<p>Our service improves work efficiency, reduces workplace accident risks and accident-related costs. Investment in occupational safety pays off.<\/p>\t\t\t\t\t\t\t\t<\/div>\n\t\t\t\t<\/div>\n\t\t\t\t<\/div>\n\t\t\t\t<\/div>\n\t\t\t\t\t<\/div>\n\t\t\t\t<\/div>\n\t\t<div class=\"elementor-element elementor-element-7f21a70 e-flex e-con-boxed e-con e-parent\" data-id=\"7f21a70\" data-element_type=\"container\" data-e-type=\"container\" data-settings=\"{&quot;background_background&quot;:&quot;classic&quot;}\">\n\t\t\t\t\t<div class=\"e-con-inner\">\n\t\t\t\t<div class=\"elementor-element elementor-element-f7927b5 elementor-widget__width-initial cta-text elementor-widget elementor-widget-text-editor\" data-id=\"f7927b5\" data-element_type=\"widget\" data-e-type=\"widget\" data-widget_type=\"text-editor.default\">\n\t\t\t\t\t\t\t\t\t<p>Contact us to learn more and start taking care of your employees and your company\u2019s future today!<\/p>\t\t\t\t\t\t\t\t<\/div>\n\t\t\t\t<div class=\"elementor-element elementor-element-4a26e19 elementor-widget__width-initial elementor-widget-tablet__width-initial elementor-widget-mobile__width-initial elementor-align-center elementor-widget elementor-widget-button\" data-id=\"4a26e19\" data-element_type=\"widget\" data-e-type=\"widget\" data-widget_type=\"button.default\">\n\t\t\t\t\t\t\t\t\t\t<a class=\"elementor-button elementor-button-link elementor-size-sm\" href=\"https:\/\/labispecialisti.lv\/en\/?page_id=2494\">\n\t\t\t\t\t\t<span class=\"elementor-button-content-wrapper\">\n\t\t\t\t\t\t\t\t\t<span class=\"elementor-button-text\">Contact<\/span>\n\t\t\t\t\t<\/span>\n\t\t\t\t\t<\/a>\n\t\t\t\t\t\t\t\t<\/div>\n\t\t\t\t\t<\/div>\n\t\t\t\t<\/div>\n\t\t\t\t<\/div>","protected":false},"excerpt":{"rendered":"<p>Darba aizsardz\u012bba Darba aizsardz\u012bba ir svar\u012bga jebkur\u0101 uz\u0146\u0113mum\u0101, t\u0101 pal\u012bdz veidot dro\u0161u un nekait\u012bgu darba vidi. T\u0101s m\u0113r\u0137is ir pasarg\u0101t darbiniekus no traum\u0101m un kait\u012bgiem vides faktoriem, kuru iedarb\u012bbu nevar paman\u012bt uzreiz, bet var rad\u012bt hroniskas saslim\u0161anas v\u0113l\u0101k, k\u0101 ar\u012b uzrauga darbinieku psiholo\u0123isko labkl\u0101j\u012bbu. Dro\u0161a un vesel\u012bga darba vide paaugstina produktivit\u0101ti un pal\u012bdz uzlabot darba&#8230;<\/p>","protected":false},"author":1,"featured_media":0,"parent":0,"menu_order":0,"comment_status":"closed","ping_status":"closed","template":"","meta":{"footnotes":""},"class_list":{"0":"post-3279","1":"page","2":"type-page","3":"status-publish","4":"hentry","5":"nt-post-class","6":"","7":"thumb-none","9":"excerpt-none"},"jetpack_sharing_enabled":true,"_links":{"self":[{"href":"https:\/\/labispecialisti.lv\/en\/wp-json\/wp\/v2\/pages\/3279","targetHints":{"allow":["GET"]}}],"collection":[{"href":"https:\/\/labispecialisti.lv\/en\/wp-json\/wp\/v2\/pages"}],"about":[{"href":"https:\/\/labispecialisti.lv\/en\/wp-json\/wp\/v2\/types\/page"}],"author":[{"embeddable":true,"href":"https:\/\/labispecialisti.lv\/en\/wp-json\/wp\/v2\/users\/1"}],"replies":[{"embeddable":true,"href":"https:\/\/labispecialisti.lv\/en\/wp-json\/wp\/v2\/comments?post=3279"}],"version-history":[{"count":5,"href":"https:\/\/labispecialisti.lv\/en\/wp-json\/wp\/v2\/pages\/3279\/revisions"}],"predecessor-version":[{"id":7190,"href":"https:\/\/labispecialisti.lv\/en\/wp-json\/wp\/v2\/pages\/3279\/revisions\/7190"}],"wp:attachment":[{"href":"https:\/\/labispecialisti.lv\/en\/wp-json\/wp\/v2\/media?parent=3279"}],"curies":[{"name":"wp","href":"https:\/\/api.w.org\/{rel}","templated":true}]}}