{"id":3411,"date":"2025-08-11T09:48:03","date_gmt":"2025-08-11T09:48:03","guid":{"rendered":"https:\/\/srv926590.hstgr.cloud\/?page_id=3411"},"modified":"2025-11-25T11:40:42","modified_gmt":"2025-11-25T11:40:42","slug":"elsa","status":"publish","type":"page","link":"https:\/\/labispecialisti.lv\/en\/elsa\/","title":{"rendered":"ELSA"},"content":{"rendered":"<div data-elementor-type=\"wp-page\" data-elementor-id=\"3411\" class=\"elementor elementor-3411\" data-elementor-post-type=\"page\">\n\t\t\t\t<div class=\"elementor-element elementor-element-6f0688d e-flex e-con-boxed e-con e-parent\" data-id=\"6f0688d\" data-element_type=\"container\" data-e-type=\"container\">\n\t\t\t\t\t<div class=\"e-con-inner\">\n\t\t\t\t<div class=\"elementor-element elementor-element-259d9f7 elementor-widget__width-initial elementor-widget elementor-widget-image\" data-id=\"259d9f7\" data-element_type=\"widget\" data-e-type=\"widget\" data-widget_type=\"image.default\">\n\t\t\t\t\t\t\t\t\t\t\t\t\t\t\t<img fetchpriority=\"high\" decoding=\"async\" width=\"722\" height=\"345\" src=\"https:\/\/labispecialisti.lv\/wp-content\/uploads\/2025\/08\/elsa-logo.png\" class=\"attachment-large size-large wp-image-4120\" alt=\"\" srcset=\"https:\/\/labispecialisti.lv\/wp-content\/uploads\/2025\/08\/elsa-logo.png 722w, https:\/\/labispecialisti.lv\/wp-content\/uploads\/2025\/08\/elsa-logo-300x143.png 300w, https:\/\/labispecialisti.lv\/wp-content\/uploads\/2025\/08\/elsa-logo-18x9.png 18w, https:\/\/labispecialisti.lv\/wp-content\/uploads\/2025\/08\/elsa-logo-450x215.png 450w\" sizes=\"(max-width: 722px) 100vw, 722px\" \/>\t\t\t\t\t\t\t\t\t\t\t\t\t\t\t<\/div>\n\t\t\t\t<div class=\"elementor-element elementor-element-d2facd3 venam-transform transform-type-translate elementor-widget elementor-widget-heading\" data-id=\"d2facd3\" data-element_type=\"widget\" data-e-type=\"widget\" data-widget_type=\"heading.default\">\n\t\t\t\t\t<h3 class=\"elementor-heading-title elementor-size-default\">ELSA<\/h3>\t\t\t\t<\/div>\n\t\t\t\t\t<\/div>\n\t\t\t\t<\/div>\n\t\t<div class=\"elementor-element elementor-element-ef7c8a1 e-flex e-con-boxed e-con e-parent\" data-id=\"ef7c8a1\" data-element_type=\"container\" data-e-type=\"container\">\n\t\t\t\t\t<div class=\"e-con-inner\">\n\t\t<div class=\"elementor-element elementor-element-b224b8d e-con-full e-flex e-con e-child\" data-id=\"b224b8d\" data-element_type=\"container\" data-e-type=\"container\">\n\t\t\t\t<div class=\"elementor-element elementor-element-5a85f00 elementor-widget elementor-widget-text-editor\" data-id=\"5a85f00\" data-element_type=\"widget\" data-e-type=\"widget\" data-widget_type=\"text-editor.default\">\n\t\t\t\t\t\t\t\t\t<div class=\"elementor-element elementor-element-dc1d97e first-text elementor-widget__width-initial elementor-widget elementor-widget-text-editor\" data-id=\"dc1d97e\" data-element_type=\"widget\" data-widget_type=\"text-editor.default\"><div class=\"elementor-element elementor-element-dc1d97e first-text elementor-widget__width-initial elementor-widget elementor-widget-text-editor\" data-id=\"dc1d97e\" data-element_type=\"widget\" data-widget_type=\"text-editor.default\"><p>ELSA is an online occupational safety tool that includes the possibility to conduct electronic workplace safety and fire safety instructions, knowledge tests, and organize other types of electronic training. It allows generating mandatory health cards for employees, ensuring periodic control, as well as electronic storage of all required occupational and fire safety documents, guaranteeing access for each user according to their needs.<\/p><\/div><\/div>\t\t\t\t\t\t\t\t<\/div>\n\t\t\t\t<div class=\"elementor-element elementor-element-bcf27e2 elementor-widget__width-initial elementor-widget-tablet__width-initial elementor-widget-mobile__width-initial elementor-align-center elementor-widget elementor-widget-button\" data-id=\"bcf27e2\" data-element_type=\"widget\" data-e-type=\"widget\" data-widget_type=\"button.default\">\n\t\t\t\t\t\t\t\t\t\t<a class=\"elementor-button elementor-button-link elementor-size-sm\" href=\"https:\/\/elsa.lv\/\" target=\"_blank\" rel=\"noopener\">\n\t\t\t\t\t\t<span class=\"elementor-button-content-wrapper\">\n\t\t\t\t\t\t\t\t\t<span class=\"elementor-button-text\">Log In<\/span>\n\t\t\t\t\t<\/span>\n\t\t\t\t\t<\/a>\n\t\t\t\t\t\t\t\t<\/div>\n\t\t\t\t<\/div>\n\t\t<div class=\"elementor-element elementor-element-85659ad e-con-full e-flex e-con e-child\" data-id=\"85659ad\" data-element_type=\"container\" data-e-type=\"container\">\n\t\t\t\t<div class=\"elementor-element elementor-element-5c0cfd0 elementor-widget__width-initial elementor-widget elementor-widget-image\" data-id=\"5c0cfd0\" data-element_type=\"widget\" data-e-type=\"widget\" data-widget_type=\"image.default\">\n\t\t\t\t\t\t\t\t\t\t\t\t\t\t\t<img decoding=\"async\" width=\"960\" height=\"960\" src=\"https:\/\/labispecialisti.lv\/wp-content\/uploads\/2025\/08\/Pakalp_ELSA.png\" class=\"attachment-large size-large wp-image-3416\" alt=\"\" srcset=\"https:\/\/labispecialisti.lv\/wp-content\/uploads\/2025\/08\/Pakalp_ELSA.png 1024w, https:\/\/labispecialisti.lv\/wp-content\/uploads\/2025\/08\/Pakalp_ELSA-300x300.png 300w, https:\/\/labispecialisti.lv\/wp-content\/uploads\/2025\/08\/Pakalp_ELSA-150x150.png 150w, https:\/\/labispecialisti.lv\/wp-content\/uploads\/2025\/08\/Pakalp_ELSA-768x768.png 768w, https:\/\/labispecialisti.lv\/wp-content\/uploads\/2025\/08\/Pakalp_ELSA-12x12.png 12w, https:\/\/labispecialisti.lv\/wp-content\/uploads\/2025\/08\/Pakalp_ELSA-500x500.png 500w, https:\/\/labispecialisti.lv\/wp-content\/uploads\/2025\/08\/Pakalp_ELSA-750x750.png 750w, https:\/\/labispecialisti.lv\/wp-content\/uploads\/2025\/08\/Pakalp_ELSA-450x450.png 450w, https:\/\/labispecialisti.lv\/wp-content\/uploads\/2025\/08\/Pakalp_ELSA-980x980.png 980w, https:\/\/labispecialisti.lv\/wp-content\/uploads\/2025\/08\/Pakalp_ELSA-100x100.png 100w, https:\/\/labispecialisti.lv\/wp-content\/uploads\/2025\/08\/Pakalp_ELSA-600x600.png 600w, https:\/\/labispecialisti.lv\/wp-content\/uploads\/2025\/08\/Pakalp_ELSA-96x96.png 96w, https:\/\/labispecialisti.lv\/wp-content\/uploads\/2025\/08\/Pakalp_ELSA-460x460.png 460w\" sizes=\"(max-width: 960px) 100vw, 960px\" \/>\t\t\t\t\t\t\t\t\t\t\t\t\t\t\t<\/div>\n\t\t\t\t<\/div>\n\t\t<div class=\"elementor-element elementor-element-6bee956 e-con-full e-flex e-con e-child\" data-id=\"6bee956\" data-element_type=\"container\" data-e-type=\"container\">\n\t\t<div class=\"elementor-element elementor-element-8b99a57 e-con-full e-flex e-con e-child\" data-id=\"8b99a57\" data-element_type=\"container\" data-e-type=\"container\">\n\t\t\t\t<div class=\"elementor-element elementor-element-99b75db venam-transform transform-type-translate elementor-widget elementor-widget-heading\" data-id=\"99b75db\" data-element_type=\"widget\" data-e-type=\"widget\" data-widget_type=\"heading.default\">\n\t\t\t\t\t<h4 class=\"elementor-heading-title elementor-size-default\">We offer<\/h4>\t\t\t\t<\/div>\n\t\t\t\t<\/div>\n\t\t<div class=\"elementor-element elementor-element-b600e15 e-con-full e-flex e-con e-child\" data-id=\"b600e15\" data-element_type=\"container\" data-e-type=\"container\">\n\t\t<div class=\"elementor-element elementor-element-b5fda73 e-con-full e-flex e-con e-child\" data-id=\"b5fda73\" data-element_type=\"container\" data-e-type=\"container\">\n\t\t\t\t<div class=\"elementor-element elementor-element-a60c0f4 elementor-align-start elementor-widget__width-initial first-text elementor-icon-list--layout-traditional elementor-list-item-link-full_width elementor-widget elementor-widget-icon-list\" data-id=\"a60c0f4\" data-element_type=\"widget\" data-e-type=\"widget\" data-widget_type=\"icon-list.default\">\n\t\t\t\t\t\t\t<ul class=\"elementor-icon-list-items\">\n\t\t\t\t\t\t\t<li class=\"elementor-icon-list-item\">\n\t\t\t\t\t\t\t\t\t\t\t<span class=\"elementor-icon-list-icon\">\n\t\t\t\t\t\t\t<i aria-hidden=\"true\" class=\"venam-icons flaticon-check\"><\/i>\t\t\t\t\t\t<\/span>\n\t\t\t\t\t\t\t\t\t\t<span class=\"elementor-icon-list-text\"> Modern and effective solutions that help improve employees\u2019 knowledge about workplace safety and health, while optimizing the training process in your company<\/span>\n\t\t\t\t\t\t\t\t\t<\/li>\n\t\t\t\t\t\t\t\t<li class=\"elementor-icon-list-item\">\n\t\t\t\t\t\t\t\t\t\t\t<span class=\"elementor-icon-list-icon\">\n\t\t\t\t\t\t\t<i aria-hidden=\"true\" class=\"venam-icons flaticon-check\"><\/i>\t\t\t\t\t\t<\/span>\n\t\t\t\t\t\t\t\t\t\t<span class=\"elementor-icon-list-text\"> Intuitive and easily accessible platform on any device<\/span>\n\t\t\t\t\t\t\t\t\t<\/li>\n\t\t\t\t\t\t<\/ul>\n\t\t\t\t\t\t<\/div>\n\t\t\t\t<\/div>\n\t\t<div class=\"elementor-element elementor-element-9935cf1 e-con-full e-flex e-con e-child\" data-id=\"9935cf1\" data-element_type=\"container\" data-e-type=\"container\">\n\t\t\t\t<div class=\"elementor-element elementor-element-8729f97 elementor-widget__width-initial first-text elementor-align-start elementor-icon-list--layout-traditional elementor-list-item-link-full_width elementor-widget elementor-widget-icon-list\" data-id=\"8729f97\" data-element_type=\"widget\" data-e-type=\"widget\" data-widget_type=\"icon-list.default\">\n\t\t\t\t\t\t\t<ul class=\"elementor-icon-list-items\">\n\t\t\t\t\t\t\t<li class=\"elementor-icon-list-item\">\n\t\t\t\t\t\t\t\t\t\t\t<span class=\"elementor-icon-list-icon\">\n\t\t\t\t\t\t\t<i aria-hidden=\"true\" class=\"venam-icons flaticon-check\"><\/i>\t\t\t\t\t\t<\/span>\n\t\t\t\t\t\t\t\t\t\t<span class=\"elementor-icon-list-text\">Digital learning materials and knowledge tests that are always freely available to employees<\/span>\n\t\t\t\t\t\t\t\t\t<\/li>\n\t\t\t\t\t\t\t\t<li class=\"elementor-icon-list-item\">\n\t\t\t\t\t\t\t\t\t\t\t<span class=\"elementor-icon-list-icon\">\n\t\t\t\t\t\t\t<i aria-hidden=\"true\" class=\"venam-icons flaticon-check\"><\/i>\t\t\t\t\t\t<\/span>\n\t\t\t\t\t\t\t\t\t\t<span class=\"elementor-icon-list-text\">OVP card generation and periodicity control<\/span>\n\t\t\t\t\t\t\t\t\t<\/li>\n\t\t\t\t\t\t<\/ul>\n\t\t\t\t\t\t<\/div>\n\t\t\t\t<\/div>\n\t\t\t\t<\/div>\n\t\t\t\t<\/div>\n\t\t\t\t\t<\/div>\n\t\t\t\t<\/div>\n\t\t<div class=\"elementor-element elementor-element-1ce80cf e-flex e-con-boxed e-con e-parent\" data-id=\"1ce80cf\" data-element_type=\"container\" data-e-type=\"container\" data-settings=\"{&quot;background_background&quot;:&quot;classic&quot;}\">\n\t\t\t\t\t<div class=\"e-con-inner\">\n\t\t<div class=\"elementor-element elementor-element-b106a48 e-con-full e-flex e-con e-child\" data-id=\"b106a48\" data-element_type=\"container\" data-e-type=\"container\">\n\t\t\t\t<div class=\"elementor-element elementor-element-055e135 venam-transform transform-type-translate elementor-widget elementor-widget-heading\" data-id=\"055e135\" data-element_type=\"widget\" data-e-type=\"widget\" data-widget_type=\"heading.default\">\n\t\t\t\t\t<h4 class=\"elementor-heading-title elementor-size-default\">Why choose us?<\/h4>\t\t\t\t<\/div>\n\t\t\t\t<\/div>\n\t\t<div class=\"elementor-element elementor-element-f948249 e-con-full e-flex e-con e-child\" data-id=\"f948249\" data-element_type=\"container\" data-e-type=\"container\">\n\t\t<div class=\"elementor-element elementor-element-c6cf167 e-con-full e-transform e-flex e-con e-child\" data-id=\"c6cf167\" data-element_type=\"container\" data-e-type=\"container\" data-settings=\"{&quot;background_background&quot;:&quot;classic&quot;,&quot;_transform_scale_effect_hover&quot;:{&quot;unit&quot;:&quot;px&quot;,&quot;size&quot;:1.02,&quot;sizes&quot;:[]},&quot;_transform_scale_effect_hover_tablet&quot;:{&quot;unit&quot;:&quot;px&quot;,&quot;size&quot;:&quot;&quot;,&quot;sizes&quot;:[]},&quot;_transform_scale_effect_hover_mobile&quot;:{&quot;unit&quot;:&quot;px&quot;,&quot;size&quot;:&quot;&quot;,&quot;sizes&quot;:[]}}\">\n\t\t<div class=\"elementor-element elementor-element-14b0de5 e-con-full e-flex e-con e-child\" data-id=\"14b0de5\" data-element_type=\"container\" data-e-type=\"container\">\n\t\t\t\t<div class=\"elementor-element elementor-element-ff9b105 elementor-widget__width-auto service-icon elementor-view-default elementor-widget elementor-widget-icon\" data-id=\"ff9b105\" data-element_type=\"widget\" data-e-type=\"widget\" data-widget_type=\"icon.default\">\n\t\t\t\t\t\t\t<div class=\"elementor-icon-wrapper\">\n\t\t\t<div class=\"elementor-icon\">\n\t\t\t<svg aria-hidden=\"true\" class=\"e-font-icon-svg e-fas-check\" viewbox=\"0 0 512 512\" xmlns=\"http:\/\/www.w3.org\/2000\/svg\"><path d=\"M173.898 439.404l-166.4-166.4c-9.997-9.997-9.997-26.206 0-36.204l36.203-36.204c9.997-9.998 26.207-9.998 36.204 0L192 312.69 432.095 72.596c9.997-9.997 26.207-9.997 36.204 0l36.203 36.204c9.997 9.997 9.997 26.206 0 36.204l-294.4 294.401c-9.998 9.997-26.207 9.997-36.204-.001z\"><\/path><\/svg>\t\t\t<\/div>\n\t\t<\/div>\n\t\t\t\t\t\t<\/div>\n\t\t\t\t<\/div>\n\t\t\t\t<div class=\"elementor-element elementor-element-ca73324 elementor-widget__width-inherit text-pakalpojumi elementor-widget elementor-widget-text-editor\" data-id=\"ca73324\" data-element_type=\"widget\" data-e-type=\"widget\" data-widget_type=\"text-editor.default\">\n\t\t\t\t\t\t\t\t\t<p>Automatic generation and control of mandatory health cards<\/p>\t\t\t\t\t\t\t\t<\/div>\n\t\t<div class=\"elementor-element elementor-element-d2c711c e-con-full e-flex e-con e-child\" data-id=\"d2c711c\" data-element_type=\"container\" data-e-type=\"container\">\n\t\t\t\t<div class=\"elementor-element elementor-element-c61ed5b text-pakalpojumi elementor-widget elementor-widget-text-editor\" data-id=\"c61ed5b\" data-element_type=\"widget\" data-e-type=\"widget\" data-widget_type=\"text-editor.default\">\n\t\t\t\t\t\t\t\t\t<p>Automated generation of mandatory health cards and periodicity control reduces administrative workload.<\/p>\t\t\t\t\t\t\t\t<\/div>\n\t\t\t\t<\/div>\n\t\t\t\t<\/div>\n\t\t<div class=\"elementor-element elementor-element-32048c4 e-con-full e-transform e-flex e-con e-child\" data-id=\"32048c4\" data-element_type=\"container\" data-e-type=\"container\" data-settings=\"{&quot;background_background&quot;:&quot;classic&quot;,&quot;_transform_scale_effect_hover&quot;:{&quot;unit&quot;:&quot;px&quot;,&quot;size&quot;:1.02,&quot;sizes&quot;:[]},&quot;_transform_scale_effect_hover_tablet&quot;:{&quot;unit&quot;:&quot;px&quot;,&quot;size&quot;:&quot;&quot;,&quot;sizes&quot;:[]},&quot;_transform_scale_effect_hover_mobile&quot;:{&quot;unit&quot;:&quot;px&quot;,&quot;size&quot;:&quot;&quot;,&quot;sizes&quot;:[]}}\">\n\t\t<div class=\"elementor-element elementor-element-f9edb61 e-con-full e-flex e-con e-child\" data-id=\"f9edb61\" data-element_type=\"container\" data-e-type=\"container\">\n\t\t\t\t<div class=\"elementor-element elementor-element-309619f elementor-widget__width-auto service-icon elementor-view-default elementor-widget elementor-widget-icon\" data-id=\"309619f\" data-element_type=\"widget\" data-e-type=\"widget\" data-widget_type=\"icon.default\">\n\t\t\t\t\t\t\t<div class=\"elementor-icon-wrapper\">\n\t\t\t<div class=\"elementor-icon\">\n\t\t\t<svg aria-hidden=\"true\" class=\"e-font-icon-svg e-fas-search\" viewbox=\"0 0 512 512\" xmlns=\"http:\/\/www.w3.org\/2000\/svg\"><path d=\"M505 442.7L405.3 343c-4.5-4.5-10.6-7-17-7H372c27.6-35.3 44-79.7 44-128C416 93.1 322.9 0 208 0S0 93.1 0 208s93.1 208 208 208c48.3 0 92.7-16.4 128-44v16.3c0 6.4 2.5 12.5 7 17l99.7 99.7c9.4 9.4 24.6 9.4 33.9 0l28.3-28.3c9.4-9.4 9.4-24.6.1-34zM208 336c-70.7 0-128-57.2-128-128 0-70.7 57.2-128 128-128 70.7 0 128 57.2 128 128 0 70.7-57.2 128-128 128z\"><\/path><\/svg>\t\t\t<\/div>\n\t\t<\/div>\n\t\t\t\t\t\t<\/div>\n\t\t\t\t<\/div>\n\t\t\t\t<div class=\"elementor-element elementor-element-a23a8cd elementor-widget__width-inherit text-pakalpojumi elementor-widget elementor-widget-text-editor\" data-id=\"a23a8cd\" data-element_type=\"widget\" data-e-type=\"widget\" data-widget_type=\"text-editor.default\">\n\t\t\t\t\t\t\t\t\t<p>Support and consultations<\/p>\t\t\t\t\t\t\t\t<\/div>\n\t\t<div class=\"elementor-element elementor-element-530d1b8 e-con-full e-flex e-con e-child\" data-id=\"530d1b8\" data-element_type=\"container\" data-e-type=\"container\">\n\t\t\t\t<div class=\"elementor-element elementor-element-d10a7a4 text-pakalpojumi elementor-widget elementor-widget-text-editor\" data-id=\"d10a7a4\" data-element_type=\"widget\" data-e-type=\"widget\" data-widget_type=\"text-editor.default\">\n\t\t\t\t\t\t\t\t\t<p>We offer not only the tool itself, but also professional support and consultations on how to use it effectively, as well as assistance in solving current issues so your company can fully benefit from the advantages of our system.<\/p>\t\t\t\t\t\t\t\t<\/div>\n\t\t\t\t<\/div>\n\t\t\t\t<\/div>\n\t\t<div class=\"elementor-element elementor-element-e29540c e-con-full e-transform e-flex e-con e-child\" data-id=\"e29540c\" data-element_type=\"container\" data-e-type=\"container\" data-settings=\"{&quot;background_background&quot;:&quot;classic&quot;,&quot;_transform_scale_effect_hover&quot;:{&quot;unit&quot;:&quot;px&quot;,&quot;size&quot;:1.02,&quot;sizes&quot;:[]},&quot;_transform_scale_effect_hover_tablet&quot;:{&quot;unit&quot;:&quot;px&quot;,&quot;size&quot;:&quot;&quot;,&quot;sizes&quot;:[]},&quot;_transform_scale_effect_hover_mobile&quot;:{&quot;unit&quot;:&quot;px&quot;,&quot;size&quot;:&quot;&quot;,&quot;sizes&quot;:[]}}\">\n\t\t<div class=\"elementor-element elementor-element-9e78e35 e-con-full e-flex e-con e-child\" data-id=\"9e78e35\" data-element_type=\"container\" data-e-type=\"container\">\n\t\t\t\t<div class=\"elementor-element elementor-element-d7ca135 elementor-widget__width-auto service-icon elementor-view-default elementor-widget elementor-widget-icon\" data-id=\"d7ca135\" data-element_type=\"widget\" data-e-type=\"widget\" data-widget_type=\"icon.default\">\n\t\t\t\t\t\t\t<div class=\"elementor-icon-wrapper\">\n\t\t\t<div class=\"elementor-icon\">\n\t\t\t<i aria-hidden=\"true\" class=\"venam-icons flaticon-user\"><\/i>\t\t\t<\/div>\n\t\t<\/div>\n\t\t\t\t\t\t<\/div>\n\t\t\t\t<\/div>\n\t\t\t\t<div class=\"elementor-element elementor-element-777f207 elementor-widget__width-inherit text-pakalpojumi elementor-widget elementor-widget-text-editor\" data-id=\"777f207\" data-element_type=\"widget\" data-e-type=\"widget\" data-widget_type=\"text-editor.default\">\n\t\t\t\t\t\t\t\t\t<p>Immediate access to important documents<\/p>\t\t\t\t\t\t\t\t<\/div>\n\t\t<div class=\"elementor-element elementor-element-86db664 e-con-full e-flex e-con e-child\" data-id=\"86db664\" data-element_type=\"container\" data-e-type=\"container\">\n\t\t\t\t<div class=\"elementor-element elementor-element-77a7130 text-pakalpojumi elementor-widget elementor-widget-text-editor\" data-id=\"77a7130\" data-element_type=\"widget\" data-e-type=\"widget\" data-widget_type=\"text-editor.default\">\n\t\t\t\t\t\t\t\t\t<p>All employees have continuous and easy access to important occupational safety and fire safety documents.<\/p>\t\t\t\t\t\t\t\t<\/div>\n\t\t\t\t<\/div>\n\t\t\t\t<\/div>\n\t\t\t\t<\/div>\n\t\t\t\t\t<\/div>\n\t\t\t\t<\/div>\n\t\t<div class=\"elementor-element elementor-element-7961cc3 e-flex e-con-boxed e-con e-parent\" data-id=\"7961cc3\" data-element_type=\"container\" data-e-type=\"container\" data-settings=\"{&quot;background_background&quot;:&quot;classic&quot;}\">\n\t\t\t\t\t<div class=\"e-con-inner\">\n\t\t\t\t<div class=\"elementor-element elementor-element-252355a elementor-widget__width-initial cta-text elementor-widget elementor-widget-text-editor\" data-id=\"252355a\" data-element_type=\"widget\" data-e-type=\"widget\" data-widget_type=\"text-editor.default\">\n\t\t\t\t\t\t\t\t\t<p>Contact us to learn more about how our online electronic occupational safety tool can help your company improve training processes, ensure compliance with regulatory requirements, and save time.<\/p>\t\t\t\t\t\t\t\t<\/div>\n\t\t\t\t<div class=\"elementor-element elementor-element-6bf5ca6 elementor-widget__width-initial elementor-widget-tablet__width-initial elementor-widget-mobile__width-initial elementor-align-center elementor-widget elementor-widget-button\" data-id=\"6bf5ca6\" data-element_type=\"widget\" data-e-type=\"widget\" data-widget_type=\"button.default\">\n\t\t\t\t\t\t\t\t\t\t<a class=\"elementor-button elementor-button-link elementor-size-sm\" href=\"https:\/\/labispecialisti.lv\/en\/?page_id=2494\">\n\t\t\t\t\t\t<span class=\"elementor-button-content-wrapper\">\n\t\t\t\t\t\t\t\t\t<span class=\"elementor-button-text\">Contact<\/span>\n\t\t\t\t\t<\/span>\n\t\t\t\t\t<\/a>\n\t\t\t\t\t\t\t\t<\/div>\n\t\t\t\t\t<\/div>\n\t\t\t\t<\/div>\n\t\t\t\t<\/div>","protected":false},"excerpt":{"rendered":"<p>ELSA ELSA ir tie\u0161saistes elektronisks darba aizsardz\u012bbas r\u012bks, kas ietver elektroniskas darba aizsardz\u012bbas un ugunsdro\u0161\u012bbas instrukt\u0101\u017eas veik\u0161anas iesp\u0113jas ar zin\u0101\u0161anu p\u0101rbaudes kontroli, k\u0101 ar\u012b citu elektronisku apm\u0101c\u012bbu organiz\u0113\u0161anu. Tas paredz Oblig\u0101to vesel\u012bbas kar\u0161u \u0123ener\u0113\u0161anu nodarbin\u0101tajiem, to periodiskuma kontroli, k\u0101 ar\u012b visu saisto\u0161o darba aizsardz\u012bbas un ugunsdro\u0161\u012bbas dokumentu glab\u0101\u0161anu elektronisk\u0101 vid\u0113, un garant\u0113 t\u0101s pieejam\u012bbu katram&#8230;<\/p>","protected":false},"author":1,"featured_media":0,"parent":0,"menu_order":0,"comment_status":"closed","ping_status":"closed","template":"","meta":{"footnotes":""},"class_list":{"0":"post-3411","1":"page","2":"type-page","3":"status-publish","4":"hentry","5":"nt-post-class","6":"","7":"thumb-none","9":"excerpt-none"},"jetpack_sharing_enabled":true,"_links":{"self":[{"href":"https:\/\/labispecialisti.lv\/en\/wp-json\/wp\/v2\/pages\/3411","targetHints":{"allow":["GET"]}}],"collection":[{"href":"https:\/\/labispecialisti.lv\/en\/wp-json\/wp\/v2\/pages"}],"about":[{"href":"https:\/\/labispecialisti.lv\/en\/wp-json\/wp\/v2\/types\/page"}],"author":[{"embeddable":true,"href":"https:\/\/labispecialisti.lv\/en\/wp-json\/wp\/v2\/users\/1"}],"replies":[{"embeddable":true,"href":"https:\/\/labispecialisti.lv\/en\/wp-json\/wp\/v2\/comments?post=3411"}],"version-history":[{"count":5,"href":"https:\/\/labispecialisti.lv\/en\/wp-json\/wp\/v2\/pages\/3411\/revisions"}],"predecessor-version":[{"id":6954,"href":"https:\/\/labispecialisti.lv\/en\/wp-json\/wp\/v2\/pages\/3411\/revisions\/6954"}],"wp:attachment":[{"href":"https:\/\/labispecialisti.lv\/en\/wp-json\/wp\/v2\/media?parent=3411"}],"curies":[{"name":"wp","href":"https:\/\/api.w.org\/{rel}","templated":true}]}}