{"id":3424,"date":"2025-08-11T10:38:04","date_gmt":"2025-08-11T10:38:04","guid":{"rendered":"https:\/\/srv926590.hstgr.cloud\/?page_id=3424"},"modified":"2025-11-25T11:42:35","modified_gmt":"2025-11-25T11:42:35","slug":"iso-konsultacijas","status":"publish","type":"page","link":"https:\/\/labispecialisti.lv\/en\/iso-konsultacijas\/","title":{"rendered":"ISO consultancy"},"content":{"rendered":"<div data-elementor-type=\"wp-page\" data-elementor-id=\"3424\" class=\"elementor elementor-3424\" data-elementor-post-type=\"page\">\n\t\t\t\t<div class=\"elementor-element elementor-element-99aee47 e-flex e-con-boxed e-con e-parent\" data-id=\"99aee47\" data-element_type=\"container\" data-e-type=\"container\">\n\t\t\t\t\t<div class=\"e-con-inner\">\n\t\t\t\t<div class=\"elementor-element elementor-element-80fb5dd elementor-widget__width-initial elementor-widget elementor-widget-image\" data-id=\"80fb5dd\" data-element_type=\"widget\" data-e-type=\"widget\" data-widget_type=\"image.default\">\n\t\t\t\t\t\t\t\t\t\t\t\t\t\t\t<img fetchpriority=\"high\" decoding=\"async\" width=\"336\" height=\"250\" src=\"https:\/\/labispecialisti.lv\/wp-content\/uploads\/2025\/08\/iso-konsultacijas.png\" class=\"attachment-large size-large wp-image-4048\" alt=\"\" srcset=\"https:\/\/labispecialisti.lv\/wp-content\/uploads\/2025\/08\/iso-konsultacijas.png 336w, https:\/\/labispecialisti.lv\/wp-content\/uploads\/2025\/08\/iso-konsultacijas-300x223.png 300w, https:\/\/labispecialisti.lv\/wp-content\/uploads\/2025\/08\/iso-konsultacijas-16x12.png 16w\" sizes=\"(max-width: 336px) 100vw, 336px\" \/>\t\t\t\t\t\t\t\t\t\t\t\t\t\t\t<\/div>\n\t\t\t\t<div class=\"elementor-element elementor-element-84528b3 venam-transform transform-type-translate elementor-widget elementor-widget-heading\" data-id=\"84528b3\" data-element_type=\"widget\" data-e-type=\"widget\" data-widget_type=\"heading.default\">\n\t\t\t\t\t<h3 class=\"elementor-heading-title elementor-size-default\">ISO consultancy<\/h3>\t\t\t\t<\/div>\n\t\t\t\t\t<\/div>\n\t\t\t\t<\/div>\n\t\t<div class=\"elementor-element elementor-element-d2a1a72 e-flex e-con-boxed e-con e-parent\" data-id=\"d2a1a72\" data-element_type=\"container\" data-e-type=\"container\">\n\t\t\t\t\t<div class=\"e-con-inner\">\n\t\t<div class=\"elementor-element elementor-element-dfb7bd9 e-con-full e-flex e-con e-child\" data-id=\"dfb7bd9\" data-element_type=\"container\" data-e-type=\"container\">\n\t\t\t\t<div class=\"elementor-element elementor-element-587e74a elementor-widget elementor-widget-text-editor\" data-id=\"587e74a\" data-element_type=\"widget\" data-e-type=\"widget\" data-widget_type=\"text-editor.default\">\n\t\t\t\t\t\t\t\t\t<div class=\"elementor-element elementor-element-dc1d97e first-text elementor-widget__width-initial elementor-widget elementor-widget-text-editor\" data-id=\"dc1d97e\" data-element_type=\"widget\" data-widget_type=\"text-editor.default\"><div class=\"elementor-element elementor-element-dc1d97e first-text elementor-widget__width-initial elementor-widget elementor-widget-text-editor\" data-id=\"dc1d97e\" data-element_type=\"widget\" data-widget_type=\"text-editor.default\"><p>The foundation of our management systems consultancy services is solving any company-related issues, including quality management, environmental management, occupational safety, and health protection. We help implement an effective management system and prepare the necessary documentation for ISO certification. Compliance with the relevant ISO standards will help your company compete successfully both locally and internationally.<\/p><\/div><\/div>\t\t\t\t\t\t\t\t<\/div>\n\t\t\t\t<\/div>\n\t\t<div class=\"elementor-element elementor-element-95395e2 e-con-full e-flex e-con e-child\" data-id=\"95395e2\" data-element_type=\"container\" data-e-type=\"container\">\n\t\t\t\t<div class=\"elementor-element elementor-element-312f59f elementor-widget__width-initial elementor-widget elementor-widget-image\" data-id=\"312f59f\" data-element_type=\"widget\" data-e-type=\"widget\" data-widget_type=\"image.default\">\n\t\t\t\t\t\t\t\t\t\t\t\t\t\t\t<img decoding=\"async\" width=\"960\" height=\"960\" src=\"https:\/\/labispecialisti.lv\/wp-content\/uploads\/2025\/08\/iso-konsultacija.png\" class=\"attachment-large size-large wp-image-4192\" alt=\"\" srcset=\"https:\/\/labispecialisti.lv\/wp-content\/uploads\/2025\/08\/iso-konsultacija.png 1024w, https:\/\/labispecialisti.lv\/wp-content\/uploads\/2025\/08\/iso-konsultacija-300x300.png 300w, https:\/\/labispecialisti.lv\/wp-content\/uploads\/2025\/08\/iso-konsultacija-150x150.png 150w, https:\/\/labispecialisti.lv\/wp-content\/uploads\/2025\/08\/iso-konsultacija-768x768.png 768w, https:\/\/labispecialisti.lv\/wp-content\/uploads\/2025\/08\/iso-konsultacija-12x12.png 12w, https:\/\/labispecialisti.lv\/wp-content\/uploads\/2025\/08\/iso-konsultacija-500x500.png 500w, https:\/\/labispecialisti.lv\/wp-content\/uploads\/2025\/08\/iso-konsultacija-750x750.png 750w, https:\/\/labispecialisti.lv\/wp-content\/uploads\/2025\/08\/iso-konsultacija-450x450.png 450w, https:\/\/labispecialisti.lv\/wp-content\/uploads\/2025\/08\/iso-konsultacija-980x980.png 980w, https:\/\/labispecialisti.lv\/wp-content\/uploads\/2025\/08\/iso-konsultacija-100x100.png 100w, https:\/\/labispecialisti.lv\/wp-content\/uploads\/2025\/08\/iso-konsultacija-600x600.png 600w, https:\/\/labispecialisti.lv\/wp-content\/uploads\/2025\/08\/iso-konsultacija-96x96.png 96w, https:\/\/labispecialisti.lv\/wp-content\/uploads\/2025\/08\/iso-konsultacija-460x460.png 460w\" sizes=\"(max-width: 960px) 100vw, 960px\" \/>\t\t\t\t\t\t\t\t\t\t\t\t\t\t\t<\/div>\n\t\t\t\t<\/div>\n\t\t<div class=\"elementor-element elementor-element-1523c96 e-con-full e-flex e-con e-child\" data-id=\"1523c96\" data-element_type=\"container\" data-e-type=\"container\">\n\t\t<div class=\"elementor-element elementor-element-6c3f949 e-con-full e-flex e-con e-child\" data-id=\"6c3f949\" data-element_type=\"container\" data-e-type=\"container\">\n\t\t\t\t<div class=\"elementor-element elementor-element-3d3cc08 venam-transform transform-type-translate elementor-widget elementor-widget-heading\" data-id=\"3d3cc08\" data-element_type=\"widget\" data-e-type=\"widget\" data-widget_type=\"heading.default\">\n\t\t\t\t\t<h4 class=\"elementor-heading-title elementor-size-default\">We offer<\/h4>\t\t\t\t<\/div>\n\t\t\t\t<\/div>\n\t\t<div class=\"elementor-element elementor-element-3b7d36d e-con-full e-flex e-con e-child\" data-id=\"3b7d36d\" data-element_type=\"container\" data-e-type=\"container\">\n\t\t<div class=\"elementor-element elementor-element-57eaa4a e-con-full e-flex e-con e-child\" data-id=\"57eaa4a\" data-element_type=\"container\" data-e-type=\"container\">\n\t\t\t\t<div class=\"elementor-element elementor-element-cbc0e14 elementor-align-start elementor-widget__width-initial first-text elementor-icon-list--layout-traditional elementor-list-item-link-full_width elementor-widget elementor-widget-icon-list\" data-id=\"cbc0e14\" data-element_type=\"widget\" data-e-type=\"widget\" data-widget_type=\"icon-list.default\">\n\t\t\t\t\t\t\t<ul class=\"elementor-icon-list-items\">\n\t\t\t\t\t\t\t<li class=\"elementor-icon-list-item\">\n\t\t\t\t\t\t\t\t\t\t\t<span class=\"elementor-icon-list-icon\">\n\t\t\t\t\t\t\t<i aria-hidden=\"true\" class=\"venam-icons flaticon-check\"><\/i>\t\t\t\t\t\t<\/span>\n\t\t\t\t\t\t\t\t\t\t<span class=\"elementor-icon-list-text\"> We perform internal audits for developed management systems<\/span>\n\t\t\t\t\t\t\t\t\t<\/li>\n\t\t\t\t\t\t\t\t<li class=\"elementor-icon-list-item\">\n\t\t\t\t\t\t\t\t\t\t\t<span class=\"elementor-icon-list-icon\">\n\t\t\t\t\t\t\t<i aria-hidden=\"true\" class=\"venam-icons flaticon-check\"><\/i>\t\t\t\t\t\t<\/span>\n\t\t\t\t\t\t\t\t\t\t<span class=\"elementor-icon-list-text\">Easily understandable, transparent, and company-specific management systems<\/span>\n\t\t\t\t\t\t\t\t\t<\/li>\n\t\t\t\t\t\t\t\t<li class=\"elementor-icon-list-item\">\n\t\t\t\t\t\t\t\t\t\t\t<span class=\"elementor-icon-list-icon\">\n\t\t\t\t\t\t\t<i aria-hidden=\"true\" class=\"venam-icons flaticon-check\"><\/i>\t\t\t\t\t\t<\/span>\n\t\t\t\t\t\t\t\t\t\t<span class=\"elementor-icon-list-text\"> Individual approach and integration of standards into your daily company operations<\/span>\n\t\t\t\t\t\t\t\t\t<\/li>\n\t\t\t\t\t\t\t\t<li class=\"elementor-icon-list-item\">\n\t\t\t\t\t\t\t\t\t\t\t<span class=\"elementor-icon-list-icon\">\n\t\t\t\t\t\t\t<i aria-hidden=\"true\" class=\"venam-icons flaticon-check\"><\/i>\t\t\t\t\t\t<\/span>\n\t\t\t\t\t\t\t\t\t\t<span class=\"elementor-icon-list-text\"> ISO 9001:2015 Quality Management System consultations<\/span>\n\t\t\t\t\t\t\t\t\t<\/li>\n\t\t\t\t\t\t<\/ul>\n\t\t\t\t\t\t<\/div>\n\t\t\t\t<\/div>\n\t\t<div class=\"elementor-element elementor-element-7709f1d e-con-full e-flex e-con e-child\" data-id=\"7709f1d\" data-element_type=\"container\" data-e-type=\"container\">\n\t\t\t\t<div class=\"elementor-element elementor-element-5d5677c elementor-widget__width-initial first-text elementor-align-start elementor-icon-list--layout-traditional elementor-list-item-link-full_width elementor-widget elementor-widget-icon-list\" data-id=\"5d5677c\" data-element_type=\"widget\" data-e-type=\"widget\" data-widget_type=\"icon-list.default\">\n\t\t\t\t\t\t\t<ul class=\"elementor-icon-list-items\">\n\t\t\t\t\t\t\t<li class=\"elementor-icon-list-item\">\n\t\t\t\t\t\t\t\t\t\t\t<span class=\"elementor-icon-list-icon\">\n\t\t\t\t\t\t\t<i aria-hidden=\"true\" class=\"venam-icons flaticon-check\"><\/i>\t\t\t\t\t\t<\/span>\n\t\t\t\t\t\t\t\t\t\t<span class=\"elementor-icon-list-text\"> ISO 14001:2015 Environmental Management System consultations<\/span>\n\t\t\t\t\t\t\t\t\t<\/li>\n\t\t\t\t\t\t\t\t<li class=\"elementor-icon-list-item\">\n\t\t\t\t\t\t\t\t\t\t\t<span class=\"elementor-icon-list-icon\">\n\t\t\t\t\t\t\t<i aria-hidden=\"true\" class=\"venam-icons flaticon-check\"><\/i>\t\t\t\t\t\t<\/span>\n\t\t\t\t\t\t\t\t\t\t<span class=\"elementor-icon-list-text\">ISO 45001:2018 Occupational health &amp; safety management system consultations<\/span>\n\t\t\t\t\t\t\t\t\t<\/li>\n\t\t\t\t\t\t\t\t<li class=\"elementor-icon-list-item\">\n\t\t\t\t\t\t\t\t\t\t\t<span class=\"elementor-icon-list-icon\">\n\t\t\t\t\t\t\t<i aria-hidden=\"true\" class=\"venam-icons flaticon-check\"><\/i>\t\t\t\t\t\t<\/span>\n\t\t\t\t\t\t\t\t\t\t<span class=\"elementor-icon-list-text\"> Integrated management system development consultations<\/span>\n\t\t\t\t\t\t\t\t\t<\/li>\n\t\t\t\t\t\t<\/ul>\n\t\t\t\t\t\t<\/div>\n\t\t\t\t<\/div>\n\t\t\t\t<\/div>\n\t\t\t\t<\/div>\n\t\t\t\t\t<\/div>\n\t\t\t\t<\/div>\n\t\t<div class=\"elementor-element elementor-element-219734b e-flex e-con-boxed e-con e-parent\" data-id=\"219734b\" data-element_type=\"container\" data-e-type=\"container\" data-settings=\"{&quot;background_background&quot;:&quot;classic&quot;}\">\n\t\t\t\t\t<div class=\"e-con-inner\">\n\t\t<div class=\"elementor-element elementor-element-9c03d61 e-con-full e-flex e-con e-child\" data-id=\"9c03d61\" data-element_type=\"container\" data-e-type=\"container\">\n\t\t\t\t<div class=\"elementor-element elementor-element-d55160d venam-transform transform-type-translate elementor-widget elementor-widget-heading\" data-id=\"d55160d\" data-element_type=\"widget\" data-e-type=\"widget\" data-widget_type=\"heading.default\">\n\t\t\t\t\t<h4 class=\"elementor-heading-title elementor-size-default\">Why choose us?<\/h4>\t\t\t\t<\/div>\n\t\t\t\t<\/div>\n\t\t<div class=\"elementor-element elementor-element-e28feb5 e-con-full e-flex e-con e-child\" data-id=\"e28feb5\" data-element_type=\"container\" data-e-type=\"container\">\n\t\t<div class=\"elementor-element elementor-element-5ef6dcd e-con-full e-transform e-flex e-con e-child\" data-id=\"5ef6dcd\" data-element_type=\"container\" data-e-type=\"container\" data-settings=\"{&quot;background_background&quot;:&quot;classic&quot;,&quot;_transform_scale_effect_hover&quot;:{&quot;unit&quot;:&quot;px&quot;,&quot;size&quot;:1.02,&quot;sizes&quot;:[]},&quot;_transform_scale_effect_hover_tablet&quot;:{&quot;unit&quot;:&quot;px&quot;,&quot;size&quot;:&quot;&quot;,&quot;sizes&quot;:[]},&quot;_transform_scale_effect_hover_mobile&quot;:{&quot;unit&quot;:&quot;px&quot;,&quot;size&quot;:&quot;&quot;,&quot;sizes&quot;:[]}}\">\n\t\t<div class=\"elementor-element elementor-element-be102c0 e-con-full e-flex e-con e-child\" data-id=\"be102c0\" data-element_type=\"container\" data-e-type=\"container\">\n\t\t\t\t<div class=\"elementor-element elementor-element-b99eeeb elementor-widget__width-auto service-icon elementor-view-default elementor-widget elementor-widget-icon\" data-id=\"b99eeeb\" data-element_type=\"widget\" data-e-type=\"widget\" data-widget_type=\"icon.default\">\n\t\t\t\t\t\t\t<div class=\"elementor-icon-wrapper\">\n\t\t\t<div class=\"elementor-icon\">\n\t\t\t<i aria-hidden=\"true\" class=\"venam-icons flaticon-quality\"><\/i>\t\t\t<\/div>\n\t\t<\/div>\n\t\t\t\t\t\t<\/div>\n\t\t\t\t<\/div>\n\t\t\t\t<div class=\"elementor-element elementor-element-6ed8a0d elementor-widget__width-inherit text-pakalpojumi elementor-widget elementor-widget-text-editor\" data-id=\"6ed8a0d\" data-element_type=\"widget\" data-e-type=\"widget\" data-widget_type=\"text-editor.default\">\n\t\t\t\t\t\t\t\t\t<p>Experienced specialists<\/p>\t\t\t\t\t\t\t\t<\/div>\n\t\t<div class=\"elementor-element elementor-element-f394484 e-con-full e-flex e-con e-child\" data-id=\"f394484\" data-element_type=\"container\" data-e-type=\"container\">\n\t\t\t\t<div class=\"elementor-element elementor-element-20a2637 text-pakalpojumi elementor-widget elementor-widget-text-editor\" data-id=\"20a2637\" data-element_type=\"widget\" data-e-type=\"widget\" data-widget_type=\"text-editor.default\">\n\t\t\t\t\t\t\t\t\t<p>Our team consists of consultants who have worked in various industries and with different ISO standards. We take pride in being able to offer our knowledge and practical recommendations based on real experience.<\/p>\t\t\t\t\t\t\t\t<\/div>\n\t\t\t\t<\/div>\n\t\t\t\t<\/div>\n\t\t<div class=\"elementor-element elementor-element-efbf0e7 e-con-full e-transform e-flex e-con e-child\" data-id=\"efbf0e7\" data-element_type=\"container\" data-e-type=\"container\" data-settings=\"{&quot;background_background&quot;:&quot;classic&quot;,&quot;_transform_scale_effect_hover&quot;:{&quot;unit&quot;:&quot;px&quot;,&quot;size&quot;:1.02,&quot;sizes&quot;:[]},&quot;_transform_scale_effect_hover_tablet&quot;:{&quot;unit&quot;:&quot;px&quot;,&quot;size&quot;:&quot;&quot;,&quot;sizes&quot;:[]},&quot;_transform_scale_effect_hover_mobile&quot;:{&quot;unit&quot;:&quot;px&quot;,&quot;size&quot;:&quot;&quot;,&quot;sizes&quot;:[]}}\">\n\t\t<div class=\"elementor-element elementor-element-56ef4f3 e-con-full e-flex e-con e-child\" data-id=\"56ef4f3\" data-element_type=\"container\" data-e-type=\"container\">\n\t\t\t\t<div class=\"elementor-element elementor-element-f7b9009 elementor-widget__width-auto service-icon elementor-view-default elementor-widget elementor-widget-icon\" data-id=\"f7b9009\" data-element_type=\"widget\" data-e-type=\"widget\" data-widget_type=\"icon.default\">\n\t\t\t\t\t\t\t<div class=\"elementor-icon-wrapper\">\n\t\t\t<div class=\"elementor-icon\">\n\t\t\t<i aria-hidden=\"true\" class=\"venam-icons flaticon-zoom-in\"><\/i>\t\t\t<\/div>\n\t\t<\/div>\n\t\t\t\t\t\t<\/div>\n\t\t\t\t<\/div>\n\t\t\t\t<div class=\"elementor-element elementor-element-596529f elementor-widget__width-inherit text-pakalpojumi elementor-widget elementor-widget-text-editor\" data-id=\"596529f\" data-element_type=\"widget\" data-e-type=\"widget\" data-widget_type=\"text-editor.default\">\n\t\t\t\t\t\t\t\t\t<p>Long-term support and cooperation<\/p>\t\t\t\t\t\t\t\t<\/div>\n\t\t<div class=\"elementor-element elementor-element-5061f5f e-con-full e-flex e-con e-child\" data-id=\"5061f5f\" data-element_type=\"container\" data-e-type=\"container\">\n\t\t\t\t<div class=\"elementor-element elementor-element-e642bdd text-pakalpojumi elementor-widget elementor-widget-text-editor\" data-id=\"e642bdd\" data-element_type=\"widget\" data-e-type=\"widget\" data-widget_type=\"text-editor.default\">\n\t\t\t\t\t\t\t\t\t<p>Our cooperation with clients does not end with the implementation of an ISO standard. We provide long-term support and consultations to ensure that your systems are continuously improved.<\/p>\t\t\t\t\t\t\t\t<\/div>\n\t\t\t\t<\/div>\n\t\t\t\t<\/div>\n\t\t<div class=\"elementor-element elementor-element-c54428e e-con-full e-transform e-flex e-con e-child\" data-id=\"c54428e\" data-element_type=\"container\" data-e-type=\"container\" data-settings=\"{&quot;background_background&quot;:&quot;classic&quot;,&quot;_transform_scale_effect_hover&quot;:{&quot;unit&quot;:&quot;px&quot;,&quot;size&quot;:1.02,&quot;sizes&quot;:[]},&quot;_transform_scale_effect_hover_tablet&quot;:{&quot;unit&quot;:&quot;px&quot;,&quot;size&quot;:&quot;&quot;,&quot;sizes&quot;:[]},&quot;_transform_scale_effect_hover_mobile&quot;:{&quot;unit&quot;:&quot;px&quot;,&quot;size&quot;:&quot;&quot;,&quot;sizes&quot;:[]}}\">\n\t\t<div class=\"elementor-element elementor-element-f61e7da e-con-full e-flex e-con e-child\" data-id=\"f61e7da\" data-element_type=\"container\" data-e-type=\"container\">\n\t\t\t\t<div class=\"elementor-element elementor-element-6ab8b6b elementor-widget__width-auto service-icon elementor-view-default elementor-widget elementor-widget-icon\" data-id=\"6ab8b6b\" data-element_type=\"widget\" data-e-type=\"widget\" data-widget_type=\"icon.default\">\n\t\t\t\t\t\t\t<div class=\"elementor-icon-wrapper\">\n\t\t\t<div class=\"elementor-icon\">\n\t\t\t<svg aria-hidden=\"true\" class=\"e-font-icon-svg e-fas-check\" viewbox=\"0 0 512 512\" xmlns=\"http:\/\/www.w3.org\/2000\/svg\"><path d=\"M173.898 439.404l-166.4-166.4c-9.997-9.997-9.997-26.206 0-36.204l36.203-36.204c9.997-9.998 26.207-9.998 36.204 0L192 312.69 432.095 72.596c9.997-9.997 26.207-9.997 36.204 0l36.203 36.204c9.997 9.997 9.997 26.206 0 36.204l-294.4 294.401c-9.998 9.997-26.207 9.997-36.204-.001z\"><\/path><\/svg>\t\t\t<\/div>\n\t\t<\/div>\n\t\t\t\t\t\t<\/div>\n\t\t\t\t<\/div>\n\t\t\t\t<div class=\"elementor-element elementor-element-fb7b04c elementor-widget__width-inherit text-pakalpojumi elementor-widget elementor-widget-text-editor\" data-id=\"fb7b04c\" data-element_type=\"widget\" data-e-type=\"widget\" data-widget_type=\"text-editor.default\">\n\t\t\t\t\t\t\t\t\t<p>Individual approach<\/p>\t\t\t\t\t\t\t\t<\/div>\n\t\t<div class=\"elementor-element elementor-element-1f26091 e-con-full e-flex e-con e-child\" data-id=\"1f26091\" data-element_type=\"container\" data-e-type=\"container\">\n\t\t\t\t<div class=\"elementor-element elementor-element-f84b723 text-pakalpojumi elementor-widget elementor-widget-text-editor\" data-id=\"f84b723\" data-element_type=\"widget\" data-e-type=\"widget\" data-widget_type=\"text-editor.default\">\n\t\t\t\t\t\t\t\t\t<p>Our accumulated experience allows us to offer the most suitable management system solutions and integrations based on the unique needs of each client, company specifics, and existing processes.<\/p>\t\t\t\t\t\t\t\t<\/div>\n\t\t\t\t<\/div>\n\t\t\t\t<\/div>\n\t\t\t\t<\/div>\n\t\t\t\t\t<\/div>\n\t\t\t\t<\/div>\n\t\t<div class=\"elementor-element elementor-element-98e2f78 e-flex e-con-boxed e-con e-parent\" data-id=\"98e2f78\" data-element_type=\"container\" data-e-type=\"container\" data-settings=\"{&quot;background_background&quot;:&quot;classic&quot;}\">\n\t\t\t\t\t<div class=\"e-con-inner\">\n\t\t\t\t<div class=\"elementor-element elementor-element-cffd2b0 elementor-widget__width-initial cta-text elementor-widget elementor-widget-text-editor\" data-id=\"cffd2b0\" data-element_type=\"widget\" data-e-type=\"widget\" data-widget_type=\"text-editor.default\">\n\t\t\t\t\t\t\t\t\t<p>Contact us to promote your company's growth together, using the advantages of ISO standards.<\/p>\t\t\t\t\t\t\t\t<\/div>\n\t\t\t\t<div class=\"elementor-element elementor-element-409d5e2 elementor-widget__width-initial elementor-widget-tablet__width-initial elementor-widget-mobile__width-initial elementor-align-center elementor-widget elementor-widget-button\" data-id=\"409d5e2\" data-element_type=\"widget\" data-e-type=\"widget\" data-widget_type=\"button.default\">\n\t\t\t\t\t\t\t\t\t\t<a class=\"elementor-button elementor-button-link elementor-size-sm\" href=\"https:\/\/labispecialisti.lv\/en\/?page_id=2494\">\n\t\t\t\t\t\t<span class=\"elementor-button-content-wrapper\">\n\t\t\t\t\t\t\t\t\t<span class=\"elementor-button-text\">Contact<\/span>\n\t\t\t\t\t<\/span>\n\t\t\t\t\t<\/a>\n\t\t\t\t\t\t\t\t<\/div>\n\t\t\t\t\t<\/div>\n\t\t\t\t<\/div>\n\t\t\t\t<\/div>","protected":false},"excerpt":{"rendered":"<p>ISO konsult\u0101cijas P\u0101rvald\u012bbas sist\u0113mu konsult\u0101ciju pakalpojuma pamat\u0101 ir jebkuru ar uz\u0146\u0113mumu saist\u012bto jaut\u0101jumu, tai skait\u0101 kvalit\u0101tes p\u0101rvald\u012bbas, vides p\u0101rvald\u012bbas, darba dro\u0161\u012bbas un arodvesel\u012bbas p\u0101rvald\u012bbas, risin\u0101\u0161ana. M\u0113s pal\u012bdzam ieviest efekt\u012bvu vad\u012bbas sist\u0113mu un sagatavot nepiecie\u0161amo dokument\u0101ciju ISO sertifik\u0101cijai. Atbilst\u012bba attiec\u012bgajiem ISO standartiem, pal\u012bdz\u0113s J\u016bsu uz\u0146\u0113mumam konkur\u0113t gan viet\u0113j\u0101, gan starptautisk\u0101 tirg\u016b. M\u0113s pied\u0101v\u0101jam Veicam iek\u0161\u0113jos auditus&#8230;<\/p>","protected":false},"author":1,"featured_media":0,"parent":0,"menu_order":0,"comment_status":"closed","ping_status":"closed","template":"","meta":{"footnotes":""},"class_list":{"0":"post-3424","1":"page","2":"type-page","3":"status-publish","4":"hentry","5":"nt-post-class","6":"","7":"thumb-none","9":"excerpt-none"},"jetpack_sharing_enabled":true,"_links":{"self":[{"href":"https:\/\/labispecialisti.lv\/en\/wp-json\/wp\/v2\/pages\/3424","targetHints":{"allow":["GET"]}}],"collection":[{"href":"https:\/\/labispecialisti.lv\/en\/wp-json\/wp\/v2\/pages"}],"about":[{"href":"https:\/\/labispecialisti.lv\/en\/wp-json\/wp\/v2\/types\/page"}],"author":[{"embeddable":true,"href":"https:\/\/labispecialisti.lv\/en\/wp-json\/wp\/v2\/users\/1"}],"replies":[{"embeddable":true,"href":"https:\/\/labispecialisti.lv\/en\/wp-json\/wp\/v2\/comments?post=3424"}],"version-history":[{"count":5,"href":"https:\/\/labispecialisti.lv\/en\/wp-json\/wp\/v2\/pages\/3424\/revisions"}],"predecessor-version":[{"id":6960,"href":"https:\/\/labispecialisti.lv\/en\/wp-json\/wp\/v2\/pages\/3424\/revisions\/6960"}],"wp:attachment":[{"href":"https:\/\/labispecialisti.lv\/en\/wp-json\/wp\/v2\/media?parent=3424"}],"curies":[{"name":"wp","href":"https:\/\/api.w.org\/{rel}","templated":true}]}}