{"id":4073,"date":"2025-08-14T08:34:23","date_gmt":"2025-08-14T08:34:23","guid":{"rendered":"https:\/\/srv926590.hstgr.cloud\/?page_id=4073"},"modified":"2026-02-17T14:23:52","modified_gmt":"2026-02-17T12:23:52","slug":"portfolio","status":"publish","type":"page","link":"https:\/\/labispecialisti.lv\/en\/portfolio\/","title":{"rendered":"Portfolio"},"content":{"rendered":"<div data-elementor-type=\"wp-page\" data-elementor-id=\"4073\" class=\"elementor elementor-4073\" data-elementor-post-type=\"page\">\n\t\t\t\t<div class=\"elementor-element elementor-element-dca93a2 e-flex e-con-boxed e-con e-parent\" data-id=\"dca93a2\" data-element_type=\"container\" data-e-type=\"container\">\n\t\t\t\t\t<div class=\"e-con-inner\">\n\t\t\t\t<div class=\"elementor-element elementor-element-eaa1e26 venam-transform transform-type-translate elementor-widget elementor-widget-heading\" data-id=\"eaa1e26\" data-element_type=\"widget\" data-e-type=\"widget\" data-widget_type=\"heading.default\">\n\t\t\t\t\t<h2 class=\"elementor-heading-title elementor-size-default\">Portfolio and our references<\/h2>\t\t\t\t<\/div>\n\t\t\t\t\t<\/div>\n\t\t\t\t<\/div>\n\t\t<div class=\"elementor-element elementor-element-23be579 e-flex e-con-boxed e-con e-parent\" data-id=\"23be579\" data-element_type=\"container\" data-e-type=\"container\">\n\t\t\t\t\t<div class=\"e-con-inner\">\n\t\t<div class=\"elementor-element elementor-element-5049bd1 e-con-full e-flex e-con e-child\" data-id=\"5049bd1\" data-element_type=\"container\" data-e-type=\"container\">\n\t\t<div class=\"elementor-element elementor-element-611653f e-con-full e-flex e-con e-child\" data-id=\"611653f\" data-element_type=\"container\" data-e-type=\"container\">\n\t\t<div class=\"elementor-element elementor-element-faa8393 e-con-full e-flex e-con e-child\" data-id=\"faa8393\" data-element_type=\"container\" data-e-type=\"container\" data-settings=\"{&quot;background_background&quot;:&quot;classic&quot;}\">\n\t\t<div class=\"elementor-element elementor-element-b716ae5 e-con-full review-logo e-flex e-con e-child\" data-id=\"b716ae5\" data-element_type=\"container\" data-e-type=\"container\">\n\t\t\t\t<div class=\"elementor-element elementor-element-0716ea9 elementor-widget elementor-widget-image\" data-id=\"0716ea9\" data-element_type=\"widget\" data-e-type=\"widget\" data-widget_type=\"image.default\">\n\t\t\t\t\t\t\t\t\t\t\t\t\t\t\t<img fetchpriority=\"high\" decoding=\"async\" width=\"800\" height=\"800\" src=\"https:\/\/labispecialisti.lv\/wp-content\/uploads\/2025\/12\/Ainavu-studija-1.jpg\" class=\"attachment-large size-large wp-image-7385\" alt=\"\" srcset=\"https:\/\/labispecialisti.lv\/wp-content\/uploads\/2025\/12\/Ainavu-studija-1.jpg 800w, https:\/\/labispecialisti.lv\/wp-content\/uploads\/2025\/12\/Ainavu-studija-1-300x300.jpg 300w, https:\/\/labispecialisti.lv\/wp-content\/uploads\/2025\/12\/Ainavu-studija-1-150x150.jpg 150w, https:\/\/labispecialisti.lv\/wp-content\/uploads\/2025\/12\/Ainavu-studija-1-768x768.jpg 768w, https:\/\/labispecialisti.lv\/wp-content\/uploads\/2025\/12\/Ainavu-studija-1-12x12.jpg 12w, https:\/\/labispecialisti.lv\/wp-content\/uploads\/2025\/12\/Ainavu-studija-1-500x500.jpg 500w, https:\/\/labispecialisti.lv\/wp-content\/uploads\/2025\/12\/Ainavu-studija-1-750x750.jpg 750w, https:\/\/labispecialisti.lv\/wp-content\/uploads\/2025\/12\/Ainavu-studija-1-450x450.jpg 450w, https:\/\/labispecialisti.lv\/wp-content\/uploads\/2025\/12\/Ainavu-studija-1-100x100.jpg 100w, https:\/\/labispecialisti.lv\/wp-content\/uploads\/2025\/12\/Ainavu-studija-1-600x600.jpg 600w, https:\/\/labispecialisti.lv\/wp-content\/uploads\/2025\/12\/Ainavu-studija-1-96x96.jpg 96w, https:\/\/labispecialisti.lv\/wp-content\/uploads\/2025\/12\/Ainavu-studija-1-460x460.jpg 460w\" sizes=\"(max-width: 800px) 100vw, 800px\" \/>\t\t\t\t\t\t\t\t\t\t\t\t\t\t\t<\/div>\n\t\t\t\t<\/div>\n\t\t\t\t<\/div>\n\t\t\t\t<\/div>\n\t\t<div class=\"elementor-element elementor-element-d05c405 e-con-full e-flex e-con e-child\" data-id=\"d05c405\" data-element_type=\"container\" data-e-type=\"container\">\n\t\t\t\t<div class=\"elementor-element elementor-element-454662d elementor-view-default elementor-widget elementor-widget-icon\" data-id=\"454662d\" data-element_type=\"widget\" data-e-type=\"widget\" data-widget_type=\"icon.default\">\n\t\t\t\t\t\t\t<div class=\"elementor-icon-wrapper\">\n\t\t\t<div class=\"elementor-icon\">\n\t\t\t<svg aria-hidden=\"true\" class=\"e-font-icon-svg e-fab-rev\" viewbox=\"0 0 448 512\" xmlns=\"http:\/\/www.w3.org\/2000\/svg\"><path d=\"M289.67 274.89a65.57 65.57 0 1 1-65.56-65.56 65.64 65.64 0 0 1 65.56 65.56zm139.55-5.05h-.13a204.69 204.69 0 0 0-74.32-153l-45.38 26.2a157.07 157.07 0 0 1 71.81 131.84C381.2 361.5 310.73 432 224.11 432S67 361.5 67 274.88c0-81.88 63-149.27 143-156.43v39.12l108.77-62.79L210 32v38.32c-106.7 7.25-191 96-191 204.57 0 111.59 89.12 202.29 200.06 205v.11h210.16V269.84z\"><\/path><\/svg>\t\t\t<\/div>\n\t\t<\/div>\n\t\t\t\t\t\t<\/div>\n\t\t\t\t<div class=\"elementor-element elementor-element-5f4c019 elementor-widget elementor-widget-text-editor\" data-id=\"5f4c019\" data-element_type=\"widget\" data-e-type=\"widget\" data-widget_type=\"text-editor.default\">\n\t\t\t\t\t\t\t\t\t<p>No problems and no headaches about occupational safety, as this is taken care of by GOOD SPECIALISTS. Well-organized systems and smooth operation. They remind me and make sure that all work safety issues in my company are taken care of! During the annual training, they explain and discuss things in a thoughtful manner, in a way that is understandable and appropriate for all employees, without unnecessary formalities or theories! Thank you! I recommend them!<\/p>\t\t\t\t\t\t\t\t<\/div>\n\t\t<div class=\"elementor-element elementor-element-639686f e-con-full e-flex e-con e-child\" data-id=\"639686f\" data-element_type=\"container\" data-e-type=\"container\">\n\t\t\t\t<div class=\"elementor-element elementor-element-0ff04c6 venam-transform transform-type-translate elementor-widget elementor-widget-heading\" data-id=\"0ff04c6\" data-element_type=\"widget\" data-e-type=\"widget\" data-widget_type=\"heading.default\">\n\t\t\t\t\t<h3 class=\"elementor-heading-title elementor-size-default\">SIA AINAVU STUDIJA<\/h3>\t\t\t\t<\/div>\n\t\t\t\t<div class=\"elementor-element elementor-element-abb1618 elementor-widget elementor-widget-text-editor\" data-id=\"abb1618\" data-element_type=\"widget\" data-e-type=\"widget\" data-widget_type=\"text-editor.default\">\n\t\t\t\t\t\t\t\t\t<p>Ainavu Studija specializes in the planning and design of gardens and public outdoor spaces \u2014 from landscape concepts and standard garden designs to complete technical solutions and large-scale landscaping plans.<\/p>\t\t\t\t\t\t\t\t<\/div>\n\t\t\t\t<\/div>\n\t\t\t\t<\/div>\n\t\t\t\t<\/div>\n\t\t\t\t\t<\/div>\n\t\t\t\t<\/div>\n\t\t<div class=\"elementor-element elementor-element-a0163df e-flex e-con-boxed e-con e-parent\" data-id=\"a0163df\" data-element_type=\"container\" data-e-type=\"container\">\n\t\t\t\t\t<div class=\"e-con-inner\">\n\t\t<div class=\"elementor-element elementor-element-60bb178 e-con-full e-flex e-con e-child\" data-id=\"60bb178\" data-element_type=\"container\" data-e-type=\"container\">\n\t\t<div class=\"elementor-element elementor-element-0210ec7 e-con-full e-flex e-con e-child\" data-id=\"0210ec7\" data-element_type=\"container\" data-e-type=\"container\">\n\t\t<div class=\"elementor-element elementor-element-3a6744a e-con-full e-flex e-con e-child\" data-id=\"3a6744a\" data-element_type=\"container\" data-e-type=\"container\" data-settings=\"{&quot;background_background&quot;:&quot;classic&quot;}\">\n\t\t<div class=\"elementor-element elementor-element-7174768 e-con-full review-logo e-flex e-con e-child\" data-id=\"7174768\" data-element_type=\"container\" data-e-type=\"container\">\n\t\t\t\t<div class=\"elementor-element elementor-element-5a0c8ff elementor-widget elementor-widget-image\" data-id=\"5a0c8ff\" data-element_type=\"widget\" data-e-type=\"widget\" data-widget_type=\"image.default\">\n\t\t\t\t\t\t\t\t\t\t\t\t\t\t\t<img decoding=\"async\" width=\"960\" height=\"156\" src=\"https:\/\/labispecialisti.lv\/wp-content\/uploads\/2026\/02\/rebarmat-1024x166.jpg\" class=\"attachment-large size-large wp-image-7627\" alt=\"\" srcset=\"https:\/\/labispecialisti.lv\/wp-content\/uploads\/2026\/02\/rebarmat-1024x166.jpg 1024w, https:\/\/labispecialisti.lv\/wp-content\/uploads\/2026\/02\/rebarmat-300x49.jpg 300w, https:\/\/labispecialisti.lv\/wp-content\/uploads\/2026\/02\/rebarmat-768x125.jpg 768w, https:\/\/labispecialisti.lv\/wp-content\/uploads\/2026\/02\/rebarmat-18x3.jpg 18w, https:\/\/labispecialisti.lv\/wp-content\/uploads\/2026\/02\/rebarmat-450x73.jpg 450w, https:\/\/labispecialisti.lv\/wp-content\/uploads\/2026\/02\/rebarmat-980x159.jpg 980w, https:\/\/labispecialisti.lv\/wp-content\/uploads\/2026\/02\/rebarmat.jpg 1280w\" sizes=\"(max-width: 960px) 100vw, 960px\" \/>\t\t\t\t\t\t\t\t\t\t\t\t\t\t\t<\/div>\n\t\t\t\t<\/div>\n\t\t\t\t<\/div>\n\t\t\t\t<\/div>\n\t\t<div class=\"elementor-element elementor-element-91cf194 e-con-full e-flex e-con e-child\" data-id=\"91cf194\" data-element_type=\"container\" data-e-type=\"container\">\n\t\t\t\t<div class=\"elementor-element elementor-element-6598ff6 elementor-view-default elementor-widget elementor-widget-icon\" data-id=\"6598ff6\" data-element_type=\"widget\" data-e-type=\"widget\" data-widget_type=\"icon.default\">\n\t\t\t\t\t\t\t<div class=\"elementor-icon-wrapper\">\n\t\t\t<div class=\"elementor-icon\">\n\t\t\t<svg aria-hidden=\"true\" class=\"e-font-icon-svg e-fab-rev\" viewbox=\"0 0 448 512\" xmlns=\"http:\/\/www.w3.org\/2000\/svg\"><path d=\"M289.67 274.89a65.57 65.57 0 1 1-65.56-65.56 65.64 65.64 0 0 1 65.56 65.56zm139.55-5.05h-.13a204.69 204.69 0 0 0-74.32-153l-45.38 26.2a157.07 157.07 0 0 1 71.81 131.84C381.2 361.5 310.73 432 224.11 432S67 361.5 67 274.88c0-81.88 63-149.27 143-156.43v39.12l108.77-62.79L210 32v38.32c-106.7 7.25-191 96-191 204.57 0 111.59 89.12 202.29 200.06 205v.11h210.16V269.84z\"><\/path><\/svg>\t\t\t<\/div>\n\t\t<\/div>\n\t\t\t\t\t\t<\/div>\n\t\t\t\t<div class=\"elementor-element elementor-element-b5c7e5b elementor-widget elementor-widget-text-editor\" data-id=\"b5c7e5b\" data-element_type=\"widget\" data-e-type=\"widget\" data-widget_type=\"text-editor.default\">\n\t\t\t\t\t\t\t\t\tAtsauksme par sadarb\u012bbu ar SIA &#8220;Labi speci\u0101listi&#8221;\nAr SIA &#8220;Labi speci\u0101listi&#8221; m\u016bsu uz\u0146\u0113mums veiksm\u012bgi sadarbojas jau kop\u0161 2024.gada vasaras. Darba aizsardz\u012bbas kompetent\u0101s instit\u016bcijas speci\u0101listi profesion\u0101li uzrauga un uztur darba aizsardz\u012bbas sist\u0113mu m\u016bsu ra\u017eotn\u0113, nodro\u0161inot t\u0101s atbilst\u012bbu likum\u0101 noteiktaj\u0101m pras\u012bb\u0101m un pal\u012bdzot pilnveidot darba vidi, padarot to dro\u0161\u0101ku m\u016bsu darbiniekiem.\n\u0160\u012b uz\u0146\u0113muma speci\u0101listi vienm\u0113r ir atsauc\u012bgi, pieejami konsult\u0101cij\u0101m un \u0101tri rea\u0123\u0113 uz m\u016bsu l\u016bgumiem. Visus pl\u0101notos uzlabojumus ra\u017eotn\u0113 saska\u0146ojam ar SIA &#8220;Labi speci\u0101listi&#8221; \u2014 gan, piem\u0113ram, attiec\u012bb\u0101 uz apgaismojumu un telpu apr\u012bkojumu, gan individu\u0101lo aizsardz\u012bbas l\u012bdzek\u013cu izv\u0113li un pareizu lieto\u0161anu. Vienm\u0113r sa\u0146emam v\u0113rt\u012bgus un praktiskus ieteikumus no savas nozares profesion\u0101\u013ciem.\nSadarb\u012bbu v\u0113rt\u0113jam k\u0101 uzticamu un kvalitat\u012bvu!\n\n<br><strong>Jan Nowikow SIA \u201cHMP Group\u201d valdes loceklis<\/strong><br>\n<a href=\"https:\/\/rebarmat.com\/\" target=\"_blank\" rel=\"noopener\">rebarmat.com<\/a>\t\t\t\t\t\t\t\t<\/div>\n\t\t\t\t<\/div>\n\t\t\t\t<\/div>\n\t\t\t\t\t<\/div>\n\t\t\t\t<\/div>\n\t\t<div class=\"elementor-element elementor-element-b6e92fa e-flex e-con-boxed e-con e-parent\" data-id=\"b6e92fa\" data-element_type=\"container\" data-e-type=\"container\">\n\t\t\t\t\t<div class=\"e-con-inner\">\n\t\t<div class=\"elementor-element elementor-element-1b210b9 e-con-full e-flex e-con e-child\" data-id=\"1b210b9\" data-element_type=\"container\" data-e-type=\"container\">\n\t\t<div class=\"elementor-element elementor-element-35fbbd6 e-con-full e-flex e-con e-child\" data-id=\"35fbbd6\" data-element_type=\"container\" data-e-type=\"container\">\n\t\t<div class=\"elementor-element elementor-element-32dd94a e-con-full e-flex e-con e-child\" data-id=\"32dd94a\" data-element_type=\"container\" data-e-type=\"container\" data-settings=\"{&quot;background_background&quot;:&quot;classic&quot;}\">\n\t\t<div class=\"elementor-element elementor-element-a4c0319 e-con-full review-logo e-flex e-con e-child\" data-id=\"a4c0319\" data-element_type=\"container\" data-e-type=\"container\">\n\t\t\t\t<div class=\"elementor-element elementor-element-ca99e43 elementor-widget elementor-widget-image\" data-id=\"ca99e43\" data-element_type=\"widget\" data-e-type=\"widget\" data-widget_type=\"image.default\">\n\t\t\t\t\t\t\t\t\t\t\t\t\t\t\t<img decoding=\"async\" width=\"823\" height=\"269\" src=\"https:\/\/labispecialisti.lv\/wp-content\/uploads\/2026\/02\/\u0421\u043d\u0438\u043c\u043e\u043a-\u044d\u043a\u0440\u0430\u043d\u0430-2026-02-16-145825.png\" class=\"attachment-large size-large wp-image-7648\" alt=\"\" srcset=\"https:\/\/labispecialisti.lv\/wp-content\/uploads\/2026\/02\/\u0421\u043d\u0438\u043c\u043e\u043a-\u044d\u043a\u0440\u0430\u043d\u0430-2026-02-16-145825.png 823w, https:\/\/labispecialisti.lv\/wp-content\/uploads\/2026\/02\/\u0421\u043d\u0438\u043c\u043e\u043a-\u044d\u043a\u0440\u0430\u043d\u0430-2026-02-16-145825-300x98.png 300w, https:\/\/labispecialisti.lv\/wp-content\/uploads\/2026\/02\/\u0421\u043d\u0438\u043c\u043e\u043a-\u044d\u043a\u0440\u0430\u043d\u0430-2026-02-16-145825-768x251.png 768w, https:\/\/labispecialisti.lv\/wp-content\/uploads\/2026\/02\/\u0421\u043d\u0438\u043c\u043e\u043a-\u044d\u043a\u0440\u0430\u043d\u0430-2026-02-16-145825-18x6.png 18w, https:\/\/labispecialisti.lv\/wp-content\/uploads\/2026\/02\/\u0421\u043d\u0438\u043c\u043e\u043a-\u044d\u043a\u0440\u0430\u043d\u0430-2026-02-16-145825-450x147.png 450w\" sizes=\"(max-width: 823px) 100vw, 823px\" \/>\t\t\t\t\t\t\t\t\t\t\t\t\t\t\t<\/div>\n\t\t\t\t<\/div>\n\t\t\t\t<\/div>\n\t\t\t\t<\/div>\n\t\t<div class=\"elementor-element elementor-element-454e403 e-con-full e-flex e-con e-child\" data-id=\"454e403\" data-element_type=\"container\" data-e-type=\"container\">\n\t\t\t\t<div class=\"elementor-element elementor-element-d439c25 elementor-view-default elementor-widget elementor-widget-icon\" data-id=\"d439c25\" data-element_type=\"widget\" data-e-type=\"widget\" data-widget_type=\"icon.default\">\n\t\t\t\t\t\t\t<div class=\"elementor-icon-wrapper\">\n\t\t\t<div class=\"elementor-icon\">\n\t\t\t<svg aria-hidden=\"true\" class=\"e-font-icon-svg e-fab-rev\" viewbox=\"0 0 448 512\" xmlns=\"http:\/\/www.w3.org\/2000\/svg\"><path d=\"M289.67 274.89a65.57 65.57 0 1 1-65.56-65.56 65.64 65.64 0 0 1 65.56 65.56zm139.55-5.05h-.13a204.69 204.69 0 0 0-74.32-153l-45.38 26.2a157.07 157.07 0 0 1 71.81 131.84C381.2 361.5 310.73 432 224.11 432S67 361.5 67 274.88c0-81.88 63-149.27 143-156.43v39.12l108.77-62.79L210 32v38.32c-106.7 7.25-191 96-191 204.57 0 111.59 89.12 202.29 200.06 205v.11h210.16V269.84z\"><\/path><\/svg>\t\t\t<\/div>\n\t\t<\/div>\n\t\t\t\t\t\t<\/div>\n\t\t\t\t<div class=\"elementor-element elementor-element-a86ef9c elementor-widget elementor-widget-text-editor\" data-id=\"a86ef9c\" data-element_type=\"widget\" data-e-type=\"widget\" data-widget_type=\"text-editor.default\">\n\t\t\t\t\t\t\t\t\t<p>\u05d0\u05e0\u05d9 \u05d0\u05d5\u05dc\u05d9 \u05de\u05e0\u05d4\u05dc\u05ea \u05d7\u05d1\u05e8\u05ea \u05e7\u05d9\u05d9\u05d8\u05e8\u05d9\u05e0\u05d2, \u05d0\u05d1\u05dc \u05d0\u05dd \u05e0\u05d4\u05d9\u05d4 \u05db\u05e0\u05d5\u05ea \u2013 \u05d0\u05e0\u05d9 \u05d8\u05d9\u05e4\u05d5\u05e1 \u05e9\u05dc &#8220;\u05db\u05d0\u05d5\u05e1 \u05de\u05d0\u05d5\u05e8\u05d2\u05df&#8221;. \u05d4\u05e0\u05d9\u05d9\u05e8\u05ea? \u05d6\u05d4 \u05ea\u05de\u05d9\u05d3 \u05d4\u05d3\u05d1\u05e8 \u05d4\u05d0\u05d7\u05e8\u05d5\u05df \u05e9\u05d0\u05e0\u05d9 \u05d6\u05d5\u05db\u05e8\u05ea \u05dc\u05d8\u05e4\u05dc \u05d1\u05d5.<br \/>\u05d0\u05d1\u05dc \u05db\u05d1\u05e2\u05dc\u05ea \u05e2\u05e1\u05e7, \u05d0\u05e0\u05d9 \u05d9\u05d5\u05d3\u05e2\u05ea \u05e9\u05d0\u05d9\u05df \u05de\u05e9\u05d7\u05e7\u05d9\u05dd \u05db\u05e9\u05d6\u05d4 \u05e0\u05d5\u05d2\u05e2 \u05dc\u05d1\u05d8\u05d9\u05d7\u05d5\u05ea \u05d1\u05e2\u05d1\u05d5\u05d3\u05d4. \u05d4\u05d0\u05d7\u05e8\u05d9\u05d5\u05ea \u05e9\u05dc\u05d9 \u05d4\u05d9\u05d0 \u05e9\u05d4\u05e2\u05d5\u05d1\u05d3\u05d9\u05dd \u05e9\u05dc\u05d9 \u05d9\u05d4\u05d9\u05d5 \u05de\u05d5\u05d2\u05e0\u05d9\u05dd, \u05d5\u05e9\u05d2\u05dd \u05d0\u05e0\u05d9 \u05db\u05de\u05e2\u05e1\u05d9\u05e7\u05d4 \u05d0\u05d4\u05d9\u05d4 \u05de\u05db\u05d5\u05e1\u05d4 \u05de\u05d4\u05e6\u05d3 \u05e9\u05dc\u05d9. \u05d4\u05d1\u05d9\u05d8\u05d7\u05d5\u05df \u05d4\u05d6\u05d4 \u05d7\u05d9\u05d9\u05d1 \u05dc\u05d4\u05d9\u05d5\u05ea \u05d4\u05d3\u05d3\u05d9.<br \/>\u05db\u05d3\u05d9 \u05dc\u05e2\u05e9\u05d5\u05ea \u05e1\u05d3\u05e8 \u05d1\u05db\u05dc \u05d4\u05ea\u05d4\u05dc\u05d9\u05db\u05d9\u05dd \u05d4\u05d0\u05dc\u05d4 \u05e4\u05e0\u05d9\u05ea\u05d9 \u05dc\u05de\u05e7\u05e6\u05d5\u05e2\u05e0\u05d9\u05dd \u05e9\u05dc Labi Speci\u0101listi.<br \/>\u05d5\u05d5\u05d0\u05d5, \u05d0\u05d9\u05d6\u05d4 \u05e9\u05d9\u05e8\u05d5\u05ea! \u05d4\u05dd \u05d4\u05d2\u05d9\u05e2\u05d5 \u05dc\u05e2\u05e1\u05e7, \u05d4\u05e2\u05d1\u05d9\u05e8\u05d5 \u05d4\u05d3\u05e8\u05db\u05d5\u05ea, \u05e2\u05e9\u05d5 \u05ea\u05d3\u05e8\u05d5\u05db\u05d9 \u05d1\u05d8\u05d9\u05d7\u05d5\u05ea \u05d5\u05dc\u05d0 \u05e4\u05e1\u05e4\u05e1\u05d5 \u05d0\u05e3 \u05e4\u05e8\u05d8. \u05d5\u05d4\u05d7\u05dc\u05e7 \u05d4\u05db\u05d9 \u05d8\u05d5\u05d1 \u05de\u05d1\u05d7\u05d9\u05e0\u05ea\u05d9? \u05d4\u05db\u05dc \u05de\u05d0\u05d5\u05e8\u05d2\u05df, \u05de\u05ea\u05d5\u05e7\u05ea\u05e7 \u05d5\u05e0\u05de\u05e6\u05d0 \u05d0\u05e6\u05dc\u05d9 \u05e2\u05dc \u05d4\u05e9\u05d5\u05dc\u05d7\u05df \u05d1\u05ea\u05d5\u05da \u05e7\u05dc\u05e1\u05e8 \u05d0\u05d7\u05d3 \u05d2\u05d3\u05d5\u05dc \u05d5\u05d9\u05e4\u05d4.<br \/>\u05ea\u05d5\u05d3\u05d4 \u05e2\u05e0\u05e7\u05d9\u05ea \u05dc\u05e6\u05d5\u05d5\u05ea Labi speci\u0101listi \u05e2\u05dc \u05d4\u05e2\u05d1\u05d5\u05d3\u05d4 \u05d5\u05d4\u05d3\u05d0\u05d2\u05d4 \u05d4\u05d0\u05de\u05d9\u05ea\u05d9\u05ea. \u05de\u05e7\u05e6\u05d5\u05e2\u05e0\u05d9\u05dd \u05d1\u05e8\u05de\u05d4 \u05d4\u05db\u05d9 \u05d2\u05d1\u05d5\u05d4\u05d4 \u05e9\u05d9\u05e9.<br \/>\u05de\u05de\u05e9\u05d9\u05db\u05d9\u05dd \u05dc\u05e2\u05d1\u05d5\u05d3 \u05d9\u05d7\u05d3!<\/p><p><a href=\"https:\/\/linele.lv\/\" target=\"_blank\" rel=\"noopener\">linele.lv<\/a><\/p>\t\t\t\t\t\t\t\t<\/div>\n\t\t\t\t<\/div>\n\t\t\t\t<\/div>\n\t\t\t\t\t<\/div>\n\t\t\t\t<\/div>\n\t\t\t\t<\/div>","protected":false},"excerpt":{"rendered":"<p>Portfolio un m\u016bsu atsauksmes Nav probl\u0113mu un galva par darba aizsardz\u012bbu nes\u0101p, par to par\u016bp\u0113jas LABI SPECI\u0100LISTI. Sak\u0101rtotas sist\u0113mas un raita darb\u012bba. Atg\u0101dina un par\u016bp\u0113jas, lai viss man\u0101 uz\u0146\u0113mum\u0101 ar darba dro\u0161\u012bbu saist\u012btie jaut\u0101jumi b\u016btu sak\u0101rtoti! Ikgad\u0113j\u0101 instrukt\u0101\u017e\u0101 p\u0101rdom\u0101ti past\u0101sta un izrun\u0101 lietas p\u0113c fakta un visiem darbiniekiem saprotami un atbilsto\u0161i, bez liek\u0101m formulit\u0101t\u0113m vai&#8230;<\/p>","protected":false},"author":1,"featured_media":0,"parent":0,"menu_order":0,"comment_status":"closed","ping_status":"closed","template":"","meta":{"footnotes":""},"class_list":{"0":"post-4073","1":"page","2":"type-page","3":"status-publish","4":"hentry","5":"nt-post-class","6":"","7":"thumb-none","9":"excerpt-none"},"jetpack_sharing_enabled":true,"_links":{"self":[{"href":"https:\/\/labispecialisti.lv\/en\/wp-json\/wp\/v2\/pages\/4073","targetHints":{"allow":["GET"]}}],"collection":[{"href":"https:\/\/labispecialisti.lv\/en\/wp-json\/wp\/v2\/pages"}],"about":[{"href":"https:\/\/labispecialisti.lv\/en\/wp-json\/wp\/v2\/types\/page"}],"author":[{"embeddable":true,"href":"https:\/\/labispecialisti.lv\/en\/wp-json\/wp\/v2\/users\/1"}],"replies":[{"embeddable":true,"href":"https:\/\/labispecialisti.lv\/en\/wp-json\/wp\/v2\/comments?post=4073"}],"version-history":[{"count":5,"href":"https:\/\/labispecialisti.lv\/en\/wp-json\/wp\/v2\/pages\/4073\/revisions"}],"predecessor-version":[{"id":7657,"href":"https:\/\/labispecialisti.lv\/en\/wp-json\/wp\/v2\/pages\/4073\/revisions\/7657"}],"wp:attachment":[{"href":"https:\/\/labispecialisti.lv\/en\/wp-json\/wp\/v2\/media?parent=4073"}],"curies":[{"name":"wp","href":"https:\/\/api.w.org\/{rel}","templated":true}]}}