{"id":6600,"date":"2025-11-12T15:12:38","date_gmt":"2025-11-12T15:12:38","guid":{"rendered":"https:\/\/labispecialisti.lv\/?page_id=6600"},"modified":"2025-11-25T12:01:49","modified_gmt":"2025-11-25T12:01:49","slug":"vides-aizsardziba","status":"publish","type":"page","link":"https:\/\/labispecialisti.lv\/en\/vides-aizsardziba\/","title":{"rendered":"Environmental protection"},"content":{"rendered":"<div data-elementor-type=\"wp-page\" data-elementor-id=\"6600\" class=\"elementor elementor-6600\" data-elementor-post-type=\"page\">\n\t\t\t\t<div class=\"elementor-element elementor-element-05311c8 e-flex e-con-boxed e-con e-parent\" data-id=\"05311c8\" data-element_type=\"container\" data-e-type=\"container\">\n\t\t\t\t\t<div class=\"e-con-inner\">\n\t\t\t\t<div class=\"elementor-element elementor-element-c167634 elementor-widget__width-initial elementor-widget elementor-widget-image\" data-id=\"c167634\" data-element_type=\"widget\" data-e-type=\"widget\" data-widget_type=\"image.default\">\n\t\t\t\t\t\t\t\t\t\t\t\t\t\t\t<img fetchpriority=\"high\" decoding=\"async\" width=\"430\" height=\"412\" src=\"https:\/\/labispecialisti.lv\/wp-content\/uploads\/2025\/08\/image-removebg-preview.png\" class=\"attachment-large size-large wp-image-3877\" alt=\"\" srcset=\"https:\/\/labispecialisti.lv\/wp-content\/uploads\/2025\/08\/image-removebg-preview.png 430w, https:\/\/labispecialisti.lv\/wp-content\/uploads\/2025\/08\/image-removebg-preview-300x287.png 300w, https:\/\/labispecialisti.lv\/wp-content\/uploads\/2025\/08\/image-removebg-preview-13x12.png 13w\" sizes=\"(max-width: 430px) 100vw, 430px\" \/>\t\t\t\t\t\t\t\t\t\t\t\t\t\t\t<\/div>\n\t\t\t\t<div class=\"elementor-element elementor-element-0063ef8 venam-transform transform-type-translate elementor-widget elementor-widget-heading\" data-id=\"0063ef8\" data-element_type=\"widget\" data-e-type=\"widget\" data-widget_type=\"heading.default\">\n\t\t\t\t\t<h3 class=\"elementor-heading-title elementor-size-default\">Environmental protection<\/h3>\t\t\t\t<\/div>\n\t\t\t\t\t<\/div>\n\t\t\t\t<\/div>\n\t\t<div class=\"elementor-element elementor-element-7844a19 e-flex e-con-boxed e-con e-parent\" data-id=\"7844a19\" data-element_type=\"container\" data-e-type=\"container\">\n\t\t\t\t\t<div class=\"e-con-inner\">\n\t\t<div class=\"elementor-element elementor-element-7498c97 e-con-full e-flex e-con e-child\" data-id=\"7498c97\" data-element_type=\"container\" data-e-type=\"container\">\n\t\t\t\t<div class=\"elementor-element elementor-element-e06ecbd elementor-widget elementor-widget-text-editor\" data-id=\"e06ecbd\" data-element_type=\"widget\" data-e-type=\"widget\" data-widget_type=\"text-editor.default\">\n\t\t\t\t\t\t\t\t\t<div class=\"elementor-element elementor-element-dc1d97e first-text elementor-widget__width-initial elementor-widget elementor-widget-text-editor\" data-id=\"dc1d97e\" data-element_type=\"widget\" data-widget_type=\"text-editor.default\"><div class=\"elementor-element elementor-element-dc1d97e first-text elementor-widget__width-initial elementor-widget elementor-widget-text-editor\" data-id=\"dc1d97e\" data-element_type=\"widget\" data-widget_type=\"text-editor.default\"><div class=\"elementor-element elementor-element-0f51ab7 first-text elementor-widget__width-initial elementor-widget elementor-widget-text-editor\" data-id=\"0f51ab7\" data-element_type=\"widget\" data-widget_type=\"text-editor.default\"><p>The daily operations of a company always leave an impact on the environment \u2014 from resource usage to potential pollution risks in soil, air, and water. To reduce this impact, professional environmental protection solutions are necessary, helping companies comply with national and international regulations. A responsible environmental approach also means caring about society and a sustainable future, while strengthening the company\u2019s reputation among employees, partners, investors, and clients.<\/p><\/div><p>Any company activity can have a significant effect on the environment \u2014 soil, air, and water. We provide consultations on environmental protection requirements, helping prepare and obtain ready-made documents, instructions, and presentations that comply with Latvian and international environmental standards and regulations.<br \/>Additionally, we offer practical solutions and equipment that help reduce pollution risks and create a sustainable working environment.<br \/>This allows companies not only to avoid possible sanctions, but also to demonstrate social responsibility, care for the planet, and create a positive image in the eyes of investors, partners, and clients.<\/p><\/div><\/div>\t\t\t\t\t\t\t\t<\/div>\n\t\t\t\t<\/div>\n\t\t<div class=\"elementor-element elementor-element-9ec4201 e-con-full e-flex e-con e-child\" data-id=\"9ec4201\" data-element_type=\"container\" data-e-type=\"container\">\n\t\t\t\t<div class=\"elementor-element elementor-element-03d472f elementor-widget__width-initial elementor-widget elementor-widget-image\" data-id=\"03d472f\" data-element_type=\"widget\" data-e-type=\"widget\" data-widget_type=\"image.default\">\n\t\t\t\t\t\t\t\t\t\t\t\t\t\t\t<img decoding=\"async\" width=\"960\" height=\"960\" src=\"https:\/\/labispecialisti.lv\/wp-content\/uploads\/2025\/08\/Pakalp_videsAizs.png\" class=\"attachment-large size-large wp-image-3454\" alt=\"\" srcset=\"https:\/\/labispecialisti.lv\/wp-content\/uploads\/2025\/08\/Pakalp_videsAizs.png 1024w, https:\/\/labispecialisti.lv\/wp-content\/uploads\/2025\/08\/Pakalp_videsAizs-300x300.png 300w, https:\/\/labispecialisti.lv\/wp-content\/uploads\/2025\/08\/Pakalp_videsAizs-150x150.png 150w, https:\/\/labispecialisti.lv\/wp-content\/uploads\/2025\/08\/Pakalp_videsAizs-768x768.png 768w, https:\/\/labispecialisti.lv\/wp-content\/uploads\/2025\/08\/Pakalp_videsAizs-12x12.png 12w, https:\/\/labispecialisti.lv\/wp-content\/uploads\/2025\/08\/Pakalp_videsAizs-500x500.png 500w, https:\/\/labispecialisti.lv\/wp-content\/uploads\/2025\/08\/Pakalp_videsAizs-750x750.png 750w, https:\/\/labispecialisti.lv\/wp-content\/uploads\/2025\/08\/Pakalp_videsAizs-450x450.png 450w, https:\/\/labispecialisti.lv\/wp-content\/uploads\/2025\/08\/Pakalp_videsAizs-980x980.png 980w, https:\/\/labispecialisti.lv\/wp-content\/uploads\/2025\/08\/Pakalp_videsAizs-100x100.png 100w, https:\/\/labispecialisti.lv\/wp-content\/uploads\/2025\/08\/Pakalp_videsAizs-600x600.png 600w, https:\/\/labispecialisti.lv\/wp-content\/uploads\/2025\/08\/Pakalp_videsAizs-96x96.png 96w, https:\/\/labispecialisti.lv\/wp-content\/uploads\/2025\/08\/Pakalp_videsAizs-460x460.png 460w\" sizes=\"(max-width: 960px) 100vw, 960px\" \/>\t\t\t\t\t\t\t\t\t\t\t\t\t\t\t<\/div>\n\t\t\t\t<\/div>\n\t\t<div class=\"elementor-element elementor-element-1606051 e-con-full e-flex e-con e-child\" data-id=\"1606051\" data-element_type=\"container\" data-e-type=\"container\">\n\t\t<div class=\"elementor-element elementor-element-53fcc28 e-con-full e-flex e-con e-child\" data-id=\"53fcc28\" data-element_type=\"container\" data-e-type=\"container\">\n\t\t\t\t<div class=\"elementor-element elementor-element-d567072 venam-transform transform-type-translate elementor-widget elementor-widget-heading\" data-id=\"d567072\" data-element_type=\"widget\" data-e-type=\"widget\" data-widget_type=\"heading.default\">\n\t\t\t\t\t<h4 class=\"elementor-heading-title elementor-size-default\">We offer<\/h4>\t\t\t\t<\/div>\n\t\t\t\t<\/div>\n\t\t<div class=\"elementor-element elementor-element-ce8e0e9 e-con-full e-flex e-con e-child\" data-id=\"ce8e0e9\" data-element_type=\"container\" data-e-type=\"container\">\n\t\t<div class=\"elementor-element elementor-element-0456b23 e-con-full e-flex e-con e-child\" data-id=\"0456b23\" data-element_type=\"container\" data-e-type=\"container\">\n\t\t\t\t<div class=\"elementor-element elementor-element-4bd3010 elementor-align-start elementor-widget__width-initial first-text elementor-icon-list--layout-traditional elementor-list-item-link-full_width elementor-widget elementor-widget-icon-list\" data-id=\"4bd3010\" data-element_type=\"widget\" data-e-type=\"widget\" data-widget_type=\"icon-list.default\">\n\t\t\t\t\t\t\t<ul class=\"elementor-icon-list-items\">\n\t\t\t\t\t\t\t<li class=\"elementor-icon-list-item\">\n\t\t\t\t\t\t\t\t\t\t\t<span class=\"elementor-icon-list-icon\">\n\t\t\t\t\t\t\t<svg aria-hidden=\"true\" class=\"e-font-icon-svg e-fas-leaf\" viewbox=\"0 0 576 512\" xmlns=\"http:\/\/www.w3.org\/2000\/svg\"><path d=\"M546.2 9.7c-5.6-12.5-21.6-13-28.3-1.2C486.9 62.4 431.4 96 368 96h-80C182 96 96 182 96 288c0 7 .8 13.7 1.5 20.5C161.3 262.8 253.4 224 384 224c8.8 0 16 7.2 16 16s-7.2 16-16 16C132.6 256 26 410.1 2.4 468c-6.6 16.3 1.2 34.9 17.5 41.6 16.4 6.8 35-1.1 41.8-17.3 1.5-3.6 20.9-47.9 71.9-90.6 32.4 43.9 94 85.8 174.9 77.2C465.5 467.5 576 326.7 576 154.3c0-50.2-10.8-102.2-29.8-144.6z\"><\/path><\/svg>\t\t\t\t\t\t<\/span>\n\t\t\t\t\t\t\t\t\t\t<span class=\"elementor-icon-list-text\"> Consultations on environmental matters<\/span>\n\t\t\t\t\t\t\t\t\t<\/li>\n\t\t\t\t\t\t\t\t<li class=\"elementor-icon-list-item\">\n\t\t\t\t\t\t\t\t\t\t\t<span class=\"elementor-icon-list-icon\">\n\t\t\t\t\t\t\t<svg aria-hidden=\"true\" class=\"e-font-icon-svg e-fas-leaf\" viewbox=\"0 0 576 512\" xmlns=\"http:\/\/www.w3.org\/2000\/svg\"><path d=\"M546.2 9.7c-5.6-12.5-21.6-13-28.3-1.2C486.9 62.4 431.4 96 368 96h-80C182 96 96 182 96 288c0 7 .8 13.7 1.5 20.5C161.3 262.8 253.4 224 384 224c8.8 0 16 7.2 16 16s-7.2 16-16 16C132.6 256 26 410.1 2.4 468c-6.6 16.3 1.2 34.9 17.5 41.6 16.4 6.8 35-1.1 41.8-17.3 1.5-3.6 20.9-47.9 71.9-90.6 32.4 43.9 94 85.8 174.9 77.2C465.5 467.5 576 326.7 576 154.3c0-50.2-10.8-102.2-29.8-144.6z\"><\/path><\/svg>\t\t\t\t\t\t<\/span>\n\t\t\t\t\t\t\t\t\t\t<span class=\"elementor-icon-list-text\">Preparation of documents for obtaining A, B, and C category polluting activity permits from the State Environmental Service (VVD)<\/span>\n\t\t\t\t\t\t\t\t\t<\/li>\n\t\t\t\t\t\t<\/ul>\n\t\t\t\t\t\t<\/div>\n\t\t\t\t<\/div>\n\t\t<div class=\"elementor-element elementor-element-c778e11 e-con-full e-flex e-con e-child\" data-id=\"c778e11\" data-element_type=\"container\" data-e-type=\"container\">\n\t\t\t\t<div class=\"elementor-element elementor-element-c4040a9 elementor-widget__width-initial first-text elementor-align-start elementor-icon-list--layout-traditional elementor-list-item-link-full_width elementor-widget elementor-widget-icon-list\" data-id=\"c4040a9\" data-element_type=\"widget\" data-e-type=\"widget\" data-widget_type=\"icon-list.default\">\n\t\t\t\t\t\t\t<ul class=\"elementor-icon-list-items\">\n\t\t\t\t\t\t\t<li class=\"elementor-icon-list-item\">\n\t\t\t\t\t\t\t\t\t\t\t<span class=\"elementor-icon-list-icon\">\n\t\t\t\t\t\t\t<svg aria-hidden=\"true\" class=\"e-font-icon-svg e-fas-leaf\" viewbox=\"0 0 576 512\" xmlns=\"http:\/\/www.w3.org\/2000\/svg\"><path d=\"M546.2 9.7c-5.6-12.5-21.6-13-28.3-1.2C486.9 62.4 431.4 96 368 96h-80C182 96 96 182 96 288c0 7 .8 13.7 1.5 20.5C161.3 262.8 253.4 224 384 224c8.8 0 16 7.2 16 16s-7.2 16-16 16C132.6 256 26 410.1 2.4 468c-6.6 16.3 1.2 34.9 17.5 41.6 16.4 6.8 35-1.1 41.8-17.3 1.5-3.6 20.9-47.9 71.9-90.6 32.4 43.9 94 85.8 174.9 77.2C465.5 467.5 576 326.7 576 154.3c0-50.2-10.8-102.2-29.8-144.6z\"><\/path><\/svg>\t\t\t\t\t\t<\/span>\n\t\t\t\t\t\t\t\t\t\t<span class=\"elementor-icon-list-text\">Performing environmental protection audits and explaining the results<\/span>\n\t\t\t\t\t\t\t\t\t<\/li>\n\t\t\t\t\t\t\t\t<li class=\"elementor-icon-list-item\">\n\t\t\t\t\t\t\t\t\t\t\t<span class=\"elementor-icon-list-icon\">\n\t\t\t\t\t\t\t<svg aria-hidden=\"true\" class=\"e-font-icon-svg e-fas-leaf\" viewbox=\"0 0 576 512\" xmlns=\"http:\/\/www.w3.org\/2000\/svg\"><path d=\"M546.2 9.7c-5.6-12.5-21.6-13-28.3-1.2C486.9 62.4 431.4 96 368 96h-80C182 96 96 182 96 288c0 7 .8 13.7 1.5 20.5C161.3 262.8 253.4 224 384 224c8.8 0 16 7.2 16 16s-7.2 16-16 16C132.6 256 26 410.1 2.4 468c-6.6 16.3 1.2 34.9 17.5 41.6 16.4 6.8 35-1.1 41.8-17.3 1.5-3.6 20.9-47.9 71.9-90.6 32.4 43.9 94 85.8 174.9 77.2C465.5 467.5 576 326.7 576 154.3c0-50.2-10.8-102.2-29.8-144.6z\"><\/path><\/svg>\t\t\t\t\t\t<\/span>\n\t\t\t\t\t\t\t\t\t\t<span class=\"elementor-icon-list-text\">Preparation of necessary environmental documentation, such as accounting and registration journals, etc.<\/span>\n\t\t\t\t\t\t\t\t\t<\/li>\n\t\t\t\t\t\t<\/ul>\n\t\t\t\t\t\t<\/div>\n\t\t\t\t<\/div>\n\t\t\t\t<\/div>\n\t\t\t\t<\/div>\n\t\t\t\t\t<\/div>\n\t\t\t\t<\/div>\n\t\t<div class=\"elementor-element elementor-element-8c18aa9 e-flex e-con-boxed e-con e-parent\" data-id=\"8c18aa9\" data-element_type=\"container\" data-e-type=\"container\" data-settings=\"{&quot;background_background&quot;:&quot;classic&quot;}\">\n\t\t\t\t\t<div class=\"e-con-inner\">\n\t\t<div class=\"elementor-element elementor-element-9413338 e-con-full e-flex e-con e-child\" data-id=\"9413338\" data-element_type=\"container\" data-e-type=\"container\">\n\t\t\t\t<div class=\"elementor-element elementor-element-7b02b8c venam-transform transform-type-translate elementor-widget elementor-widget-heading\" data-id=\"7b02b8c\" data-element_type=\"widget\" data-e-type=\"widget\" data-widget_type=\"heading.default\">\n\t\t\t\t\t<h4 class=\"elementor-heading-title elementor-size-default\">Why choose us?<\/h4>\t\t\t\t<\/div>\n\t\t\t\t<\/div>\n\t\t<div class=\"elementor-element elementor-element-0ef47dc e-con-full e-flex e-con e-child\" data-id=\"0ef47dc\" data-element_type=\"container\" data-e-type=\"container\">\n\t\t<div class=\"elementor-element elementor-element-82c523e e-con-full e-transform e-flex e-con e-child\" data-id=\"82c523e\" data-element_type=\"container\" data-e-type=\"container\" data-settings=\"{&quot;background_background&quot;:&quot;classic&quot;,&quot;_transform_scale_effect_hover&quot;:{&quot;unit&quot;:&quot;px&quot;,&quot;size&quot;:1.02,&quot;sizes&quot;:[]},&quot;_transform_scale_effect_hover_tablet&quot;:{&quot;unit&quot;:&quot;px&quot;,&quot;size&quot;:&quot;&quot;,&quot;sizes&quot;:[]},&quot;_transform_scale_effect_hover_mobile&quot;:{&quot;unit&quot;:&quot;px&quot;,&quot;size&quot;:&quot;&quot;,&quot;sizes&quot;:[]}}\">\n\t\t<div class=\"elementor-element elementor-element-8d4f640 e-con-full e-flex e-con e-child\" data-id=\"8d4f640\" data-element_type=\"container\" data-e-type=\"container\">\n\t\t\t\t<div class=\"elementor-element elementor-element-15cace3 elementor-widget__width-auto service-icon elementor-view-default elementor-widget elementor-widget-icon\" data-id=\"15cace3\" data-element_type=\"widget\" data-e-type=\"widget\" data-widget_type=\"icon.default\">\n\t\t\t\t\t\t\t<div class=\"elementor-icon-wrapper\">\n\t\t\t<div class=\"elementor-icon\">\n\t\t\t<i aria-hidden=\"true\" class=\"venam-icons flaticon-plus\"><\/i>\t\t\t<\/div>\n\t\t<\/div>\n\t\t\t\t\t\t<\/div>\n\t\t\t\t<\/div>\n\t\t\t\t<div class=\"elementor-element elementor-element-683c51e elementor-widget__width-inherit text-pakalpojumi elementor-widget elementor-widget-text-editor\" data-id=\"683c51e\" data-element_type=\"widget\" data-e-type=\"widget\" data-widget_type=\"text-editor.default\">\n\t\t\t\t\t\t\t\t\t<p>Compliance with regulations<\/p>\t\t\t\t\t\t\t\t<\/div>\n\t\t<div class=\"elementor-element elementor-element-bb7b9f8 e-con-full e-flex e-con e-child\" data-id=\"bb7b9f8\" data-element_type=\"container\" data-e-type=\"container\">\n\t\t\t\t<div class=\"elementor-element elementor-element-6338e56 text-pakalpojumi elementor-widget elementor-widget-text-editor\" data-id=\"6338e56\" data-element_type=\"widget\" data-e-type=\"widget\" data-widget_type=\"text-editor.default\">\n\t\t\t\t\t\t\t\t\t<p>We guarantee that your company fully complies with all relevant environmental protection rules and regulations, preventing potential environmental risks and fines in the future.<\/p>\t\t\t\t\t\t\t\t<\/div>\n\t\t\t\t<\/div>\n\t\t\t\t<\/div>\n\t\t<div class=\"elementor-element elementor-element-6c3fc36 e-con-full e-transform e-flex e-con e-child\" data-id=\"6c3fc36\" data-element_type=\"container\" data-e-type=\"container\" data-settings=\"{&quot;background_background&quot;:&quot;classic&quot;,&quot;_transform_scale_effect_hover&quot;:{&quot;unit&quot;:&quot;px&quot;,&quot;size&quot;:1.02,&quot;sizes&quot;:[]},&quot;_transform_scale_effect_hover_tablet&quot;:{&quot;unit&quot;:&quot;px&quot;,&quot;size&quot;:&quot;&quot;,&quot;sizes&quot;:[]},&quot;_transform_scale_effect_hover_mobile&quot;:{&quot;unit&quot;:&quot;px&quot;,&quot;size&quot;:&quot;&quot;,&quot;sizes&quot;:[]}}\">\n\t\t<div class=\"elementor-element elementor-element-7c272ae e-con-full e-flex e-con e-child\" data-id=\"7c272ae\" data-element_type=\"container\" data-e-type=\"container\">\n\t\t\t\t<div class=\"elementor-element elementor-element-adcbbd7 elementor-widget__width-auto service-icon elementor-view-default elementor-widget elementor-widget-icon\" data-id=\"adcbbd7\" data-element_type=\"widget\" data-e-type=\"widget\" data-widget_type=\"icon.default\">\n\t\t\t\t\t\t\t<div class=\"elementor-icon-wrapper\">\n\t\t\t<div class=\"elementor-icon\">\n\t\t\t<i aria-hidden=\"true\" class=\"venam-icons flaticon-done\"><\/i>\t\t\t<\/div>\n\t\t<\/div>\n\t\t\t\t\t\t<\/div>\n\t\t\t\t<\/div>\n\t\t\t\t<div class=\"elementor-element elementor-element-73004f4 elementor-widget__width-inherit text-pakalpojumi elementor-widget elementor-widget-text-editor\" data-id=\"73004f4\" data-element_type=\"widget\" data-e-type=\"widget\" data-widget_type=\"text-editor.default\">\n\t\t\t\t\t\t\t\t\t<p>Responsibility and sustainability<\/p>\t\t\t\t\t\t\t\t<\/div>\n\t\t<div class=\"elementor-element elementor-element-16a9e99 e-con-full e-flex e-con e-child\" data-id=\"16a9e99\" data-element_type=\"container\" data-e-type=\"container\">\n\t\t\t\t<div class=\"elementor-element elementor-element-1866acf text-pakalpojumi elementor-widget elementor-widget-text-editor\" data-id=\"1866acf\" data-element_type=\"widget\" data-e-type=\"widget\" data-widget_type=\"text-editor.default\">\n\t\t\t\t\t\t\t\t\t<p>We will help you not only meet environmental protection requirements, but also promote a positive impact on the environment, creating a greener and more sustainable future.<\/p>\t\t\t\t\t\t\t\t<\/div>\n\t\t\t\t<\/div>\n\t\t\t\t<\/div>\n\t\t<div class=\"elementor-element elementor-element-8c6a590 e-con-full e-transform e-flex e-con e-child\" data-id=\"8c6a590\" data-element_type=\"container\" data-e-type=\"container\" data-settings=\"{&quot;background_background&quot;:&quot;classic&quot;,&quot;_transform_scale_effect_hover&quot;:{&quot;unit&quot;:&quot;px&quot;,&quot;size&quot;:1.02,&quot;sizes&quot;:[]},&quot;_transform_scale_effect_hover_tablet&quot;:{&quot;unit&quot;:&quot;px&quot;,&quot;size&quot;:&quot;&quot;,&quot;sizes&quot;:[]},&quot;_transform_scale_effect_hover_mobile&quot;:{&quot;unit&quot;:&quot;px&quot;,&quot;size&quot;:&quot;&quot;,&quot;sizes&quot;:[]}}\">\n\t\t<div class=\"elementor-element elementor-element-6392e1e e-con-full e-flex e-con e-child\" data-id=\"6392e1e\" data-element_type=\"container\" data-e-type=\"container\">\n\t\t\t\t<div class=\"elementor-element elementor-element-354595b elementor-widget__width-auto service-icon elementor-view-default elementor-widget elementor-widget-icon\" data-id=\"354595b\" data-element_type=\"widget\" data-e-type=\"widget\" data-widget_type=\"icon.default\">\n\t\t\t\t\t\t\t<div class=\"elementor-icon-wrapper\">\n\t\t\t<div class=\"elementor-icon\">\n\t\t\t<svg aria-hidden=\"true\" class=\"e-font-icon-svg e-fas-check\" viewbox=\"0 0 512 512\" xmlns=\"http:\/\/www.w3.org\/2000\/svg\"><path d=\"M173.898 439.404l-166.4-166.4c-9.997-9.997-9.997-26.206 0-36.204l36.203-36.204c9.997-9.998 26.207-9.998 36.204 0L192 312.69 432.095 72.596c9.997-9.997 26.207-9.997 36.204 0l36.203 36.204c9.997 9.997 9.997 26.206 0 36.204l-294.4 294.401c-9.998 9.997-26.207 9.997-36.204-.001z\"><\/path><\/svg>\t\t\t<\/div>\n\t\t<\/div>\n\t\t\t\t\t\t<\/div>\n\t\t\t\t<\/div>\n\t\t\t\t<div class=\"elementor-element elementor-element-4353a62 elementor-widget__width-inherit text-pakalpojumi elementor-widget elementor-widget-text-editor\" data-id=\"4353a62\" data-element_type=\"widget\" data-e-type=\"widget\" data-widget_type=\"text-editor.default\">\n\t\t\t\t\t\t\t\t\t<p>Long-term savings<\/p>\t\t\t\t\t\t\t\t<\/div>\n\t\t<div class=\"elementor-element elementor-element-3415fe8 e-con-full e-flex e-con e-child\" data-id=\"3415fe8\" data-element_type=\"container\" data-e-type=\"container\">\n\t\t\t\t<div class=\"elementor-element elementor-element-b3cdd38 text-pakalpojumi elementor-widget elementor-widget-text-editor\" data-id=\"b3cdd38\" data-element_type=\"widget\" data-e-type=\"widget\" data-widget_type=\"text-editor.default\">\n\t\t\t\t\t\t\t\t\t<p>Our strategies will help your company implement effective environmental management practices, which may lead to significant financial savings in the future.<\/p>\t\t\t\t\t\t\t\t<\/div>\n\t\t\t\t<\/div>\n\t\t\t\t<\/div>\n\t\t\t\t<\/div>\n\t\t\t\t\t<\/div>\n\t\t\t\t<\/div>\n\t\t<div class=\"elementor-element elementor-element-c23d7c1 e-flex e-con-boxed e-con e-parent\" data-id=\"c23d7c1\" data-element_type=\"container\" data-e-type=\"container\" data-settings=\"{&quot;background_background&quot;:&quot;classic&quot;}\">\n\t\t\t\t\t<div class=\"e-con-inner\">\n\t\t\t\t<div class=\"elementor-element elementor-element-b9e1532 elementor-widget__width-initial cta-text elementor-widget elementor-widget-text-editor\" data-id=\"b9e1532\" data-element_type=\"widget\" data-e-type=\"widget\" data-widget_type=\"text-editor.default\">\n\t\t\t\t\t\t\t\t\t<p>Contact us to receive expert consultations and customized environmental protection solutions that will help your company become greener, more efficient, and more environmentally responsible.<\/p>\t\t\t\t\t\t\t\t<\/div>\n\t\t\t\t<div class=\"elementor-element elementor-element-bc89378 elementor-widget__width-initial elementor-widget-tablet__width-initial elementor-widget-mobile__width-initial elementor-align-center elementor-widget elementor-widget-button\" data-id=\"bc89378\" data-element_type=\"widget\" data-e-type=\"widget\" data-widget_type=\"button.default\">\n\t\t\t\t\t\t\t\t\t\t<a class=\"elementor-button elementor-button-link elementor-size-sm\" href=\"https:\/\/labispecialisti.lv\/en\/?page_id=2494\">\n\t\t\t\t\t\t<span class=\"elementor-button-content-wrapper\">\n\t\t\t\t\t\t\t\t\t<span class=\"elementor-button-text\">Contact<\/span>\n\t\t\t\t\t<\/span>\n\t\t\t\t\t<\/a>\n\t\t\t\t\t\t\t\t<\/div>\n\t\t\t\t\t<\/div>\n\t\t\t\t<\/div>\n\t\t\t\t<\/div>","protected":false},"excerpt":{"rendered":"<p>Vides aizsardz\u012bba Uz\u0146\u0113muma ikdienas darb\u012bba vienm\u0113r atst\u0101j nospiedumu uz apk\u0101rt\u0113jo vidi \u2013 s\u0101kot no resursu izmanto\u0161anas l\u012bdz iesp\u0113jamiem pies\u0101r\u0146ojuma riskiem augsn\u0113, gais\u0101 un \u016bde\u0146os. Lai \u0161o ietekmi mazin\u0101tu, nepiecie\u0161ami profesion\u0101li vides aizsardz\u012bbas risin\u0101jumi, kas pal\u012bdz uz\u0146\u0113mumiem iev\u0113rot nacion\u0101los un starptautiskos normat\u012bvus. Atbild\u012bga pieeja videi vienlaikus noz\u012bm\u0113 ar\u012b r\u016bpes par sabiedr\u012bbu un ilgtsp\u0113j\u012bgu n\u0101kotni, k\u0101 ar\u012b&#8230;<\/p>","protected":false},"author":9,"featured_media":0,"parent":0,"menu_order":0,"comment_status":"closed","ping_status":"closed","template":"","meta":{"footnotes":""},"class_list":{"0":"post-6600","1":"page","2":"type-page","3":"status-publish","4":"hentry","5":"nt-post-class","6":"","7":"thumb-none","9":"excerpt-none"},"jetpack_sharing_enabled":true,"_links":{"self":[{"href":"https:\/\/labispecialisti.lv\/en\/wp-json\/wp\/v2\/pages\/6600","targetHints":{"allow":["GET"]}}],"collection":[{"href":"https:\/\/labispecialisti.lv\/en\/wp-json\/wp\/v2\/pages"}],"about":[{"href":"https:\/\/labispecialisti.lv\/en\/wp-json\/wp\/v2\/types\/page"}],"author":[{"embeddable":true,"href":"https:\/\/labispecialisti.lv\/en\/wp-json\/wp\/v2\/users\/9"}],"replies":[{"embeddable":true,"href":"https:\/\/labispecialisti.lv\/en\/wp-json\/wp\/v2\/comments?post=6600"}],"version-history":[{"count":5,"href":"https:\/\/labispecialisti.lv\/en\/wp-json\/wp\/v2\/pages\/6600\/revisions"}],"predecessor-version":[{"id":6984,"href":"https:\/\/labispecialisti.lv\/en\/wp-json\/wp\/v2\/pages\/6600\/revisions\/6984"}],"wp:attachment":[{"href":"https:\/\/labispecialisti.lv\/en\/wp-json\/wp\/v2\/media?parent=6600"}],"curies":[{"name":"wp","href":"https:\/\/api.w.org\/{rel}","templated":true}]}}